{"id":80475,"date":"2026-01-26T17:56:44","date_gmt":"2026-01-26T17:56:44","guid":{"rendered":"https:\/\/modesthanim.com\/product\/bohem-kirisik-sifon-etek\/"},"modified":"2026-04-02T04:52:08","modified_gmt":"2026-04-02T04:52:08","slug":"bohem-kirisik-sifon-etek","status":"publish","type":"product","link":"http:\/\/mod.wisdar.net\/tr\/urun\/bohem-kirisik-sifon-etek\/","title":{"rendered":"Bohem K\u0131r\u0131\u015f\u0131k \u015eifon Etek"},"content":{"rendered":"<p>Bu bohem k\u0131r\u0131\u015f\u0131k \u015fifon etek, %100 polyesterden \u00fcretilmi\u015f olup k\u0131r\u0131\u015f\u0131k dokusunun kal\u0131c\u0131l\u0131\u011f\u0131n\u0131 ve \u015feklini korumak i\u00e7in tasarlanm\u0131\u015ft\u0131r. Polyester kuma\u015f, k\u0131r\u0131\u015f\u0131k etkisini kolayca tutmas\u0131n\u0131 ve uzun s\u00fcre dayanmas\u0131n\u0131 sa\u011flarken, \u015fifonun hafif yap\u0131s\u0131n\u0131 destekleyerek ete\u011fin ak\u0131c\u0131 ve drapeli sil\u00fcetini \u00f6ne \u00e7\u0131kar\u0131r. Bu yap\u0131 sayesinde model hem estetik \u00e7ekicili\u011fini hem de ay\u0131rt edici dokusunu uzun s\u00fcreli kullan\u0131m i\u00e7in korur.<\/p>\n<p>Bohem tarz\u0131ndan ilham alan bu etek, k\u0131r\u0131\u015f\u0131k dokusu ve hafif \u015fifon hissiyle kad\u0131ns\u0131 ve do\u011fal bir sil\u00fcet sunar. Ak\u0131c\u0131 formu hareketle daha belirgin hale gelerek zarif bir hareket duygusu katar. G\u00fcnl\u00fck g\u00f6r\u00fcn\u00fcmler i\u00e7in zahmetsizce \u015fekillendirilebilir veya romantik ve benzersiz k\u0131yafetler i\u00e7in ideal bir tamamlay\u0131c\u0131 olarak kullan\u0131labilir.<\/p>\n<p>Bak\u0131m talimatlar\u0131: 30\u00b0C&#8217;de hassas y\u0131kama. A\u011fart\u0131c\u0131 kullanmay\u0131n. D\u00fc\u015f\u00fck s\u0131cakl\u0131kta \u00fct\u00fcleyin.<\/p>\n<p>Uzunluk: 98 cm (\u00dcr\u00fcn uzunlu\u011fu \u00fcretim partileri aras\u0131nda 1-3 cm de\u011fi\u015fiklik g\u00f6sterebilir.)<\/p>\n<p>Beden Tablosu:<br \/>\nBel<\/p>\n<p>Beden 36: 66 cm<\/p>\n<p>Beden 38: 70 cm<\/p>\n<p>Beden 40: 74 cm<\/p>\n<p>Beden 42: 78 cm<\/p>\n<p>Modelin \u00d6l\u00e7\u00fcleri: Boy: 174 cm G\u00f6\u011f\u00fcs: 83 cm Bel: 62 cm Kal\u00e7a: 92 cm Modelin Giydi\u011fi Beden: 36<\/p>\n","protected":false},"excerpt":{"rendered":"<p>Bu bohem k\u0131r\u0131\u015f\u0131k \u015fifon etek, %100 polyesterden \u00fcretilmi\u015f olup k\u0131r\u0131\u015f\u0131k dokusunun kal\u0131c\u0131l\u0131\u011f\u0131n\u0131 ve \u015feklini korumak i\u00e7in tasarlanm\u0131\u015ft\u0131r. Polyester kuma\u015f, k\u0131r\u0131\u015f\u0131k etkisini kolayca tutmas\u0131n\u0131 ve uzun s\u00fcre dayanmas\u0131n\u0131 sa\u011flarken, \u015fifonun hafif yap\u0131s\u0131n\u0131 destekleyerek ete\u011fin ak\u0131c\u0131 ve drapeli sil\u00fcetini \u00f6ne \u00e7\u0131kar\u0131r. Bu yap\u0131 sayesinde model hem estetik \u00e7ekicili\u011fini hem de ay\u0131rt edici dokusunu uzun s\u00fcreli kullan\u0131m i\u00e7in [&hellip;]<\/p>\n","protected":false},"featured_media":80461,"comment_status":"open","ping_status":"closed","template":"","meta":[],"product_brand":[],"product_cat":[1969],"product_tag":[],"class_list":{"0":"post-80475","1":"product","2":"type-product","3":"status-publish","4":"has-post-thumbnail","6":"product_cat-etekler","7":"pa_brand-he-qa","8":"pa_color-kahve","9":"pa_size-4701","10":"pa_size-4706","11":"pa_size-4711","12":"pa_size-4713","14":"first","15":"instock","16":"shipping-taxable","17":"purchasable","18":"product-type-variable"},"_links":{"self":[{"href":"http:\/\/mod.wisdar.net\/tr\/wp-json\/wp\/v2\/product\/80475","targetHints":{"allow":["GET"]}}],"collection":[{"href":"http:\/\/mod.wisdar.net\/tr\/wp-json\/wp\/v2\/product"}],"about":[{"href":"http:\/\/mod.wisdar.net\/tr\/wp-json\/wp\/v2\/types\/product"}],"replies":[{"embeddable":true,"href":"http:\/\/mod.wisdar.net\/tr\/wp-json\/wp\/v2\/comments?post=80475"}],"wp:featuredmedia":[{"embeddable":true,"href":"http:\/\/mod.wisdar.net\/tr\/wp-json\/wp\/v2\/media\/80461"}],"wp:attachment":[{"href":"http:\/\/mod.wisdar.net\/tr\/wp-json\/wp\/v2\/media?parent=80475"}],"wp:term":[{"taxonomy":"product_brand","embeddable":true,"href":"http:\/\/mod.wisdar.net\/tr\/wp-json\/wp\/v2\/product_brand?post=80475"},{"taxonomy":"product_cat","embeddable":true,"href":"http:\/\/mod.wisdar.net\/tr\/wp-json\/wp\/v2\/product_cat?post=80475"},{"taxonomy":"product_tag","embeddable":true,"href":"http:\/\/mod.wisdar.net\/tr\/wp-json\/wp\/v2\/product_tag?post=80475"}],"curies":[{"name":"wp","href":"https:\/\/api.w.org\/{rel}","templated":true}]}}