{"id":85539,"date":"2026-02-01T13:31:39","date_gmt":"2026-02-01T13:31:39","guid":{"rendered":"https:\/\/modesthanim.com\/product\/siyah-kapusonlu-kapitone-kadin-sisme-yelek\/"},"modified":"2026-03-08T08:18:40","modified_gmt":"2026-03-08T08:18:40","slug":"siyah-kapusonlu-kapitone-kadin-sisme-yelek","status":"publish","type":"product","link":"http:\/\/mod.wisdar.net\/tr\/urun\/siyah-kapusonlu-kapitone-kadin-sisme-yelek\/","title":{"rendered":"Siyah Kap\u00fc\u015fonlu Kapitone Kad\u0131n \u015ei\u015fme Yelek"},"content":{"rendered":"<p>LCWAIKIKI Classic Siyah Kap\u00fc\u015fonlu Kapitone Kad\u0131n \u015ei\u015fme Yelek size \u00f6zel indirim, taksit ve kap\u0131da \u00f6deme avantajlar\u0131yla LCW&#8217;de! Hemen online al\u0131\u015fveri\u015f yap, \u00fcr\u00fcn kap\u0131na gelsin! \u2013 W53252Z8-CVL<\/p>\n<p>\u2014 Technical Details \u2014<br \/>\nMen\u015fei: Myanmar<br \/>\nSat\u0131c\u0131: LC Waikiki<br \/>\nMarka: LCWAIKIKI Classic<br \/>\n\u00dcr\u00fcn Tipi: \u015ei\u015fme Yelek<br \/>\nCinsiyet: Kad\u0131n<br \/>\nAstar Detay: Polyester<br \/>\nDesen: Kapitone<br \/>\nFonksiyonel \u00d6zellik: Su \u0130tici<br \/>\nKal\u0131nl\u0131k: Orta Kal\u0131nl\u0131k<br \/>\nKol Boyu: Kolsuz<br \/>\nYaka: Kap\u00fc\u015fonlu<br \/>\nUzunluk: Uzun<br \/>\nKal\u0131p: Standart &amp; Regular<br \/>\nV\u00fccut Tipi: B\u00fcy\u00fck Beden<\/p>\n","protected":false},"excerpt":{"rendered":"<p>LCWAIKIKI Classic Siyah Kap\u00fc\u015fonlu Kapitone Kad\u0131n \u015ei\u015fme Yelek size \u00f6zel indirim, taksit ve kap\u0131da \u00f6deme avantajlar\u0131yla LCW&#8217;de! Hemen online al\u0131\u015fveri\u015f yap, \u00fcr\u00fcn kap\u0131na gelsin! \u2013 W53252Z8-CVL \u2014 Technical Details \u2014 Men\u015fei: Myanmar Sat\u0131c\u0131: LC Waikiki Marka: LCWAIKIKI Classic \u00dcr\u00fcn Tipi: \u015ei\u015fme Yelek Cinsiyet: Kad\u0131n Astar Detay: Polyester Desen: Kapitone Fonksiyonel \u00d6zellik: Su \u0130tici Kal\u0131nl\u0131k: Orta [&hellip;]<\/p>\n","protected":false},"featured_media":85522,"comment_status":"open","ping_status":"closed","template":"","meta":[],"product_brand":[],"product_cat":[2053],"product_tag":[],"class_list":{"0":"post-85539","1":"product","2":"type-product","3":"status-publish","4":"has-post-thumbnail","6":"product_cat-yelekler-yelekler","7":"pa_brand-lcwaikiki-classic","8":"pa_color-siyah","9":"pa_size-4706","10":"pa_size-4711","11":"pa_size-4713","12":"pa_size-4751","13":"pa_size-4749","15":"first","16":"outofstock","17":"shipping-taxable","18":"product-type-variable"},"_links":{"self":[{"href":"http:\/\/mod.wisdar.net\/tr\/wp-json\/wp\/v2\/product\/85539","targetHints":{"allow":["GET"]}}],"collection":[{"href":"http:\/\/mod.wisdar.net\/tr\/wp-json\/wp\/v2\/product"}],"about":[{"href":"http:\/\/mod.wisdar.net\/tr\/wp-json\/wp\/v2\/types\/product"}],"replies":[{"embeddable":true,"href":"http:\/\/mod.wisdar.net\/tr\/wp-json\/wp\/v2\/comments?post=85539"}],"wp:featuredmedia":[{"embeddable":true,"href":"http:\/\/mod.wisdar.net\/tr\/wp-json\/wp\/v2\/media\/85522"}],"wp:attachment":[{"href":"http:\/\/mod.wisdar.net\/tr\/wp-json\/wp\/v2\/media?parent=85539"}],"wp:term":[{"taxonomy":"product_brand","embeddable":true,"href":"http:\/\/mod.wisdar.net\/tr\/wp-json\/wp\/v2\/product_brand?post=85539"},{"taxonomy":"product_cat","embeddable":true,"href":"http:\/\/mod.wisdar.net\/tr\/wp-json\/wp\/v2\/product_cat?post=85539"},{"taxonomy":"product_tag","embeddable":true,"href":"http:\/\/mod.wisdar.net\/tr\/wp-json\/wp\/v2\/product_tag?post=85539"}],"curies":[{"name":"wp","href":"https:\/\/api.w.org\/{rel}","templated":true}]}}