{"id":90345,"date":"2026-02-02T10:27:42","date_gmt":"2026-02-02T10:27:42","guid":{"rendered":"https:\/\/modesthanim.com\/product\/aroa-baglamali-kase-ceket-lacivert\/"},"modified":"2026-04-02T01:40:51","modified_gmt":"2026-04-02T01:40:51","slug":"aroa-baglamali-kase-ceket-lacivert","status":"publish","type":"product","link":"http:\/\/mod.wisdar.net\/tr\/urun\/aroa-baglamali-kase-ceket-lacivert\/","title":{"rendered":"AROA BA\u011eLAMALI KA\u015eE CEKET LAC\u0130VERT"},"content":{"rendered":"<p>Fit kal\u0131p, V yaka, uzun kol, bele oturan, cepli, kulplu, ku\u015fakl\u0131, ara boy, br\u0131t kapamal\u0131.<\/p>\n<p>Ana Kuma\u015f: %80 Akrilik, %10 Polyester, %5 Viskon, %5 Di\u011fer Lifler<br \/>\nAstar: %100 Polyester<\/p>\n<p>D\u00fc\u015f\u00fck s\u0131cakl\u0131kta \u00fct\u00fcleyiniz.<br \/>\nA\u011fart\u0131c\u0131 kullanmay\u0131n\u0131z.<br \/>\nYaln\u0131zca kuru temizleme.<br \/>\nTamburlu kurutma yapmay\u0131n\u0131z.<\/p>\n","protected":false},"excerpt":{"rendered":"<p>Fit kal\u0131p, V yaka, uzun kol, bele oturan, cepli, kulplu, ku\u015fakl\u0131, ara boy, br\u0131t kapamal\u0131. Ana Kuma\u015f: %80 Akrilik, %10 Polyester, %5 Viskon, %5 Di\u011fer Lifler Astar: %100 Polyester D\u00fc\u015f\u00fck s\u0131cakl\u0131kta \u00fct\u00fcleyiniz. A\u011fart\u0131c\u0131 kullanmay\u0131n\u0131z. Yaln\u0131zca kuru temizleme. Tamburlu kurutma yapmay\u0131n\u0131z.<\/p>\n","protected":false},"featured_media":90339,"comment_status":"open","ping_status":"closed","template":"","meta":[],"product_brand":[],"product_cat":[2044],"product_tag":[],"class_list":{"0":"post-90345","1":"product","2":"type-product","3":"status-publish","4":"has-post-thumbnail","6":"product_cat-ceketler","7":"pa_brand-manuka","8":"pa_color-lacivert","9":"pa_size-l","10":"pa_size-m","11":"pa_size-s","13":"first","14":"instock","15":"sale","16":"shipping-taxable","17":"purchasable","18":"product-type-variable"},"_links":{"self":[{"href":"http:\/\/mod.wisdar.net\/tr\/wp-json\/wp\/v2\/product\/90345","targetHints":{"allow":["GET"]}}],"collection":[{"href":"http:\/\/mod.wisdar.net\/tr\/wp-json\/wp\/v2\/product"}],"about":[{"href":"http:\/\/mod.wisdar.net\/tr\/wp-json\/wp\/v2\/types\/product"}],"replies":[{"embeddable":true,"href":"http:\/\/mod.wisdar.net\/tr\/wp-json\/wp\/v2\/comments?post=90345"}],"wp:featuredmedia":[{"embeddable":true,"href":"http:\/\/mod.wisdar.net\/tr\/wp-json\/wp\/v2\/media\/90339"}],"wp:attachment":[{"href":"http:\/\/mod.wisdar.net\/tr\/wp-json\/wp\/v2\/media?parent=90345"}],"wp:term":[{"taxonomy":"product_brand","embeddable":true,"href":"http:\/\/mod.wisdar.net\/tr\/wp-json\/wp\/v2\/product_brand?post=90345"},{"taxonomy":"product_cat","embeddable":true,"href":"http:\/\/mod.wisdar.net\/tr\/wp-json\/wp\/v2\/product_cat?post=90345"},{"taxonomy":"product_tag","embeddable":true,"href":"http:\/\/mod.wisdar.net\/tr\/wp-json\/wp\/v2\/product_tag?post=90345"}],"curies":[{"name":"wp","href":"https:\/\/api.w.org\/{rel}","templated":true}]}}