{"id":91050,"date":"2026-02-02T20:45:32","date_gmt":"2026-02-02T20:45:32","guid":{"rendered":"https:\/\/modesthanim.com\/product\/sirt-detayli-giy-cik-lacivert\/"},"modified":"2026-03-21T06:50:54","modified_gmt":"2026-03-21T06:50:54","slug":"sirt-detayli-giy-cik-lacivert","status":"publish","type":"product","link":"http:\/\/mod.wisdar.net\/tr\/urun\/sirt-detayli-giy-cik-lacivert\/","title":{"rendered":"S\u0131rt Detayl\u0131 Giy-\u00c7\u0131k \u2013 Lacivert"},"content":{"rendered":"<p>Arka k\u0131sm\u0131ndaki zarif detayla hareket kazanan bu giy-\u00e7\u0131k, sade tasar\u0131m\u0131yla g\u00fcnl\u00fck \u015f\u0131kl\u0131\u011f\u0131 tamamlar. Hafif dokusuyla mevsim ge\u00e7i\u015flerinde ideal bir par\u00e7ad\u0131r.<\/p>\n<p>Kuma\u015f \u0130\u00e7eri\u011fi: %97 Pamuklu, %3 Elastan<br \/>\nDesen: D\u00fcz<br \/>\nYaka Tipi: Bisiklet Yaka<br \/>\nKol Tipi: D\u00fc\u015f\u00fck Kol<br \/>\nCep: Gizli Cep<br \/>\nAstar: Astars\u0131z<br \/>\n\u00dcr\u00fcn Boyu: 120 cm<br \/>\nKal\u0131p Tipi: Normal Kal\u0131p<br \/>\nMankenin Giydi\u011fi Beden: 38<br \/>\nManken \u00d6l\u00e7\u00fcleri:<br \/>\nBoy: 176 cm<br \/>\nG\u00f6\u011f\u00fcs: 80 cm<br \/>\nBel: 60 cm<br \/>\nBasen: 90 cm<\/p>\n<p>\u2014 Technical Details \u2014<br \/>\nDesen: D\u00fcz<br \/>\nYaka Tipi: Bisiklet Yaka<br \/>\nKol Tipi: D\u00fc\u015f\u00fck Kol<br \/>\nCep: Gizli Cep<br \/>\nAstar: Astars\u0131z<br \/>\n\u00dcr\u00fcn Boyu: 120 cm<br \/>\nKal\u0131p Tipi: Normal Kal\u0131p<br \/>\nMankenin Giydi\u011fi Beden: 38<br \/>\nManken \u00d6l\u00e7\u00fcleri: Boy: 176 cm, G\u00f6\u011f\u00fcs: 80 cm, Bel: 60 cm, Basen: 90 cm<\/p>\n","protected":false},"excerpt":{"rendered":"<p>Arka k\u0131sm\u0131ndaki zarif detayla hareket kazanan bu giy-\u00e7\u0131k, sade tasar\u0131m\u0131yla g\u00fcnl\u00fck \u015f\u0131kl\u0131\u011f\u0131 tamamlar. Hafif dokusuyla mevsim ge\u00e7i\u015flerinde ideal bir par\u00e7ad\u0131r. Kuma\u015f \u0130\u00e7eri\u011fi: %97 Pamuklu, %3 Elastan Desen: D\u00fcz Yaka Tipi: Bisiklet Yaka Kol Tipi: D\u00fc\u015f\u00fck Kol Cep: Gizli Cep Astar: Astars\u0131z \u00dcr\u00fcn Boyu: 120 cm Kal\u0131p Tipi: Normal Kal\u0131p Mankenin Giydi\u011fi Beden: 38 Manken \u00d6l\u00e7\u00fcleri: [&hellip;]<\/p>\n","protected":false},"featured_media":91039,"comment_status":"open","ping_status":"closed","template":"","meta":[],"product_brand":[],"product_cat":[2050],"product_tag":[8110,8303,6770,6766,8306,7238,7447,7488,8308],"class_list":{"0":"post-91050","1":"product","2":"type-product","3":"status-publish","4":"has-post-thumbnail","6":"product_cat-blazer-ceketler","7":"product_tag-bisiklet-yaka-2","8":"product_tag-dusuk-omuz","9":"product_tag-gunluk-giyim","10":"product_tag-hafif","11":"product_tag-kazak","12":"product_tag-lacivert","13":"product_tag-mevsim-gecisi","14":"product_tag-pamuk","15":"product_tag-sirt-detayli","16":"pa_color-lacivert","17":"pa_size-4706","18":"pa_size-4711","19":"pa_size-4713","20":"pa_size-4751","22":"first","23":"instock","24":"sale","25":"shipping-taxable","26":"purchasable","27":"product-type-variable"},"_links":{"self":[{"href":"http:\/\/mod.wisdar.net\/tr\/wp-json\/wp\/v2\/product\/91050","targetHints":{"allow":["GET"]}}],"collection":[{"href":"http:\/\/mod.wisdar.net\/tr\/wp-json\/wp\/v2\/product"}],"about":[{"href":"http:\/\/mod.wisdar.net\/tr\/wp-json\/wp\/v2\/types\/product"}],"replies":[{"embeddable":true,"href":"http:\/\/mod.wisdar.net\/tr\/wp-json\/wp\/v2\/comments?post=91050"}],"wp:featuredmedia":[{"embeddable":true,"href":"http:\/\/mod.wisdar.net\/tr\/wp-json\/wp\/v2\/media\/91039"}],"wp:attachment":[{"href":"http:\/\/mod.wisdar.net\/tr\/wp-json\/wp\/v2\/media?parent=91050"}],"wp:term":[{"taxonomy":"product_brand","embeddable":true,"href":"http:\/\/mod.wisdar.net\/tr\/wp-json\/wp\/v2\/product_brand?post=91050"},{"taxonomy":"product_cat","embeddable":true,"href":"http:\/\/mod.wisdar.net\/tr\/wp-json\/wp\/v2\/product_cat?post=91050"},{"taxonomy":"product_tag","embeddable":true,"href":"http:\/\/mod.wisdar.net\/tr\/wp-json\/wp\/v2\/product_tag?post=91050"}],"curies":[{"name":"wp","href":"https:\/\/api.w.org\/{rel}","templated":true}]}}