{"id":92175,"date":"2026-02-03T18:42:37","date_gmt":"2026-02-03T18:42:37","guid":{"rendered":"https:\/\/modesthanim.com\/product\/d-toka-detayli-uzun-kahve-elbise-2\/"},"modified":"2026-04-02T00:30:41","modified_gmt":"2026-04-02T00:30:41","slug":"d-toka-detayli-uzun-kahve-elbise-2","status":"publish","type":"product","link":"http:\/\/mod.wisdar.net\/tr\/urun\/d-toka-detayli-uzun-kahve-elbise-2\/","title":{"rendered":"D Toka Detayl\u0131 Uzun Kahve Elbise"},"content":{"rendered":"<p>D TOKA DETAYLI UZUN KAHVE ELB\u0130SE \u00d6ZELL\u0130KLER\u0130S\u0131f\u0131r yaka, arkadan fermuarl\u0131, yanlardan d toka aksesuarl\u0131, tam kal\u0131p, i\u00e7 belli etmeyen, astars\u0131z d toka detayl\u0131 uzun elbise.\u0130\u00c7ER\u0130\u011e\u0130 VE YIKANMASI%100 Pes30 derecede k\u0131sa programda makinede y\u0131kay\u0131n\u0131z, hassas y\u0131kama yap\u0131n\u0131z. Tersten y\u0131kay\u0131n\u0131z. A\u011fart\u0131c\u0131 kullanmay\u0131n\u0131z. D\u00fc\u015f\u00fck \u0131s\u0131da \u00fct\u00fcleyiniz.El ile \u00f6l\u00e7\u00fcmlerde 2-3 cm farkl\u0131l\u0131k g\u00f6sterebilir.Manken Bedeni: SManken \u00d6l\u00e7\u00fcs\u00fc: Boy: 1.71 cm, G\u00f6\u011f\u00fcs: 82 cm, Bel: 62 cm, Basen: 86 cm<\/p>\n","protected":false},"excerpt":{"rendered":"<p>D TOKA DETAYLI UZUN KAHVE ELB\u0130SE \u00d6ZELL\u0130KLER\u0130S\u0131f\u0131r yaka, arkadan fermuarl\u0131, yanlardan d toka aksesuarl\u0131, tam kal\u0131p, i\u00e7 belli etmeyen, astars\u0131z d toka detayl\u0131 uzun elbise.\u0130\u00c7ER\u0130\u011e\u0130 VE YIKANMASI%100 Pes30 derecede k\u0131sa programda makinede y\u0131kay\u0131n\u0131z, hassas y\u0131kama yap\u0131n\u0131z. Tersten y\u0131kay\u0131n\u0131z. A\u011fart\u0131c\u0131 kullanmay\u0131n\u0131z. D\u00fc\u015f\u00fck \u0131s\u0131da \u00fct\u00fcleyiniz.El ile \u00f6l\u00e7\u00fcmlerde 2-3 cm farkl\u0131l\u0131k g\u00f6sterebilir.Manken Bedeni: SManken \u00d6l\u00e7\u00fcs\u00fc: Boy: 1.71 cm, [&hellip;]<\/p>\n","protected":false},"featured_media":0,"comment_status":"open","ping_status":"closed","template":"","meta":[],"product_brand":[],"product_cat":[6249,1933],"product_tag":[8410,8408,6744,6746,6750,8409],"class_list":{"0":"post-92175","1":"product","2":"type-product","3":"status-publish","5":"product_cat-elbiseler","6":"product_cat-gunluk-ve-gunduz-elbiseleri","7":"product_tag-d-toka","8":"product_tag-detayli-tasarim","9":"product_tag-kadin-modasi","10":"product_tag-kahve-elbise","11":"product_tag-polyester-elbise","12":"product_tag-uzun-elbise","13":"pa_brand-hooopstore","14":"pa_color-kahve","15":"pa_size-large","16":"pa_size-medium","17":"pa_size-small","18":"pa_size-xlarge","20":"first","21":"instock","22":"sale","23":"shipping-taxable","24":"purchasable","25":"product-type-variable"},"_links":{"self":[{"href":"http:\/\/mod.wisdar.net\/tr\/wp-json\/wp\/v2\/product\/92175","targetHints":{"allow":["GET"]}}],"collection":[{"href":"http:\/\/mod.wisdar.net\/tr\/wp-json\/wp\/v2\/product"}],"about":[{"href":"http:\/\/mod.wisdar.net\/tr\/wp-json\/wp\/v2\/types\/product"}],"replies":[{"embeddable":true,"href":"http:\/\/mod.wisdar.net\/tr\/wp-json\/wp\/v2\/comments?post=92175"}],"wp:attachment":[{"href":"http:\/\/mod.wisdar.net\/tr\/wp-json\/wp\/v2\/media?parent=92175"}],"wp:term":[{"taxonomy":"product_brand","embeddable":true,"href":"http:\/\/mod.wisdar.net\/tr\/wp-json\/wp\/v2\/product_brand?post=92175"},{"taxonomy":"product_cat","embeddable":true,"href":"http:\/\/mod.wisdar.net\/tr\/wp-json\/wp\/v2\/product_cat?post=92175"},{"taxonomy":"product_tag","embeddable":true,"href":"http:\/\/mod.wisdar.net\/tr\/wp-json\/wp\/v2\/product_tag?post=92175"}],"curies":[{"name":"wp","href":"https:\/\/api.w.org\/{rel}","templated":true}]}}