{"id":95261,"date":"2026-02-07T20:09:07","date_gmt":"2026-02-07T20:09:07","guid":{"rendered":"https:\/\/modesthanim.com\/product\/puskullu-uzun-yarasa-kollu-floral-desenli-transparan-tul-panco\/"},"modified":"2026-04-12T23:22:17","modified_gmt":"2026-04-12T23:22:17","slug":"puskullu-uzun-yarasa-kollu-floral-desenli-transparan-tul-panco","status":"publish","type":"product","link":"http:\/\/mod.wisdar.net\/tr\/urun\/puskullu-uzun-yarasa-kollu-floral-desenli-transparan-tul-panco\/","title":{"rendered":"P\u00fcsk\u00fcll\u00fc Uzun Yarasa Kollu Floral Desenli Transparan T\u00fcl Pan\u00e7o"},"content":{"rendered":"<p>P\u00fcsk\u00fcll\u00fc t\u00fcl pan\u00e7o, feminen ve zarif bir stil sunuyor, kombinlerinizde farkl\u0131 stiller denemenize imkan veriyor. \u015eal yaka tasar\u0131m\u0131 ve uzun yarasa kollar\u0131 ile dikkat \u00e7eken pan\u00e7o, floral desenleriyle trend bir stil yarat\u0131yor. Rahat kesimi sayesinde rahat bir kullan\u0131m sunarken uzun boyu ile dolab\u0131n\u0131z\u0131n vazge\u00e7ilmezleri aras\u0131nda yer alacak! Stil \u00d6nerisi P\u00fcsk\u00fcll\u00fc t\u00fcl pan\u00e7o, mini elbiseler ve palazzo pantolonlar ile e\u015fsiz kombinler yaratabilir. \u0130nce topuklu ayakkab\u0131lar ve minimal tak\u0131larla gece davetlerinde de kullanabilirsiniz. \u0130lkbahar ve sonbahar aylar\u0131nda tren\u00e7kotlar veya deri ceketlerle kullanarak stilinizi tamamlayabilirsiniz. \u00dcr\u00fcn \u00d6zellikleri Kol Tipi: Uzun Kol Yaka Tipi: \u015eal Yaka Detay: P\u00fcsk\u00fcll\u00fc Fit: Relax Kullan\u0131m Alan\u0131: G\u00fcnl\u00fck Giyim, \u00d6zel G\u00fcnler \u015e\u0131k ve zarif pan\u00e7o modeli ile fark yarat\u0131n! Koton&#8217;un trend tasar\u0131mlar\u0131n\u0131 \u015fimdi ke\u015ffedin!<\/p>\n<p>\u2014 Technical Details \u2014<br \/>\nModel \u00d6l\u00e7\u00fcleri: Boy: 176 \/ Bel: 64 \/ G\u00f6\u011f\u00fcs: 76 \/ Kal\u00e7a: 90<br \/>\nModel Bedeni: Jean: 27\/32 \/ Modelin Bedeni: S<br \/>\nKuma\u015f: %8 ELASTAN, %21 POL\u0130AM\u0130D, %71 POL\u0130ESTER<br \/>\nKol Boyu: Uzun Kol<br \/>\nKol Tipi: Yarasa Kol<br \/>\nYaka Tipi: \u015eal Yaka<br \/>\nAstar: %10 ELASTAN, %90 POL\u0130ESTER<br \/>\nSil\u00fcet: Boxy<br \/>\n\u00dcr\u00fcn Tipi \/ Stil: Boxy<br \/>\nAlt Marka: City fashion<\/p>\n","protected":false},"excerpt":{"rendered":"<p>P\u00fcsk\u00fcll\u00fc t\u00fcl pan\u00e7o, feminen ve zarif bir stil sunuyor, kombinlerinizde farkl\u0131 stiller denemenize imkan veriyor. \u015eal yaka tasar\u0131m\u0131 ve uzun yarasa kollar\u0131 ile dikkat \u00e7eken pan\u00e7o, floral desenleriyle trend bir stil yarat\u0131yor. Rahat kesimi sayesinde rahat bir kullan\u0131m sunarken uzun boyu ile dolab\u0131n\u0131z\u0131n vazge\u00e7ilmezleri aras\u0131nda yer alacak! Stil \u00d6nerisi P\u00fcsk\u00fcll\u00fc t\u00fcl pan\u00e7o, mini elbiseler ve [&hellip;]<\/p>\n","protected":false},"featured_media":95250,"comment_status":"open","ping_status":"closed","template":"","meta":[],"product_brand":[],"product_cat":[2050],"product_tag":[5012,6772,8285,8105],"class_list":{"0":"post-95261","1":"product","2":"type-product","3":"status-publish","4":"has-post-thumbnail","6":"product_cat-blazer-ceketler","7":"product_tag-elegant","8":"product_tag-ozel-gun","9":"product_tag-sal-yaka","10":"product_tag-trend","11":"pa_brand-koton","12":"pa_color-kahverengi-desenli","13":"pa_size-l-xl-2","14":"pa_size-s-m","16":"first","17":"instock","18":"sale","19":"shipping-taxable","20":"purchasable","21":"product-type-variable"},"_links":{"self":[{"href":"http:\/\/mod.wisdar.net\/tr\/wp-json\/wp\/v2\/product\/95261","targetHints":{"allow":["GET"]}}],"collection":[{"href":"http:\/\/mod.wisdar.net\/tr\/wp-json\/wp\/v2\/product"}],"about":[{"href":"http:\/\/mod.wisdar.net\/tr\/wp-json\/wp\/v2\/types\/product"}],"replies":[{"embeddable":true,"href":"http:\/\/mod.wisdar.net\/tr\/wp-json\/wp\/v2\/comments?post=95261"}],"wp:featuredmedia":[{"embeddable":true,"href":"http:\/\/mod.wisdar.net\/tr\/wp-json\/wp\/v2\/media\/95250"}],"wp:attachment":[{"href":"http:\/\/mod.wisdar.net\/tr\/wp-json\/wp\/v2\/media?parent=95261"}],"wp:term":[{"taxonomy":"product_brand","embeddable":true,"href":"http:\/\/mod.wisdar.net\/tr\/wp-json\/wp\/v2\/product_brand?post=95261"},{"taxonomy":"product_cat","embeddable":true,"href":"http:\/\/mod.wisdar.net\/tr\/wp-json\/wp\/v2\/product_cat?post=95261"},{"taxonomy":"product_tag","embeddable":true,"href":"http:\/\/mod.wisdar.net\/tr\/wp-json\/wp\/v2\/product_tag?post=95261"}],"curies":[{"name":"wp","href":"https:\/\/api.w.org\/{rel}","templated":true}]}}