{"id":96711,"date":"2026-02-10T19:27:10","date_gmt":"2026-02-10T19:27:10","guid":{"rendered":"https:\/\/modesthanim.com\/product\/omuz-volanli-dantel-tul-elbise-kahve\/"},"modified":"2026-02-13T18:47:51","modified_gmt":"2026-02-13T18:47:51","slug":"omuz-volanli-dantel-tul-elbise-kahve","status":"publish","type":"product","link":"http:\/\/mod.wisdar.net\/tr\/urun\/omuz-volanli-dantel-tul-elbise-kahve\/","title":{"rendered":"Omuz Volanl\u0131 Dantel T\u00fcl Elbise \u2013 Kahve"},"content":{"rendered":"<p>\u00dcr\u00fcn A\u00e7\u0131klamas\u0131<\/p>\n<p>Zarif dantel dokusu ve feminen sil\u00fcetiyle \u00f6ne \u00e7\u0131kan bu uzun elbise, \u00f6zel davetlerden \u015f\u0131k ak\u015fam kombinlerine kadar zamans\u0131z bir \u015f\u0131kl\u0131k sunar. Bel k\u0131sm\u0131ndaki kemer detay\u0131 v\u00fccut formunu nazik\u00e7e vurgularken, d\u00f6k\u00fcml\u00fc yap\u0131s\u0131 g\u00fcn boyu konfor sa\u011flar.<\/p>\n<p>Manken Bilgileri:<\/p>\n<p>Boy: 177 cm<br \/>\nKilo: 53 kg<br \/>\n\u00c7ekimde kullan\u0131lan beden: 36<\/p>\n<p>Bak\u0131m Talimat\u0131:<\/p>\n<p>30\u00b0C\u2019de hassas y\u0131kama<br \/>\nTers \u00e7evirerek y\u0131kay\u0131n\u0131z<br \/>\nSererek kurutunuz<br \/>\nA\u011fart\u0131c\u0131 kullanmay\u0131n\u0131z<br \/>\nD\u00fc\u015f\u00fck \u0131s\u0131da \u00fct\u00fcleyiniz<\/p>\n","protected":false},"excerpt":{"rendered":"<p>\u00dcr\u00fcn A\u00e7\u0131klamas\u0131 Zarif dantel dokusu ve feminen sil\u00fcetiyle \u00f6ne \u00e7\u0131kan bu uzun elbise, \u00f6zel davetlerden \u015f\u0131k ak\u015fam kombinlerine kadar zamans\u0131z bir \u015f\u0131kl\u0131k sunar. Bel k\u0131sm\u0131ndaki kemer detay\u0131 v\u00fccut formunu nazik\u00e7e vurgularken, d\u00f6k\u00fcml\u00fc yap\u0131s\u0131 g\u00fcn boyu konfor sa\u011flar. Manken Bilgileri: Boy: 177 cm Kilo: 53 kg \u00c7ekimde kullan\u0131lan beden: 36 Bak\u0131m Talimat\u0131: 30\u00b0C\u2019de hassas y\u0131kama Ters [&hellip;]<\/p>\n","protected":false},"featured_media":96697,"comment_status":"open","ping_status":"closed","template":"","meta":[],"product_brand":[],"product_cat":[6249,1933],"product_tag":[8427,7225,6772,7959],"class_list":{"0":"post-96711","1":"product","2":"type-product","3":"status-publish","4":"has-post-thumbnail","6":"product_cat-elbiseler","7":"product_cat-gunluk-ve-gunduz-elbiseleri","8":"product_tag-gece-elbisesi","9":"product_tag-kahve-kahverengi","10":"product_tag-ozel-gun","11":"product_tag-resmi-giyim","12":"pa_brand-ahel","13":"pa_color-kahve","14":"pa_size-4446","15":"pa_size-4463","17":"first","18":"instock","19":"sale","20":"shipping-taxable","21":"purchasable","22":"product-type-variable"},"_links":{"self":[{"href":"http:\/\/mod.wisdar.net\/tr\/wp-json\/wp\/v2\/product\/96711","targetHints":{"allow":["GET"]}}],"collection":[{"href":"http:\/\/mod.wisdar.net\/tr\/wp-json\/wp\/v2\/product"}],"about":[{"href":"http:\/\/mod.wisdar.net\/tr\/wp-json\/wp\/v2\/types\/product"}],"replies":[{"embeddable":true,"href":"http:\/\/mod.wisdar.net\/tr\/wp-json\/wp\/v2\/comments?post=96711"}],"wp:featuredmedia":[{"embeddable":true,"href":"http:\/\/mod.wisdar.net\/tr\/wp-json\/wp\/v2\/media\/96697"}],"wp:attachment":[{"href":"http:\/\/mod.wisdar.net\/tr\/wp-json\/wp\/v2\/media?parent=96711"}],"wp:term":[{"taxonomy":"product_brand","embeddable":true,"href":"http:\/\/mod.wisdar.net\/tr\/wp-json\/wp\/v2\/product_brand?post=96711"},{"taxonomy":"product_cat","embeddable":true,"href":"http:\/\/mod.wisdar.net\/tr\/wp-json\/wp\/v2\/product_cat?post=96711"},{"taxonomy":"product_tag","embeddable":true,"href":"http:\/\/mod.wisdar.net\/tr\/wp-json\/wp\/v2\/product_tag?post=96711"}],"curies":[{"name":"wp","href":"https:\/\/api.w.org\/{rel}","templated":true}]}}