{"id":97381,"date":"2026-02-12T19:54:24","date_gmt":"2026-02-12T19:54:24","guid":{"rendered":"https:\/\/modesthanim.com\/product\/aycan-elbise-bordo\/"},"modified":"2026-04-01T06:15:25","modified_gmt":"2026-04-01T06:15:25","slug":"aycan-elbise-bordo","status":"publish","type":"product","link":"http:\/\/mod.wisdar.net\/tr\/urun\/aycan-elbise-bordo\/","title":{"rendered":"Aycan Elbise Bordo"},"content":{"rendered":"<p>Elbise 1. S\u0131n\u0131f \u0130pek Cupra Kuma\u015ft\u0131r.<br \/>\nElbise Yaka, Etek Ve G\u00f6\u011f\u00fcs F\u0131rf\u0131r Detayl\u0131d\u0131r.<br \/>\nElbise Beli Lastiklidir.<br \/>\nElbise Yaka Arkas\u0131ndan Fermuarl\u0131d\u0131r.<br \/>\nElbise Kol Ucu Lastiklidir.<br \/>\nElbise Vatkal\u0131d\u0131r, Seyyar Ku\u015fakl\u0131d\u0131r.<br \/>\nElbise Boy: 134cm Omuz: 37cm G\u00f6\u011f\u00fcs: 48cm Bel: 25cm<\/p>\n","protected":false},"excerpt":{"rendered":"<p>Elbise 1. S\u0131n\u0131f \u0130pek Cupra Kuma\u015ft\u0131r. Elbise Yaka, Etek Ve G\u00f6\u011f\u00fcs F\u0131rf\u0131r Detayl\u0131d\u0131r. Elbise Beli Lastiklidir. Elbise Yaka Arkas\u0131ndan Fermuarl\u0131d\u0131r. Elbise Kol Ucu Lastiklidir. Elbise Vatkal\u0131d\u0131r, Seyyar Ku\u015fakl\u0131d\u0131r. Elbise Boy: 134cm Omuz: 37cm G\u00f6\u011f\u00fcs: 48cm Bel: 25cm<\/p>\n","protected":false},"featured_media":97372,"comment_status":"open","ping_status":"closed","template":"","meta":[],"product_brand":[],"product_cat":[6249,1933],"product_tag":[],"class_list":{"0":"post-97381","1":"product","2":"type-product","3":"status-publish","4":"has-post-thumbnail","6":"product_cat-elbiseler","7":"product_cat-gunluk-ve-gunduz-elbiseleri","8":"pa_brand-butikkolik","9":"pa_color-bordo","10":"pa_size-4706","11":"pa_size-4711","12":"pa_size-4713","13":"pa_size-4751","14":"pa_size-4749","16":"first","17":"outofstock","18":"shipping-taxable","19":"product-type-variable"},"_links":{"self":[{"href":"http:\/\/mod.wisdar.net\/tr\/wp-json\/wp\/v2\/product\/97381","targetHints":{"allow":["GET"]}}],"collection":[{"href":"http:\/\/mod.wisdar.net\/tr\/wp-json\/wp\/v2\/product"}],"about":[{"href":"http:\/\/mod.wisdar.net\/tr\/wp-json\/wp\/v2\/types\/product"}],"replies":[{"embeddable":true,"href":"http:\/\/mod.wisdar.net\/tr\/wp-json\/wp\/v2\/comments?post=97381"}],"wp:featuredmedia":[{"embeddable":true,"href":"http:\/\/mod.wisdar.net\/tr\/wp-json\/wp\/v2\/media\/97372"}],"wp:attachment":[{"href":"http:\/\/mod.wisdar.net\/tr\/wp-json\/wp\/v2\/media?parent=97381"}],"wp:term":[{"taxonomy":"product_brand","embeddable":true,"href":"http:\/\/mod.wisdar.net\/tr\/wp-json\/wp\/v2\/product_brand?post=97381"},{"taxonomy":"product_cat","embeddable":true,"href":"http:\/\/mod.wisdar.net\/tr\/wp-json\/wp\/v2\/product_cat?post=97381"},{"taxonomy":"product_tag","embeddable":true,"href":"http:\/\/mod.wisdar.net\/tr\/wp-json\/wp\/v2\/product_tag?post=97381"}],"curies":[{"name":"wp","href":"https:\/\/api.w.org\/{rel}","templated":true}]}}