{"id":161994,"date":"2026-03-01T19:34:52","date_gmt":"2026-03-01T19:34:52","guid":{"rendered":"https:\/\/modesthanim.com\/product\/%d9%81%d8%b3%d8%aa%d8%a7%d9%86-%d8%ac%d8%a7%d9%83%d9%8a%d8%aa-%d9%85%d9%86-%d8%a7%d9%84%d8%ac%d9%8a%d9%86%d8%b2-arlea-%d8%a3%d8%b2%d8%b1%d9%82-%d8%af%d8%a7%d9%83%d9%86-lacivert-outlet-new\/"},"modified":"2026-03-06T22:17:46","modified_gmt":"2026-03-06T22:17:46","slug":"%d9%81%d8%b3%d8%aa%d8%a7%d9%86-%d8%ac%d8%a7%d9%83%d9%8a%d8%aa-%d9%85%d9%86-%d8%a7%d9%84%d8%ac%d9%8a%d9%86%d8%b2-arlea-%d8%a3%d8%b2%d8%b1%d9%82-%d8%af%d8%a7%d9%83%d9%86-lacivert-outlet-new","status":"publish","type":"product","link":"https:\/\/mod.wisdar.net\/ar\/product\/%d9%81%d8%b3%d8%aa%d8%a7%d9%86-%d8%ac%d8%a7%d9%83%d9%8a%d8%aa-%d9%85%d9%86-%d8%a7%d9%84%d8%ac%d9%8a%d9%86%d8%b2-arlea-%d8%a3%d8%b2%d8%b1%d9%82-%d8%af%d8%a7%d9%83%d9%86-lacivert-outlet-new\/","title":{"rendered":"\u0641\u0633\u062a\u0627\u0646 \u0623\u0631\u0644\u064a\u0627 \u0645\u0646 \u0627\u0644\u062f\u0646\u064a\u0645 \u0628\u062f\u0648\u0646 \u0623\u0643\u0645\u0627\u0645 \u2013 \u0643\u062d\u0644\u064a \u2013 \u0643\u062d\u0644\u064a (\u0645\u062a\u0648\u0641\u0631 \u0641\u064a \u0645\u0646\u0627\u0641\u0630 \u0627\u0644\u0628\u064a\u0639: \u062c\u062f\u064a\u062f) \u2013 \u0627\u0644\u0645\u0642\u0627\u0633: 42"},"content":{"rendered":"<p><strong>\u062d\u0627\u0644\u0629 \u0627\u0644\u0645\u062e\u0631\u062c: \u062c\u062f\u064a\u062f<\/strong><br \/><em>Admin Notes: DELIVERY_RETURN<\/em><\/p>\n<p>\u00dcr\u00fcn \u00d6zellikleri<\/p>\n<p>\u0646\u0648\u0639 \u0627\u0644\u0642\u0645\u0627\u0634: \u062f\u0646\u064a\u0645<br \/>\n\u0627\u0644\u062a\u0631\u0643\u064a\u0628: 97% \u0642\u0637\u0646\u060c 3% \u0625\u064a\u0644\u0627\u0633\u062a\u064a\u0646<br \/>\n\u0637\u0648\u0644 \u0627\u0644\u062c\u0627\u0643\u064a\u062a: 48 \u0633\u0645<br \/>\n\u0637\u0648\u0644 \u0627\u0644\u0641\u0633\u062a\u0627\u0646: 138 \u0633\u0645<br \/>\n\u0642\u062f \u062a\u062e\u062a\u0644\u0641 \u0627\u0644\u0642\u064a\u0627\u0633\u0627\u062a \u0627\u0644\u064a\u062f\u0648\u064a\u0629 \u0628\u0645\u0642\u062f\u0627\u0631 2-3 \u0633\u0645.<\/p>\n<p>A\u00e7\u0131klama<br \/>\nKot kuma\u015f\u0131n dayan\u0131kl\u0131 ve esnek yap\u0131s\u0131 sayesinde hem \u015f\u0131k hem de rahat bir kullan\u0131m sunar. %3 elastan i\u00e7eri\u011fi hareket kolayl\u0131\u011f\u0131 sa\u011flarken, modern kesimiyle g\u00fcnl\u00fck ve \u00f6zel kombinlerde rahatl\u0131kla tercih edilebilir. <\/p>\n<p>Y\u0131kama Talimat\u0131<\/p>\n<p>30\u00b0C\u2019de ters \u00e7evirerek y\u0131kay\u0131n\u0131z.<br \/>\nA\u011fart\u0131c\u0131 kullan\u0131lmaz.<br \/>\nD\u00fc\u015f\u00fck \u0131s\u0131da \u00fct\u00fclenebilir.<br \/>\nSererek kurutulmas\u0131 tavsiye edilir.<\/p>\n","protected":false},"excerpt":{"rendered":"<p>\u062d\u0627\u0644\u0629 \u0627\u0644\u0645\u062e\u0631\u062c: \u062c\u062f\u064a\u062fAdmin Notes: DELIVERY_RETURN \u00dcr\u00fcn \u00d6zellikleri \u0646\u0648\u0639 \u0627\u0644\u0642\u0645\u0627\u0634: \u062f\u0646\u064a\u0645 \u0627\u0644\u062a\u0631\u0643\u064a\u0628: 97% \u0642\u0637\u0646\u060c 3% \u0625\u064a\u0644\u0627\u0633\u062a\u064a\u0646 \u0637\u0648\u0644 \u0627\u0644\u062c\u0627\u0643\u064a\u062a: 48 \u0633\u0645 \u0637\u0648\u0644 \u0627\u0644\u0641\u0633\u062a\u0627\u0646: 138 \u0633\u0645 \u0642\u062f \u062a\u062e\u062a\u0644\u0641 \u0627\u0644\u0642\u064a\u0627\u0633\u0627\u062a \u0627\u0644\u064a\u062f\u0648\u064a\u0629 \u0628\u0645\u0642\u062f\u0627\u0631 2-3 \u0633\u0645. A\u00e7\u0131klama Kot kuma\u015f\u0131n dayan\u0131kl\u0131 ve esnek yap\u0131s\u0131 sayesinde hem \u015f\u0131k hem de rahat bir kullan\u0131m sunar. %3 elastan i\u00e7eri\u011fi hareket kolayl\u0131\u011f\u0131 sa\u011flarken, modern kesimiyle g\u00fcnl\u00fck [&hellip;]<\/p>\n","protected":false},"featured_media":167236,"comment_status":"open","ping_status":"closed","template":"","meta":[],"product_brand":[],"product_cat":[10810],"product_tag":[],"class_list":{"0":"post-161994","1":"product","2":"type-product","3":"status-publish","4":"has-post-thumbnail","6":"product_cat-outlet-ar","8":"first","9":"instock","10":"virtual","11":"purchasable","12":"product-type-simple"},"_links":{"self":[{"href":"https:\/\/mod.wisdar.net\/ar\/wp-json\/wp\/v2\/product\/161994","targetHints":{"allow":["GET"]}}],"collection":[{"href":"https:\/\/mod.wisdar.net\/ar\/wp-json\/wp\/v2\/product"}],"about":[{"href":"https:\/\/mod.wisdar.net\/ar\/wp-json\/wp\/v2\/types\/product"}],"replies":[{"embeddable":true,"href":"https:\/\/mod.wisdar.net\/ar\/wp-json\/wp\/v2\/comments?post=161994"}],"wp:featuredmedia":[{"embeddable":true,"href":"https:\/\/mod.wisdar.net\/ar\/wp-json\/wp\/v2\/media\/167236"}],"wp:attachment":[{"href":"https:\/\/mod.wisdar.net\/ar\/wp-json\/wp\/v2\/media?parent=161994"}],"wp:term":[{"taxonomy":"product_brand","embeddable":true,"href":"https:\/\/mod.wisdar.net\/ar\/wp-json\/wp\/v2\/product_brand?post=161994"},{"taxonomy":"product_cat","embeddable":true,"href":"https:\/\/mod.wisdar.net\/ar\/wp-json\/wp\/v2\/product_cat?post=161994"},{"taxonomy":"product_tag","embeddable":true,"href":"https:\/\/mod.wisdar.net\/ar\/wp-json\/wp\/v2\/product_tag?post=161994"}],"curies":[{"name":"wp","href":"https:\/\/api.w.org\/{rel}","templated":true}]}}