{"id":209263,"date":"2026-04-05T20:52:06","date_gmt":"2026-04-05T20:52:06","guid":{"rendered":"https:\/\/modesthanim.com\/product\/%d8%aa%d9%86%d9%88%d8%b1%d8%a9-%d9%85%d9%8a%d8%af%d9%8a-%d8%a8%d9%82%d8%b5%d8%a9-a-%d9%85%d8%b9-%d8%ad%d8%b2%d8%a7%d9%85-%d9%85%d9%86-%d9%82%d9%85%d8%a7%d8%b4-%d8%a7%d9%84%d9%83%d8%b1%d9%8a%d8%a8\/"},"modified":"2026-04-05T20:53:01","modified_gmt":"2026-04-05T20:53:01","slug":"%d8%aa%d9%86%d9%88%d8%b1%d8%a9-%d9%85%d9%8a%d8%af%d9%8a-%d8%a8%d9%82%d8%b5%d8%a9-a-%d9%85%d8%b9-%d8%ad%d8%b2%d8%a7%d9%85-%d9%85%d9%86-%d9%82%d9%85%d8%a7%d8%b4-%d8%a7%d9%84%d9%83%d8%b1%d9%8a%d8%a8","status":"publish","type":"product","link":"https:\/\/mod.wisdar.net\/ar\/product\/%d8%aa%d9%86%d9%88%d8%b1%d8%a9-%d9%85%d9%8a%d8%af%d9%8a-%d8%a8%d9%82%d8%b5%d8%a9-a-%d9%85%d8%b9-%d8%ad%d8%b2%d8%a7%d9%85-%d9%85%d9%86-%d9%82%d9%85%d8%a7%d8%b4-%d8%a7%d9%84%d9%83%d8%b1%d9%8a%d8%a8\/","title":{"rendered":"\u062a\u0646\u0648\u0631\u0629 \u0645\u064a\u062f\u064a \u0628\u0642\u0635\u0629 A \u0645\u0639 \u062d\u0632\u0627\u0645 \u0645\u0646 \u0642\u0645\u0627\u0634 \u0627\u0644\u0643\u0631\u064a\u0628"},"content":{"rendered":"<p>\u062a\u0646\u0648\u0631\u0629 \u0645\u064a\u062f\u064a \u0628\u0642\u0635\u0629 A \u0645\u0639 \u062d\u0632\u0627\u0645 \u0645\u0646 \u0642\u0645\u0627\u0634 \u0627\u0644\u0643\u0631\u064a\u0628 \u0639\u0644\u0649 Koton.com \u0628\u0623\u0633\u0639\u0627\u0631 \u0645\u062e\u0641\u0636\u0629! \u0627\u062d\u0635\u0644\u064a \u0639\u0644\u0649 \u062a\u0646\u0648\u0631\u0629 \u0645\u064a\u062f\u064a \u0628\u0642\u0635\u0629 A \u0645\u0639 \u062d\u0632\u0627\u0645 \u0645\u0646 \u0642\u0645\u0627\u0634 \u0627\u0644\u0643\u0631\u064a\u0628 \u0628\u0633\u0639\u0631 1399.99 \u0644\u064a\u0631\u0629 \u062a\u0631\u0643\u064a\u0629 \u0641\u0642\u0637. \u0627\u0646\u0642\u0631\u064a \u0627\u0644\u0622\u0646 \u0644\u0644\u0634\u0631\u0627\u0621! | \u062a\u0646\u0648\u0631\u0629 \u0627\u0644\u0645\u064a\u062f\u064a \u0645\u0646 \u0643\u0648\u062a\u0648\u0646 \u062a\u0644\u0641\u062a \u0627\u0644\u0623\u0646\u0638\u0627\u0631 \u0628\u062a\u0635\u0645\u064a\u0645\u0647\u0627 \u0627\u0644\u0623\u0646\u064a\u0642 \u0648\u0627\u0644\u062d\u062f\u064a\u062b. \u0647\u064a\u0643\u0644 \u0642\u0645\u0627\u0634 \u0627\u0644\u0643\u0631\u064a\u0628 \u064a\u0636\u0645\u0646 \u062a\u062f\u0641\u0642\u0627\u064b \u0631\u0627\u0626\u0639\u0627\u064b\u060c \u0628\u064a\u0646\u0645\u0627 \u062a\u0645\u0646\u062d\u0643 \u0642\u0635\u0629 A \u062d\u0631\u064a\u0629 \u0627\u0644\u062d\u0631\u0643\u0629. \u062a\u0641\u0627\u0635\u064a\u0644 \u0627\u0644\u062d\u0632\u0627\u0645 \u0639\u0646\u062f \u0627\u0644\u062e\u0635\u0631 \u062a\u0636\u064a\u0641 \u0623\u0646\u0627\u0642\u0629 \u0645\u0639 \u062a\u0648\u0641\u064a\u0631 \u0631\u0627\u062d\u0629 \u0641\u064a \u0627\u0644\u0627\u0631\u062a\u062f\u0627\u0621. \u0627\u0631\u062a\u0641\u0627\u0639 \u0627\u0644\u062e\u0635\u0631 \u0627\u0644\u0642\u064a\u0627\u0633\u064a \u064a\u0636\u0645\u0646 \u0627\u0644\u0631\u0627\u062d\u0629 \u0627\u0644\u064a\u0648\u0645\u064a\u0629\u060c \u0648\u0645\u0638\u0647\u0631\u0647\u0627 \u0627\u0644\u0643\u0644\u0627\u0633\u064a\u0643\u064a \u064a\u062a\u0646\u0627\u0633\u0628 \u0628\u0633\u0644\u0627\u0633\u0629 \u0645\u0639 \u0645\u0644\u0627\u0628\u0633 \u0627\u0644\u0645\u0643\u062a\u0628. \u0627\u0642\u062a\u0631\u0627\u062d\u0627\u062a \u0627\u0644\u062a\u0646\u0633\u064a\u0642: \u0632\u0648\u062c\u064a \u0627\u0644\u062a\u0646\u0648\u0631\u0629 \u0645\u0639 \u0628\u0644\u0648\u0632\u0629 \u0623\u0646\u064a\u0642\u0629 \u0648\u0643\u0639\u0628 \u0639\u0627\u0644\u064d \u0644\u0645\u0638\u0647\u0631 \u0645\u062b\u064a\u0631 \u0644\u0644\u0625\u0639\u062c\u0627\u0628 \u0641\u064a \u0627\u0644\u0645\u0643\u062a\u0628. \u0644\u0644\u0627\u0646\u062a\u0642\u0627\u0644 \u0645\u0646 \u0627\u0644\u0646\u0647\u0627\u0631 \u0625\u0644\u0649 \u0627\u0644\u0644\u064a\u0644\u060c \u0623\u0643\u0645\u0644\u064a \u0625\u0637\u0644\u0627\u0644\u062a\u0643 \u0645\u0639 \u062c\u0627\u0643\u064a\u062a \u0628\u0644\u064a\u0632\u0631 \u0648\u0645\u062c\u0648\u0647\u0631\u0627\u062a \u0628\u0633\u064a\u0637\u0629. \u064a\u0645\u0643\u0646\u0643 \u0623\u064a\u0636\u0627\u064b \u0625\u0646\u0634\u0627\u0621 \u0623\u0633\u0644\u0648\u0628 \u064a\u0648\u0645\u064a \u0645\u0639 \u062a\u064a \u0634\u064a\u0631\u062a \u0645\u0631\u064a\u062d \u0648\u0623\u062d\u0630\u064a\u0629 \u0631\u064a\u0627\u0636\u064a\u0629. \u0632\u0648\u062c\u064a\u0647\u0627 \u0645\u0639 \u0645\u0639\u0637\u0641 \u062a\u0631\u064a\u0646\u0634 \u0645\u0646\u0627\u0633\u0628 \u0644\u0644\u0645\u0648\u0633\u0645 \u0623\u0648 \u062c\u0627\u0643\u064a\u062a \u062c\u0644\u062f \u0644\u0644\u062d\u0635\u0648\u0644 \u0639\u0644\u0649 \u0625\u0637\u0644\u0627\u0644\u0629 \u0645\u062a\u0639\u062f\u062f\u0629 \u0627\u0644\u0627\u0633\u062a\u062e\u062f\u0627\u0645\u0627\u062a \u0648\u0623\u0646\u064a\u0642\u0629. \u0645\u0648\u0627\u0635\u0641\u0627\u062a \u0627\u0644\u0645\u0646\u062a\u062c: \u0646\u0648\u0639 \u0627\u0644\u062e\u0635\u0631: \u062e\u0635\u0631 \u0642\u064a\u0627\u0633\u064a \u0627\u0644\u0642\u0635\u0629: A \u062a\u0641\u0627\u0635\u064a\u0644: \u0645\u0632\u0648\u062f\u0629 \u0628\u062d\u0632\u0627\u0645 \u0627\u0644\u0642\u0645\u0627\u0634: 100% \u0625\u064a\u0644\u0627\u0633\u062a\u0648\u0645\u0648\u0644\u062a\u064a\u0633\u062a\u0631 \u0627\u0644\u0637\u0648\u0644: \u0645\u064a\u062f\u064a \u0627\u0644\u0627\u0633\u062a\u062e\u062f\u0627\u0645: \u0627\u0644\u0645\u0644\u0627\u0628\u0633 \u0627\u0644\u064a\u0648\u0645\u064a\u0629\u060c \u0645\u0644\u0627\u0628\u0633 \u0627\u0644\u0645\u0643\u062a\u0628 \u0627\u0635\u0646\u0639\u064a \u0625\u0637\u0644\u0627\u0644\u0627\u062a \u0639\u0635\u0631\u064a\u0629 \u0645\u0639 \u062a\u0635\u0627\u0645\u064a\u0645 \u0627\u0644\u062a\u0646\u0648\u0631\u0627\u062a \u0627\u0644\u0623\u0646\u064a\u0642\u0629 \u0645\u0646 \u0643\u0648\u062a\u0648\u0646. \u0623\u0643\u0645\u0644\u064a \u0623\u0646\u0627\u0642\u062a\u0643 \u0627\u0644\u0622\u0646 \u0645\u0639 \u0643\u0648\u062a\u0648\u0646!<\/p>\n<p>\u2014 \u0627\u0644\u062a\u0641\u0627\u0635\u064a\u0644 \u0627\u0644\u062a\u0642\u0646\u064a\u0629 \u2014<br \/>\n\u0627\u0644\u0642\u0645\u0627\u0634: 100% \u0625\u064a\u0644\u0627\u0633\u062a\u0648\u0645\u0648\u0644\u062a\u064a\u0633\u062a\u0631<br \/>\n\u0627\u0644\u0642\u0635\u0629: \u0645\u062a\u0633\u0639 (\u0646\u0635\u0641 \u062f\u0627\u0626\u0631\u064a)<br \/>\n\u0627\u0631\u062a\u0641\u0627\u0639 \u0627\u0644\u062e\u0635\u0631: \u062e\u0635\u0631 \u0642\u064a\u0627\u0633\u064a<br \/>\n\u0646\u0648\u0639 \u0627\u0644\u0645\u0646\u062a\u062c \/ \u0627\u0644\u0623\u0633\u0644\u0648\u0628: \u0645\u062a\u0633\u0639 (\u0646\u0635\u0641 \u062f\u0627\u0626\u0631\u064a)<br \/>\n\u0627\u0644\u0645\u0627\u0631\u0643\u0629 \u0627\u0644\u0641\u0631\u0639\u064a\u0629: City Fashion<br \/>\n\u0627\u0633\u0645 \u0627\u0644\u0628\u0627\u0626\u0639 \/ \u0627\u0644\u0634\u0631\u0643\u0629 \u0627\u0644\u0645\u0635\u0646\u0639\u0629 \/ \u0627\u0644\u0645\u0633\u062a\u0648\u0631\u062f: Koton Ma\u011fazac\u0131l\u0131k Tekstil Sanayi ve Ticaret A.\u015e.<br \/>\n\u0627\u0644\u0639\u0646\u0648\u0627\u0646 \u0627\u0644\u0628\u0631\u064a\u062f\u064a: Ayaza\u011fa Mah. Maslak Ayaza\u011fa Cad. No:3 \u0130\u00e7 Kap\u0131 No:5 Sar\u0131yer\/\u0130stanbul<br \/>\n\u0627\u0644\u0628\u0631\u064a\u062f \u0627\u0644\u0625\u0644\u0643\u062a\u0631\u0648\u0646\u064a: mim@koton.com<\/p>\n","protected":false},"excerpt":{"rendered":"<p>\u062a\u0646\u0648\u0631\u0629 \u0645\u064a\u062f\u064a \u0628\u0642\u0635\u0629 A \u0645\u0639 \u062d\u0632\u0627\u0645 \u0645\u0646 \u0642\u0645\u0627\u0634 \u0627\u0644\u0643\u0631\u064a\u0628 \u0639\u0644\u0649 Koton.com \u0628\u0623\u0633\u0639\u0627\u0631 \u0645\u062e\u0641\u0636\u0629! \u0627\u062d\u0635\u0644\u064a \u0639\u0644\u0649 \u062a\u0646\u0648\u0631\u0629 \u0645\u064a\u062f\u064a \u0628\u0642\u0635\u0629 A \u0645\u0639 \u062d\u0632\u0627\u0645 \u0645\u0646 \u0642\u0645\u0627\u0634 \u0627\u0644\u0643\u0631\u064a\u0628 \u0628\u0633\u0639\u0631 1399.99 \u0644\u064a\u0631\u0629 \u062a\u0631\u0643\u064a\u0629 \u0641\u0642\u0637. \u0627\u0646\u0642\u0631\u064a \u0627\u0644\u0622\u0646 \u0644\u0644\u0634\u0631\u0627\u0621! | \u062a\u0646\u0648\u0631\u0629 \u0627\u0644\u0645\u064a\u062f\u064a \u0645\u0646 \u0643\u0648\u062a\u0648\u0646 \u062a\u0644\u0641\u062a \u0627\u0644\u0623\u0646\u0638\u0627\u0631 \u0628\u062a\u0635\u0645\u064a\u0645\u0647\u0627 \u0627\u0644\u0623\u0646\u064a\u0642 \u0648\u0627\u0644\u062d\u062f\u064a\u062b. \u0647\u064a\u0643\u0644 \u0642\u0645\u0627\u0634 \u0627\u0644\u0643\u0631\u064a\u0628 \u064a\u0636\u0645\u0646 \u062a\u062f\u0641\u0642\u0627\u064b \u0631\u0627\u0626\u0639\u0627\u064b\u060c \u0628\u064a\u0646\u0645\u0627 \u062a\u0645\u0646\u062d\u0643 \u0642\u0635\u0629 A \u062d\u0631\u064a\u0629 \u0627\u0644\u062d\u0631\u0643\u0629. \u062a\u0641\u0627\u0635\u064a\u0644 [&hellip;]<\/p>\n","protected":false},"featured_media":209255,"comment_status":"open","ping_status":"closed","template":"","meta":[],"product_brand":[],"product_cat":[12480],"product_tag":[4849,4896,8036,6710,7615,7940,6891,6735],"class_list":{"0":"post-209263","1":"product","2":"type-product","3":"status-publish","4":"has-post-thumbnail","6":"product_cat-12480","7":"product_tag-a-line-skirt","8":"product_tag-belted-waist","9":"product_tag-koton","10":"product_tag-womens-fashion","11":"product_tag-7615","12":"product_tag-7940","13":"product_tag-6891","14":"product_tag-6735","15":"pa_brand-koton","16":"pa_color-4606","17":"pa_size-4697","18":"pa_size-4702","19":"pa_size-4705","20":"pa_size-4712","21":"pa_size-4714","23":"first","24":"instock","25":"shipping-taxable","26":"purchasable","27":"product-type-variable"},"_links":{"self":[{"href":"https:\/\/mod.wisdar.net\/ar\/wp-json\/wp\/v2\/product\/209263","targetHints":{"allow":["GET"]}}],"collection":[{"href":"https:\/\/mod.wisdar.net\/ar\/wp-json\/wp\/v2\/product"}],"about":[{"href":"https:\/\/mod.wisdar.net\/ar\/wp-json\/wp\/v2\/types\/product"}],"replies":[{"embeddable":true,"href":"https:\/\/mod.wisdar.net\/ar\/wp-json\/wp\/v2\/comments?post=209263"}],"wp:featuredmedia":[{"embeddable":true,"href":"https:\/\/mod.wisdar.net\/ar\/wp-json\/wp\/v2\/media\/209255"}],"wp:attachment":[{"href":"https:\/\/mod.wisdar.net\/ar\/wp-json\/wp\/v2\/media?parent=209263"}],"wp:term":[{"taxonomy":"product_brand","embeddable":true,"href":"https:\/\/mod.wisdar.net\/ar\/wp-json\/wp\/v2\/product_brand?post=209263"},{"taxonomy":"product_cat","embeddable":true,"href":"https:\/\/mod.wisdar.net\/ar\/wp-json\/wp\/v2\/product_cat?post=209263"},{"taxonomy":"product_tag","embeddable":true,"href":"https:\/\/mod.wisdar.net\/ar\/wp-json\/wp\/v2\/product_tag?post=209263"}],"curies":[{"name":"wp","href":"https:\/\/api.w.org\/{rel}","templated":true}]}}