{"id":209654,"date":"2026-04-05T20:58:04","date_gmt":"2026-04-05T20:58:04","guid":{"rendered":"https:\/\/modesthanim.com\/product\/%d8%aa%d9%8a%d8%b4%d9%8a%d8%b1%d8%aa-%d8%a3%d8%b3%d8%a7%d8%b3%d9%8a-%d8%a8%d9%83%d9%85-%d9%82%d8%b5%d9%8a%d8%b1-%d9%88%d8%b1%d9%82%d8%a8%d8%a9-%d9%85%d8%b3%d8%aa%d8%af%d9%8a%d8%b1%d8%a9-%d9%85%d9%86\/"},"modified":"2026-04-05T21:07:59","modified_gmt":"2026-04-05T21:07:59","slug":"%d8%aa%d9%8a%d8%b4%d9%8a%d8%b1%d8%aa-%d8%a3%d8%b3%d8%a7%d8%b3%d9%8a-%d8%a8%d9%83%d9%85-%d9%82%d8%b5%d9%8a%d8%b1-%d9%88%d8%b1%d9%82%d8%a8%d8%a9-%d9%85%d8%b3%d8%aa%d8%af%d9%8a%d8%b1%d8%a9-%d9%85%d9%86","status":"publish","type":"product","link":"https:\/\/mod.wisdar.net\/ar\/product\/%d8%aa%d9%8a%d8%b4%d9%8a%d8%b1%d8%aa-%d8%a3%d8%b3%d8%a7%d8%b3%d9%8a-%d8%a8%d9%83%d9%85-%d9%82%d8%b5%d9%8a%d8%b1-%d9%88%d8%b1%d9%82%d8%a8%d8%a9-%d9%85%d8%b3%d8%aa%d8%af%d9%8a%d8%b1%d8%a9-%d9%85%d9%86\/","title":{"rendered":"\u062a\u064a\u0634\u064a\u0631\u062a \u0623\u0633\u0627\u0633\u064a \u0628\u0643\u0645 \u0642\u0635\u064a\u0631 \u0648\u0631\u0642\u0628\u0629 \u0645\u0633\u062a\u062f\u064a\u0631\u0629 \u0645\u0646 \u0627\u0644\u0642\u0637\u0646"},"content":{"rendered":"<p>\u0647\u0630\u0627 \u0627\u0644\u062a\u064a\u0634\u064a\u0631\u062a\u060c \u0628\u062a\u0635\u0645\u064a\u0645\u0647 \u0627\u0644\u0623\u0633\u0627\u0633\u064a\u060c \u064a\u0635\u0628\u062d \u0639\u0646\u0635\u0631\u0627\u064b \u0623\u0633\u0627\u0633\u064a\u0627\u064b \u0641\u064a \u0643\u0644 \u062e\u0632\u0627\u0646\u0629 \u0645\u0644\u0627\u0628\u0633. \u064a\u0642\u062f\u0645 \u0645\u0638\u0647\u0631\u0627\u064b \u0643\u0644\u0627\u0633\u064a\u0643\u064a\u0627\u064b \u0648\u0645\u0631\u064a\u062d\u0627\u064b \u0645\u0639 \u0623\u0643\u0645\u0627\u0645 \u0642\u0635\u064a\u0631\u0629 \u0648\u0631\u0642\u0628\u0629 \u0645\u0633\u062a\u062f\u064a\u0631\u0629. \u0646\u0633\u064a\u062c\u0647 \u0627\u0644\u0646\u0627\u0639\u0645 \u064a\u0636\u0645\u0646 \u0627\u0644\u0631\u0627\u062d\u0629 \u0641\u064a \u0627\u0631\u062a\u062f\u0627\u0626\u0643 \u0627\u0644\u064a\u0648\u0645\u064a. \u064a\u062e\u0644\u0642 \u062a\u0646\u0627\u063a\u0645\u0627\u064b \u0645\u062b\u0627\u0644\u064a\u0627\u064b \u0633\u0648\u0627\u0621 \u0645\u0639 \u0627\u0644\u062c\u064a\u0646\u0632 \u0644\u0637\u0627\u0628\u0639 \u0631\u064a\u0627\u0636\u064a \u0623\u0648 \u0645\u0639 \u0627\u0644\u062a\u0646\u0627\u0646\u064a\u0631 \u0644\u0644\u0645\u0643\u062a\u0628. \u0646\u0635\u064a\u062d\u0629 \u0641\u064a \u0627\u0644\u062a\u0646\u0633\u064a\u0642: \u064a\u0645\u0643\u0646\u0643 \u062a\u062d\u0642\u064a\u0642 \u0645\u0638\u0647\u0631 \u062f\u064a\u0646\u0627\u0645\u064a\u0643\u064a \u0628\u062a\u0646\u0633\u064a\u0642 \u0627\u0644\u062a\u064a\u0634\u064a\u0631\u062a \u0645\u0639 \u0628\u0646\u0637\u0627\u0644 \u062c\u064a\u0646\u0632 \u0648\u062d\u0630\u0627\u0621 \u0631\u064a\u0627\u0636\u064a \u0645\u0631\u064a\u062d. \u0643\u0645\u0627 \u064a\u0645\u0643\u0646\u0643 \u062a\u0639\u0632\u064a\u0632 \u0623\u0646\u0627\u0642\u062a\u0643 \u0628\u0627\u0631\u062a\u062f\u0627\u0626\u0647 \u0645\u0639 \u0633\u062a\u0631\u0629 \u0631\u0633\u0645\u064a\u0629 \u0623\u0648 \u0633\u062a\u0631\u0629 \u0635\u0648\u0641\u064a\u0629. \u0644\u062a\u0646\u0633\u064a\u0642\u0627\u062a \u0627\u0644\u0645\u0643\u062a\u0628\u060c \u064a\u0645\u0643\u0646\u0643 \u062e\u0644\u0642 \u0635\u0648\u0631\u0629 \u0627\u062d\u062a\u0631\u0627\u0641\u064a\u0629 \u0645\u0639 \u062a\u0646\u0648\u0631\u0629 \u0642\u0644\u0645\u064a\u0629 \u0648\u0627\u0643\u0633\u0633\u0648\u0627\u0631\u0627\u062a \u0623\u0646\u064a\u0642\u0629. \u0645\u0648\u0627\u0635\u0641\u0627\u062a \u0627\u0644\u0645\u0646\u062a\u062c: \u0646\u0648\u0639 \u0627\u0644\u0643\u0645: \u0643\u0645 \u0642\u0635\u064a\u0631\u060c \u0646\u0648\u0639 \u0627\u0644\u0631\u0642\u0628\u0629: \u0631\u0642\u0628\u0629 \u0645\u0633\u062a\u062f\u064a\u0631\u0629\u060c \u0627\u0644\u0642\u0635\u0629: \u0642\u0635\u0629 \u0645\u0646\u062a\u0638\u0645\u0629\u060c \u0627\u0644\u0642\u0645\u0627\u0634: 100% \u0642\u0637\u0646\u060c \u0645\u062c\u0627\u0644 \u0627\u0644\u0627\u0633\u062a\u062e\u062f\u0627\u0645: \u0627\u0644\u0645\u0644\u0627\u0628\u0633 \u0627\u0644\u064a\u0648\u0645\u064a\u0629\u060c \u0645\u0644\u0627\u0628\u0633 \u0627\u0644\u0645\u0643\u062a\u0628\u060c \u0627\u0644\u0645\u0644\u0627\u0628\u0633 \u0627\u0644\u0631\u064a\u0627\u0636\u064a\u0629. \u0627\u062c\u0645\u0639 \u0628\u064a\u0646 \u0627\u0644\u0623\u0646\u0627\u0642\u0629 \u0648\u0627\u0644\u0631\u0627\u062d\u0629 \u0645\u0639 \u0645\u062c\u0645\u0648\u0639\u0629 \u062a\u064a\u0634\u064a\u0631\u062a\u0627\u062a \u0643\u0648\u062a\u0648\u0646. \u062c\u062f\u062f \u0623\u0633\u0644\u0648\u0628\u0643 \u0628\u0633\u0647\u0648\u0644\u0629 \u0645\u0639 \u0647\u0630\u0627 \u0627\u0644\u062a\u0635\u0645\u064a\u0645 \u0627\u0644\u0645\u062a\u0639\u062f\u062f \u0627\u0644\u0627\u0633\u062a\u062e\u062f\u0627\u0645\u0627\u062a \u0627\u0644\u0645\u0646\u0627\u0633\u0628 \u0644\u0643\u0644 \u062a\u0646\u0633\u064a\u0642.<\/p>\n<p>\u2014 \u0627\u0644\u062a\u0641\u0627\u0635\u064a\u0644 \u0627\u0644\u062a\u0642\u0646\u064a\u0629 \u2014<br \/>\n\u0627\u0644\u0642\u0645\u0627\u0634: 100% \u0642\u0637\u0646<br \/>\n\u0637\u0648\u0644 \u0627\u0644\u0643\u0645: \u0643\u0645 \u0642\u0635\u064a\u0631<br \/>\n\u0646\u0648\u0639 \u0627\u0644\u0643\u0645: \u0643\u062a\u0641 \u0645\u0646\u062e\u0641\u0636<br \/>\n\u0646\u0648\u0639 \u0627\u0644\u0631\u0642\u0628\u0629: \u0631\u0642\u0628\u0629 \u0645\u0633\u062a\u062f\u064a\u0631\u0629<br \/>\n\u0627\u0644\u0642\u0635\u0629: \u0623\u0633\u0627\u0633\u064a<br \/>\n\u0646\u0648\u0639 \u0627\u0644\u0645\u0646\u062a\u062c \/ \u0627\u0644\u0637\u0631\u0627\u0632: \u0623\u0633\u0627\u0633\u064a<br \/>\n\u0627\u0644\u0639\u0644\u0627\u0645\u0629 \u0627\u0644\u062a\u062c\u0627\u0631\u064a\u0629 \u0627\u0644\u0641\u0631\u0639\u064a\u0629 \u0644\u0644\u0645\u0646\u062a\u062c: City fashion<br \/>\n\u0627\u0633\u0645 \u0627\u0644\u0628\u0627\u0626\u0639\/\u0627\u0644\u0634\u0631\u0643\u0629 \u0627\u0644\u0645\u0635\u0646\u0639\u0629\/\u0627\u0644\u0645\u0633\u062a\u0648\u0631\u062f: Koton Ma\u011fazac\u0131l\u0131k Tekstil Sanayi ve Ticaret A.\u015e.<br \/>\n\u0627\u0644\u0639\u0646\u0648\u0627\u0646 \u0627\u0644\u0628\u0631\u064a\u062f\u064a: Ayaza\u011fa Mah. Maslak Ayaza\u011fa Cad. No:3 \u0130\u00e7 Kap\u0131 No:5 Sar\u0131yer\/\u0130stanbul<br \/>\n\u0627\u0644\u0628\u0631\u064a\u062f \u0627\u0644\u0625\u0644\u0643\u062a\u0631\u0648\u0646\u064a: mim@koton.com<\/p>\n","protected":false},"excerpt":{"rendered":"<p>\u0647\u0630\u0627 \u0627\u0644\u062a\u064a\u0634\u064a\u0631\u062a\u060c \u0628\u062a\u0635\u0645\u064a\u0645\u0647 \u0627\u0644\u0623\u0633\u0627\u0633\u064a\u060c \u064a\u0635\u0628\u062d \u0639\u0646\u0635\u0631\u0627\u064b \u0623\u0633\u0627\u0633\u064a\u0627\u064b \u0641\u064a \u0643\u0644 \u062e\u0632\u0627\u0646\u0629 \u0645\u0644\u0627\u0628\u0633. \u064a\u0642\u062f\u0645 \u0645\u0638\u0647\u0631\u0627\u064b \u0643\u0644\u0627\u0633\u064a\u0643\u064a\u0627\u064b \u0648\u0645\u0631\u064a\u062d\u0627\u064b \u0645\u0639 \u0623\u0643\u0645\u0627\u0645 \u0642\u0635\u064a\u0631\u0629 \u0648\u0631\u0642\u0628\u0629 \u0645\u0633\u062a\u062f\u064a\u0631\u0629. \u0646\u0633\u064a\u062c\u0647 \u0627\u0644\u0646\u0627\u0639\u0645 \u064a\u0636\u0645\u0646 \u0627\u0644\u0631\u0627\u062d\u0629 \u0641\u064a \u0627\u0631\u062a\u062f\u0627\u0626\u0643 \u0627\u0644\u064a\u0648\u0645\u064a. \u064a\u062e\u0644\u0642 \u062a\u0646\u0627\u063a\u0645\u0627\u064b \u0645\u062b\u0627\u0644\u064a\u0627\u064b \u0633\u0648\u0627\u0621 \u0645\u0639 \u0627\u0644\u062c\u064a\u0646\u0632 \u0644\u0637\u0627\u0628\u0639 \u0631\u064a\u0627\u0636\u064a \u0623\u0648 \u0645\u0639 \u0627\u0644\u062a\u0646\u0627\u0646\u064a\u0631 \u0644\u0644\u0645\u0643\u062a\u0628. \u0646\u0635\u064a\u062d\u0629 \u0641\u064a \u0627\u0644\u062a\u0646\u0633\u064a\u0642: \u064a\u0645\u0643\u0646\u0643 \u062a\u062d\u0642\u064a\u0642 \u0645\u0638\u0647\u0631 \u062f\u064a\u0646\u0627\u0645\u064a\u0643\u064a \u0628\u062a\u0646\u0633\u064a\u0642 \u0627\u0644\u062a\u064a\u0634\u064a\u0631\u062a \u0645\u0639 \u0628\u0646\u0637\u0627\u0644 \u062c\u064a\u0646\u0632 \u0648\u062d\u0630\u0627\u0621 \u0631\u064a\u0627\u0636\u064a \u0645\u0631\u064a\u062d. \u0643\u0645\u0627 [&hellip;]<\/p>\n","protected":false},"featured_media":209642,"comment_status":"open","ping_status":"closed","template":"","meta":[],"product_brand":[],"product_cat":[11021],"product_tag":[7483,6891,6735,8113],"class_list":{"0":"post-209654","1":"product","2":"type-product","3":"status-publish","4":"has-post-thumbnail","6":"product_cat-11021","7":"product_tag-7483","8":"product_tag-6891","9":"product_tag-6735","10":"product_tag-8113","11":"pa_brand-koton","12":"pa_color-4494","13":"pa_size-l","14":"pa_size-m","15":"pa_size-s","16":"pa_size-xl","17":"pa_size-xs","18":"pa_size-xxl","20":"first","21":"instock","22":"shipping-taxable","23":"purchasable","24":"product-type-variable"},"_links":{"self":[{"href":"https:\/\/mod.wisdar.net\/ar\/wp-json\/wp\/v2\/product\/209654","targetHints":{"allow":["GET"]}}],"collection":[{"href":"https:\/\/mod.wisdar.net\/ar\/wp-json\/wp\/v2\/product"}],"about":[{"href":"https:\/\/mod.wisdar.net\/ar\/wp-json\/wp\/v2\/types\/product"}],"replies":[{"embeddable":true,"href":"https:\/\/mod.wisdar.net\/ar\/wp-json\/wp\/v2\/comments?post=209654"}],"wp:featuredmedia":[{"embeddable":true,"href":"https:\/\/mod.wisdar.net\/ar\/wp-json\/wp\/v2\/media\/209642"}],"wp:attachment":[{"href":"https:\/\/mod.wisdar.net\/ar\/wp-json\/wp\/v2\/media?parent=209654"}],"wp:term":[{"taxonomy":"product_brand","embeddable":true,"href":"https:\/\/mod.wisdar.net\/ar\/wp-json\/wp\/v2\/product_brand?post=209654"},{"taxonomy":"product_cat","embeddable":true,"href":"https:\/\/mod.wisdar.net\/ar\/wp-json\/wp\/v2\/product_cat?post=209654"},{"taxonomy":"product_tag","embeddable":true,"href":"https:\/\/mod.wisdar.net\/ar\/wp-json\/wp\/v2\/product_tag?post=209654"}],"curies":[{"name":"wp","href":"https:\/\/api.w.org\/{rel}","templated":true}]}}