{"id":209733,"date":"2026-04-05T20:59:29","date_gmt":"2026-04-05T20:59:29","guid":{"rendered":"https:\/\/modesthanim.com\/product\/%d8%aa%d9%86%d9%88%d8%b1%d8%a9-%d9%85%d8%aa%d9%88%d8%b3%d8%b7%d8%a9-%d8%a7%d9%84%d8%b7%d9%88%d9%84-%d8%a8%d8%aa%d9%81%d8%a7%d8%b5%d9%8a%d9%84-%d8%a7%d9%84%d8%af%d8%b1%d8%a7%d8%a8%d9%8a%d9%87-%d9%88\/"},"modified":"2026-04-05T21:12:38","modified_gmt":"2026-04-05T21:12:38","slug":"%d8%aa%d9%86%d9%88%d8%b1%d8%a9-%d9%85%d8%aa%d9%88%d8%b3%d8%b7%d8%a9-%d8%a7%d9%84%d8%b7%d9%88%d9%84-%d8%a8%d8%aa%d9%81%d8%a7%d8%b5%d9%8a%d9%84-%d8%a7%d9%84%d8%af%d8%b1%d8%a7%d8%a8%d9%8a%d9%87-%d9%88","status":"publish","type":"product","link":"https:\/\/mod.wisdar.net\/ar\/product\/%d8%aa%d9%86%d9%88%d8%b1%d8%a9-%d9%85%d8%aa%d9%88%d8%b3%d8%b7%d8%a9-%d8%a7%d9%84%d8%b7%d9%88%d9%84-%d8%a8%d8%aa%d9%81%d8%a7%d8%b5%d9%8a%d9%84-%d8%a7%d9%84%d8%af%d8%b1%d8%a7%d8%a8%d9%8a%d9%87-%d9%88\/","title":{"rendered":"\u062a\u0646\u0648\u0631\u0629 \u0645\u062a\u0648\u0633\u0637\u0629 \u0627\u0644\u0637\u0648\u0644 \u0628\u062a\u0641\u0627\u0635\u064a\u0644 \u0627\u0644\u062f\u0631\u0627\u0628\u064a\u0647 \u0648\u0627\u0644\u0641\u062a\u062d\u0629 \u0627\u0644\u062c\u0627\u0646\u0628\u064a\u0629"},"content":{"rendered":"<p>\u062a\u0642\u062f\u0645 \u0647\u0630\u0647 \u0627\u0644\u062a\u0646\u0648\u0631\u0629 \u0645\u062a\u0648\u0633\u0637\u0629 \u0627\u0644\u0637\u0648\u0644 \u062a\u0635\u0645\u064a\u0645\u064b\u0627 \u0639\u0635\u0631\u064a\u064b\u0627 \u0628\u062a\u0641\u0627\u0635\u064a\u0644 \u0641\u062a\u062d\u0629 \u062c\u0627\u0646\u0628\u064a\u0629 \u0623\u0646\u064a\u0642\u0629. \u062a\u062a\u0645\u064a\u0632 \u0628\u062d\u0632\u0627\u0645 \u062e\u0635\u0631 \u0639\u0627\u062f\u064a \u0648\u062a\u0635\u0645\u064a\u0645 \u0639\u0644\u0649 \u0634\u0643\u0644 \u062d\u0631\u0641 A\u060c \u0645\u0645\u0627 \u064a\u0648\u0641\u0631 \u0627\u0644\u0631\u0627\u062d\u0629 \u0648\u0627\u0644\u0623\u0646\u0627\u0642\u0629 \u0641\u064a \u0646\u0641\u0633 \u0627\u0644\u0648\u0642\u062a. \u062a\u0639\u0632\u0632 \u062a\u0641\u0627\u0635\u064a\u0644 \u0627\u0644\u0641\u062a\u062d\u0629 \u062d\u0631\u064a\u0629 \u0627\u0644\u062d\u0631\u0643\u0629 \u0645\u0639 \u062a\u0642\u062f\u064a\u0645 \u0645\u0638\u0647\u0631 \u062c\u0630\u0627\u0628. \u0637\u0648\u0644\u0647\u0627 \u0627\u0644\u0645\u062a\u0648\u0633\u0637 \u064a\u062c\u0639\u0644\u0647\u0627 \u0645\u062b\u0627\u0644\u064a\u0629 \u0644\u0644\u0627\u0631\u062a\u062f\u0627\u0621 \u0627\u0644\u064a\u0648\u0645\u064a \u0648\u0645\u0644\u0627\u0628\u0633 \u0627\u0644\u0645\u0643\u062a\u0628. \u0628\u062a\u0635\u0645\u064a\u0645\u0647\u0627 \u0627\u0644\u062e\u0627\u0644\u062f\u060c \u0633\u062a\u0643\u0648\u0646 \u0647\u0630\u0647 \u0627\u0644\u062a\u0646\u0648\u0631\u0629 \u0642\u0637\u0639\u0629 \u0623\u0633\u0627\u0633\u064a\u0629 \u0641\u064a \u062e\u0632\u0627\u0646\u0629 \u0645\u0644\u0627\u0628\u0633\u0643.<\/p>\n<p>\u0627\u0642\u062a\u0631\u0627\u062d\u0627\u062a \u0627\u0644\u062a\u0646\u0633\u064a\u0642<br \/>\n\u064a\u0645\u0643\u0646\u0643 \u062a\u0646\u0633\u064a\u0642 \u0647\u0630\u0647 \u0627\u0644\u062a\u0646\u0648\u0631\u0629 \u0645\u062a\u0648\u0633\u0637\u0629 \u0627\u0644\u0637\u0648\u0644 \u0645\u0639 \u0628\u0644\u0648\u0632\u0629 \u0623\u0646\u064a\u0642\u0629 \u0648\u0623\u062d\u0630\u064a\u0629 \u0628\u0643\u0639\u0628 \u0639\u0627\u0644\u064d \u0644\u0644\u062d\u0635\u0648\u0644 \u0639\u0644\u0649 \u0645\u0638\u0647\u0631 \u0623\u0646\u064a\u0642 \u0644\u0644\u0645\u0643\u062a\u0628. \u0644\u0644\u0645\u0638\u0647\u0631 \u0627\u0644\u064a\u0648\u0645\u064a\u060c \u064a\u0645\u0643\u0646\u0643 \u062a\u0646\u0633\u064a\u0642\u0647\u0627 \u0645\u0639 \u062a\u064a \u0634\u064a\u0631\u062a \u0623\u0633\u0627\u0633\u064a \u0648\u0623\u062d\u0630\u064a\u0629 \u0631\u064a\u0627\u0636\u064a\u0629 \u0644\u0644\u062d\u0635\u0648\u0644 \u0639\u0644\u0649 \u0625\u0637\u0644\u0627\u0644\u0629 \u0645\u0631\u064a\u062d\u0629 \u0648\u0639\u0635\u0631\u064a\u0629. \u0623\u0643\u0645\u0644 \u0625\u0637\u0644\u0627\u0644\u062a\u0643 \u0628\u062d\u0642\u064a\u0628\u0629 \u0628\u0633\u064a\u0637\u0629 \u0648\u0645\u062c\u0648\u0647\u0631\u0627\u062a \u0623\u0646\u064a\u0642\u0629.<\/p>\n<p>\u0645\u0648\u0627\u0635\u0641\u0627\u062a \u0627\u0644\u0645\u0646\u062a\u062c<br \/>\n\u0646\u0648\u0639 \u0627\u0644\u062e\u0635\u0631: \u062e\u0635\u0631 \u0639\u0627\u062f\u064a<br \/>\n\u0646\u0648\u0639 \u0627\u0644\u0642\u0635\u0629: \u0639\u0627\u062f\u064a<br \/>\n\u0627\u0644\u0637\u0648\u0644: \u0645\u062a\u0648\u0633\u0637<br \/>\n\u0627\u0644\u0646\u0645\u0637 \u0648\u0627\u0644\u062a\u062e\u0637\u064a\u0637: \u062a\u0635\u0645\u064a\u0645 \u0639\u0644\u0649 \u0634\u0643\u0644 \u062d\u0631\u0641 A<br \/>\n\u0627\u0644\u0642\u0645\u0627\u0634: 90% \u0641\u064a\u0633\u0643\u0648\u0632\u060c 10% \u0628\u0648\u0644\u064a\u0633\u062a\u0631<br \/>\n\u0627\u0644\u062a\u0641\u0627\u0635\u064a\u0644: \u0641\u062a\u062d\u0629 \u062c\u0627\u0646\u0628\u064a\u0629<br \/>\n\u0645\u062c\u0627\u0644 \u0627\u0644\u0627\u0633\u062a\u062e\u062f\u0627\u0645: \u0627\u0644\u0645\u0644\u0627\u0628\u0633 \u0627\u0644\u064a\u0648\u0645\u064a\u0629\u060c \u0645\u0644\u0627\u0628\u0633 \u0627\u0644\u0645\u0643\u062a\u0628\u060c \u0627\u0644\u0645\u0646\u0627\u0633\u0628\u0627\u062a \u0627\u0644\u062e\u0627\u0635\u0629<\/p>\n<p>\u0627\u0643\u062a\u0634\u0641\u064a \u0623\u0646\u0645\u0627\u0637\u064b\u0627 \u0639\u0635\u0631\u064a\u0629 \u0648\u0623\u0646\u064a\u0642\u0629 \u0645\u0639 \u0645\u062c\u0645\u0648\u0639\u0629 \u062a\u0646\u0627\u0646\u064a\u0631 \u0643\u0648\u062a\u0648\u0646. \u062c\u0631\u0628\u064a \u0647\u0630\u0647 \u0627\u0644\u062a\u0646\u0648\u0631\u0629 \u0627\u0644\u0645\u062a\u0639\u062f\u062f\u0629 \u0627\u0644\u0627\u0633\u062a\u062e\u062f\u0627\u0645\u0627\u062a \u0627\u0644\u0622\u0646 \u0644\u0625\u0637\u0644\u0627\u0644\u0627\u062a\u0643 \u0627\u0644\u064a\u0648\u0645\u064a\u0629 \u0648\u0644\u0644\u0645\u0643\u062a\u0628!<\/p>\n<p>\u2014 \u062a\u0641\u0627\u0635\u064a\u0644 \u062a\u0642\u0646\u064a\u0629 \u2014<br \/>\n\u0642\u064a\u0627\u0633\u0627\u062a \u0627\u0644\u0639\u0627\u0631\u0636\u0629: \u0627\u0644\u0637\u0648\u0644: 172 \u0633\u0645 \/ \u0627\u0644\u062e\u0635\u0631: 62 \u0633\u0645 \/ \u0627\u0644\u0635\u062f\u0631: 80 \u0633\u0645 \/ \u0627\u0644\u0648\u0631\u0643\u064a\u0646: 88 \u0633\u0645<br \/>\n\u0627\u0644\u0642\u0645\u0627\u0634: 10% \u0628\u0648\u0644\u064a\u0633\u062a\u0631\u060c 90% \u0641\u064a\u0633\u0643\u0648\u0632<br \/>\n\u0627\u0644\u062a\u062e\u0637\u064a\u0637: \u062a\u0635\u0645\u064a\u0645 \u0639\u0644\u0649 \u0634\u0643\u0644 \u062d\u0631\u0641 A<br \/>\n\u0627\u0631\u062a\u0641\u0627\u0639 \u0627\u0644\u062e\u0635\u0631: \u062e\u0635\u0631 \u0642\u064a\u0627\u0633\u064a<br \/>\n\u0646\u0648\u0639 \u0627\u0644\u0645\u0646\u062a\u062c\/\u0627\u0644\u0646\u0645\u0637: \u062a\u0635\u0645\u064a\u0645 \u0639\u0644\u0649 \u0634\u0643\u0644 \u062d\u0631\u0641 A<br \/>\n\u0627\u0644\u0639\u0644\u0627\u0645\u0629 \u0627\u0644\u062a\u062c\u0627\u0631\u064a\u0629 \u0627\u0644\u0641\u0631\u0639\u064a\u0629 \u0644\u0644\u0645\u0646\u062a\u062c: City fashion<br \/>\n\u0627\u0633\u0645 \u0627\u0644\u0628\u0627\u0626\u0639\/\u0627\u0644\u0634\u0631\u0643\u0629 \u0627\u0644\u0645\u0635\u0646\u0639\u0629\/\u0627\u0644\u0645\u0633\u062a\u0648\u0631\u062f: Koton Ma\u011fazac\u0131l\u0131k Tekstil Sanayi ve Ticaret A.\u015e.<br \/>\n\u0627\u0644\u0639\u0646\u0648\u0627\u0646 \u0627\u0644\u0628\u0631\u064a\u062f\u064a: Ayaza\u011fa Mah. Maslak Ayaza\u011fa Cad. No:3 \u0130\u00e7 Kap\u0131 No:5 Sar\u0131yer\/\u0130stanbul<br \/>\n\u0627\u0644\u0628\u0631\u064a\u062f \u0627\u0644\u0625\u0644\u0643\u062a\u0631\u0648\u0646\u064a: mim@koton.com<\/p>\n","protected":false},"excerpt":{"rendered":"<p>\u062a\u0642\u062f\u0645 \u0647\u0630\u0647 \u0627\u0644\u062a\u0646\u0648\u0631\u0629 \u0645\u062a\u0648\u0633\u0637\u0629 \u0627\u0644\u0637\u0648\u0644 \u062a\u0635\u0645\u064a\u0645\u064b\u0627 \u0639\u0635\u0631\u064a\u064b\u0627 \u0628\u062a\u0641\u0627\u0635\u064a\u0644 \u0641\u062a\u062d\u0629 \u062c\u0627\u0646\u0628\u064a\u0629 \u0623\u0646\u064a\u0642\u0629. \u062a\u062a\u0645\u064a\u0632 \u0628\u062d\u0632\u0627\u0645 \u062e\u0635\u0631 \u0639\u0627\u062f\u064a \u0648\u062a\u0635\u0645\u064a\u0645 \u0639\u0644\u0649 \u0634\u0643\u0644 \u062d\u0631\u0641 A\u060c \u0645\u0645\u0627 \u064a\u0648\u0641\u0631 \u0627\u0644\u0631\u0627\u062d\u0629 \u0648\u0627\u0644\u0623\u0646\u0627\u0642\u0629 \u0641\u064a \u0646\u0641\u0633 \u0627\u0644\u0648\u0642\u062a. \u062a\u0639\u0632\u0632 \u062a\u0641\u0627\u0635\u064a\u0644 \u0627\u0644\u0641\u062a\u062d\u0629 \u062d\u0631\u064a\u0629 \u0627\u0644\u062d\u0631\u0643\u0629 \u0645\u0639 \u062a\u0642\u062f\u064a\u0645 \u0645\u0638\u0647\u0631 \u062c\u0630\u0627\u0628. \u0637\u0648\u0644\u0647\u0627 \u0627\u0644\u0645\u062a\u0648\u0633\u0637 \u064a\u062c\u0639\u0644\u0647\u0627 \u0645\u062b\u0627\u0644\u064a\u0629 \u0644\u0644\u0627\u0631\u062a\u062f\u0627\u0621 \u0627\u0644\u064a\u0648\u0645\u064a \u0648\u0645\u0644\u0627\u0628\u0633 \u0627\u0644\u0645\u0643\u062a\u0628. \u0628\u062a\u0635\u0645\u064a\u0645\u0647\u0627 \u0627\u0644\u062e\u0627\u0644\u062f\u060c \u0633\u062a\u0643\u0648\u0646 \u0647\u0630\u0647 \u0627\u0644\u062a\u0646\u0648\u0631\u0629 \u0642\u0637\u0639\u0629 \u0623\u0633\u0627\u0633\u064a\u0629 \u0641\u064a \u062e\u0632\u0627\u0646\u0629 \u0645\u0644\u0627\u0628\u0633\u0643. \u0627\u0642\u062a\u0631\u0627\u062d\u0627\u062a [&hellip;]<\/p>\n","protected":false},"featured_media":209721,"comment_status":"open","ping_status":"closed","template":"","meta":[],"product_brand":[],"product_cat":[12480],"product_tag":[4849,7595,7615,6891,6735,7540],"class_list":{"0":"post-209733","1":"product","2":"type-product","3":"status-publish","4":"has-post-thumbnail","6":"product_cat-12480","7":"product_tag-a-line-skirt","8":"product_tag-7595","9":"product_tag-7615","10":"product_tag-6891","11":"product_tag-6735","12":"product_tag-7540","13":"pa_brand-koton","14":"pa_color-4834","15":"pa_size-4697","16":"pa_size-4702","17":"pa_size-4705","18":"pa_size-4712","19":"pa_size-4714","21":"first","22":"instock","23":"shipping-taxable","24":"purchasable","25":"product-type-variable"},"_links":{"self":[{"href":"https:\/\/mod.wisdar.net\/ar\/wp-json\/wp\/v2\/product\/209733","targetHints":{"allow":["GET"]}}],"collection":[{"href":"https:\/\/mod.wisdar.net\/ar\/wp-json\/wp\/v2\/product"}],"about":[{"href":"https:\/\/mod.wisdar.net\/ar\/wp-json\/wp\/v2\/types\/product"}],"replies":[{"embeddable":true,"href":"https:\/\/mod.wisdar.net\/ar\/wp-json\/wp\/v2\/comments?post=209733"}],"wp:featuredmedia":[{"embeddable":true,"href":"https:\/\/mod.wisdar.net\/ar\/wp-json\/wp\/v2\/media\/209721"}],"wp:attachment":[{"href":"https:\/\/mod.wisdar.net\/ar\/wp-json\/wp\/v2\/media?parent=209733"}],"wp:term":[{"taxonomy":"product_brand","embeddable":true,"href":"https:\/\/mod.wisdar.net\/ar\/wp-json\/wp\/v2\/product_brand?post=209733"},{"taxonomy":"product_cat","embeddable":true,"href":"https:\/\/mod.wisdar.net\/ar\/wp-json\/wp\/v2\/product_cat?post=209733"},{"taxonomy":"product_tag","embeddable":true,"href":"https:\/\/mod.wisdar.net\/ar\/wp-json\/wp\/v2\/product_tag?post=209733"}],"curies":[{"name":"wp","href":"https:\/\/api.w.org\/{rel}","templated":true}]}}