{"id":73744,"date":"2026-01-17T22:04:24","date_gmt":"2026-01-17T22:04:24","guid":{"rendered":"https:\/\/modesthanim.com\/product\/%d9%85%d8%b9%d8%b7%d9%81-%d9%83%d8%b4%d9%85%d9%8a%d8%b1-%d8%b7%d9%88%d9%8a%d9%84-%d9%85%d8%b2%d9%88%d8%af-%d8%a8%d8%ad%d8%b2%d8%a7%d9%85-%d9%88%d8%ac%d9%8a%d9%88%d8%a8-%d9%88%d8%a3%d9%83%d9%85%d8%a7-2\/"},"modified":"2026-03-22T05:52:39","modified_gmt":"2026-03-22T05:52:39","slug":"%d9%85%d8%b9%d8%b7%d9%81-%d9%83%d8%b4%d9%85%d9%8a%d8%b1-%d8%b7%d9%88%d9%8a%d9%84-%d9%85%d8%b2%d9%88%d8%af-%d8%a8%d8%ad%d8%b2%d8%a7%d9%85-%d9%88%d8%ac%d9%8a%d9%88%d8%a8-%d9%88%d8%a3%d9%83%d9%85%d8%a7-2","status":"publish","type":"product","link":"https:\/\/mod.wisdar.net\/ar\/product\/%d9%85%d8%b9%d8%b7%d9%81-%d9%83%d8%b4%d9%85%d9%8a%d8%b1-%d8%b7%d9%88%d9%8a%d9%84-%d9%85%d8%b2%d9%88%d8%af-%d8%a8%d8%ad%d8%b2%d8%a7%d9%85-%d9%88%d8%ac%d9%8a%d9%88%d8%a8-%d9%88%d8%a3%d9%83%d9%85%d8%a7-2\/","title":{"rendered":"\u0645\u0639\u0637\u0641 \u0643\u0634\u0645\u064a\u0631 \u0637\u0648\u064a\u0644 \u0645\u0632\u0648\u062f \u0628\u062d\u0632\u0627\u0645 \u0648\u062c\u064a\u0648\u0628 \u0648\u0623\u0643\u0645\u0627\u0645 \u0637\u0648\u064a\u0644\u0629"},"content":{"rendered":"<p>\u064a\u0642\u062f\u0645 \u0647\u0630\u0627 \u0627\u0644\u0645\u0639\u0637\u0641 \u0627\u0644\u0643\u0634\u0645\u064a\u0631\u064a \u0627\u0644\u0645\u0632\u0648\u062f \u0628\u062d\u0632\u0627\u0645 \u0645\u0638\u0647\u0631\u064b\u0627 \u0639\u0635\u0631\u064a\u064b\u0627 \u0648\u0623\u0646\u064a\u0642\u064b\u0627. \u062a\u0635\u0645\u064a\u0645\u0647 \u0627\u0644\u0645\u0646\u062a\u0638\u0645 \u0648\u062c\u064a\u0648\u0628\u0647 \u0630\u0627\u062a \u0627\u0644\u063a\u0637\u0627\u0621 \u064a\u062c\u0645\u0639 \u0628\u064a\u0646 \u0627\u0644\u0648\u0638\u0627\u0626\u0641 \u0648\u0627\u0644\u0623\u0646\u0627\u0642\u0629. \u064a\u0648\u0641\u0631 \u0627\u0644\u062a\u0635\u0645\u064a\u0645 \u0627\u0644\u0637\u0648\u064a\u0644 \u062f\u0641\u0626\u064b\u0627 \u0625\u0636\u0627\u0641\u064a\u064b\u0627 \u062e\u0644\u0627\u0644 \u0623\u064a\u0627\u0645 \u0627\u0644\u0634\u062a\u0627\u0621 \u0627\u0644\u0628\u0627\u0631\u062f\u0629\u060c \u0628\u064a\u0646\u0645\u0627 \u064a\u0628\u0631\u0632 \u0627\u0644\u062d\u0632\u0627\u0645 \u0645\u0646\u0637\u0642\u0629 \u0627\u0644\u062e\u0635\u0631. \u0645\u0635\u0646\u0648\u0639 \u0645\u0646 \u0642\u0645\u0627\u0634 \u0639\u0627\u0644\u064a \u0627\u0644\u062c\u0648\u062f\u0629 \u0648\u0628\u0637\u0627\u0646\u0629 \u062f\u0627\u062e\u0644\u064a\u0629\u060c \u0647\u0630\u0627 \u0627\u0644\u0645\u0639\u0637\u0641 \u0645\u062b\u0627\u0644\u064a \u0644\u0644\u0645\u0638\u0647\u0631 \u0627\u0644\u064a\u0648\u0645\u064a \u0648\u0627\u0644\u0645\u0633\u0627\u0626\u064a.<\/p>\n<p>\u0627\u0642\u062a\u0631\u0627\u062d \u0633\u062a\u0627\u064a\u0644<br \/>\n\u064a\u0645\u0643\u0646\u0643 \u062a\u0646\u0633\u064a\u0642 \u0647\u0630\u0627 \u0627\u0644\u0645\u0639\u0637\u0641 \u0627\u0644\u0643\u0634\u0645\u064a\u0631\u064a \u0645\u0639 \u0628\u0646\u0627\u0637\u064a\u0644 \u062c\u0644\u062f\u064a\u0629 \u0648\u0623\u062d\u0630\u064a\u0629 \u0628\u0643\u0639\u0628 \u0639\u0627\u0644\u064d \u0644\u0644\u062d\u0635\u0648\u0644 \u0639\u0644\u0649 \u0645\u0638\u0647\u0631 \u0634\u062a\u0648\u064a \u0623\u0646\u064a\u0642. \u0627\u0631\u062a\u062f\u064a\u0647 \u0641\u0648\u0642 \u0633\u062a\u0631\u0629 \u0631\u0642\u064a\u0642\u0629 \u0623\u0648 \u0633\u062a\u0631\u0629 \u0630\u0627\u062a \u064a\u0627\u0642\u0629 \u0639\u0627\u0644\u064a\u0629 \u0644\u0625\u0636\u0627\u0641\u0629 \u0644\u0645\u0633\u0629 \u0631\u0627\u0642\u064a\u0629. \u0632\u064a\u0646\u064a \u0625\u0637\u0644\u0627\u0644\u062a\u0643 \u0628\u062d\u0642\u064a\u0628\u0629 \u0643\u062a\u0641 \u0643\u0628\u064a\u0631\u0629 \u0648\u0642\u0641\u0627\u0632\u0627\u062a \u0623\u0646\u064a\u0642\u0629 \u0644\u0625\u0643\u0645\u0627\u0644 \u0627\u0644\u0645\u0638\u0647\u0631.<\/p>\n<p>\u0645\u0645\u064a\u0632\u0627\u062a \u0627\u0644\u0645\u0646\u062a\u062c<br \/>\n\u0646\u0648\u0639 \u0627\u0644\u0623\u0643\u0645\u0627\u0645: \u0623\u0643\u0645\u0627\u0645 \u0637\u0648\u064a\u0644\u0629<br \/>\n\u0646\u0648\u0639 \u0627\u0644\u064a\u0627\u0642\u0629: \u064a\u0627\u0642\u0629 \u0633\u062a\u0631\u0629<br \/>\n\u0627\u0644\u062a\u0641\u0627\u0635\u064a\u0644: \u062c\u064a\u0648\u0628 \u0630\u0627\u062a \u063a\u0637\u0627\u0621\u060c \u0645\u0632\u0648\u062f \u0628\u062d\u0632\u0627\u0645<br \/>\n\u0627\u0644\u062a\u0646\u0627\u0633\u0628: \u0645\u0646\u062a\u0638\u0645<br \/>\n\u0627\u0644\u0627\u0633\u062a\u062e\u062f\u0627\u0645: \u0627\u0644\u0645\u0644\u0627\u0628\u0633 \u0627\u0644\u064a\u0648\u0645\u064a\u0629\u060c \u0645\u0644\u0627\u0628\u0633 \u0627\u0644\u0645\u0643\u062a\u0628<br \/>\n\u0623\u0636\u064a\u0641\u064a \u0647\u0630\u0627 \u0627\u0644\u062a\u0635\u0645\u064a\u0645 \u0625\u0644\u0649 \u062e\u0632\u0627\u0646\u0629 \u0645\u0644\u0627\u0628\u0633\u0643 \u0644\u0644\u0623\u0646\u0627\u0642\u0629 \u0648\u0627\u0644\u062f\u0641\u0621! \u0623\u0646\u0634\u0626\u064a \u0625\u0637\u0644\u0627\u0644\u0627\u062a \u0639\u0635\u0631\u064a\u0629 \u0645\u0639 \u0645\u062c\u0645\u0648\u0639\u0629 \u0643\u0648\u062a\u0648\u0646 \u0627\u0644\u0646\u0633\u0627\u0626\u064a\u0629 \u0627\u0644\u0623\u0646\u064a\u0642\u0629 \u0648\u0627\u0644\u0648\u0638\u064a\u0641\u064a\u0629.<\/p>\n<p>\u2014 \u0627\u0644\u062a\u0641\u0627\u0635\u064a\u0644 \u0627\u0644\u062a\u0642\u0646\u064a\u0629 \u2014<br \/>\n\u0646\u0648\u0639 \u0627\u0644\u0623\u0643\u0645\u0627\u0645: \u0623\u0643\u0645\u0627\u0645 \u0637\u0648\u064a\u0644\u0629<br \/>\n\u0646\u0648\u0639 \u0627\u0644\u064a\u0627\u0642\u0629: \u064a\u0627\u0642\u0629 \u0633\u062a\u0631\u0629<br \/>\n\u0627\u0644\u062a\u0641\u0627\u0635\u064a\u0644: \u062c\u064a\u0648\u0628 \u0630\u0627\u062a \u063a\u0637\u0627\u0621\u060c \u0645\u0632\u0648\u062f \u0628\u062d\u0632\u0627\u0645<br \/>\n\u0627\u0644\u062a\u0646\u0627\u0633\u0628: \u0645\u0646\u062a\u0638\u0645<br \/>\n\u0627\u0644\u0627\u0633\u062a\u062e\u062f\u0627\u0645: \u0627\u0644\u0645\u0644\u0627\u0628\u0633 \u0627\u0644\u064a\u0648\u0645\u064a\u0629\u060c \u0645\u0644\u0627\u0628\u0633 \u0627\u0644\u0645\u0643\u062a\u0628<br \/>\n\u0627\u0644\u0634\u0643\u0644: \u0631\u062f\u0627\u0621<br \/>\n\u0646\u0648\u0639 \u0627\u0644\u0645\u0646\u062a\u062c \/ \u0627\u0644\u0623\u0633\u0644\u0648\u0628: \u0631\u062f\u0627\u0621<br \/>\n\u0627\u0644\u0645\u0627\u0631\u0643\u0629 \u0627\u0644\u0641\u0631\u0639\u064a\u0629: City fashion<br \/>\n\u0627\u0644\u0628\u0627\u0626\u0639 \/ \u0627\u0644\u0645\u0635\u0646\u0639 \/ \u0627\u0644\u0645\u0633\u062a\u0648\u0631\u062f: Koton Ma\u011fazac\u0131l\u0131k Tekstil Sanayi ve Ticaret A.\u015e.<br \/>\n\u0627\u0644\u0639\u0646\u0648\u0627\u0646 \u0627\u0644\u0628\u0631\u064a\u062f\u064a: Ayaza\u011fa Mah. Maslak Ayaza\u011fa Cad. No:3 \u0130\u00e7 Kap\u0131 No:5 Sar\u0131yer\/\u0130stanbul<br \/>\n\u0627\u0644\u0628\u0631\u064a\u062f \u0627\u0644\u0625\u0644\u0643\u062a\u0631\u0648\u0646\u064a: mim@koton.com<\/p>\n","protected":false},"excerpt":{"rendered":"<p>\u064a\u0642\u062f\u0645 \u0647\u0630\u0627 \u0627\u0644\u0645\u0639\u0637\u0641 \u0627\u0644\u0643\u0634\u0645\u064a\u0631\u064a \u0627\u0644\u0645\u0632\u0648\u062f \u0628\u062d\u0632\u0627\u0645 \u0645\u0638\u0647\u0631\u064b\u0627 \u0639\u0635\u0631\u064a\u064b\u0627 \u0648\u0623\u0646\u064a\u0642\u064b\u0627. \u062a\u0635\u0645\u064a\u0645\u0647 \u0627\u0644\u0645\u0646\u062a\u0638\u0645 \u0648\u062c\u064a\u0648\u0628\u0647 \u0630\u0627\u062a \u0627\u0644\u063a\u0637\u0627\u0621 \u064a\u062c\u0645\u0639 \u0628\u064a\u0646 \u0627\u0644\u0648\u0638\u0627\u0626\u0641 \u0648\u0627\u0644\u0623\u0646\u0627\u0642\u0629. \u064a\u0648\u0641\u0631 \u0627\u0644\u062a\u0635\u0645\u064a\u0645 \u0627\u0644\u0637\u0648\u064a\u0644 \u062f\u0641\u0626\u064b\u0627 \u0625\u0636\u0627\u0641\u064a\u064b\u0627 \u062e\u0644\u0627\u0644 \u0623\u064a\u0627\u0645 \u0627\u0644\u0634\u062a\u0627\u0621 \u0627\u0644\u0628\u0627\u0631\u062f\u0629\u060c \u0628\u064a\u0646\u0645\u0627 \u064a\u0628\u0631\u0632 \u0627\u0644\u062d\u0632\u0627\u0645 \u0645\u0646\u0637\u0642\u0629 \u0627\u0644\u062e\u0635\u0631. \u0645\u0635\u0646\u0648\u0639 \u0645\u0646 \u0642\u0645\u0627\u0634 \u0639\u0627\u0644\u064a \u0627\u0644\u062c\u0648\u062f\u0629 \u0648\u0628\u0637\u0627\u0646\u0629 \u062f\u0627\u062e\u0644\u064a\u0629\u060c \u0647\u0630\u0627 \u0627\u0644\u0645\u0639\u0637\u0641 \u0645\u062b\u0627\u0644\u064a \u0644\u0644\u0645\u0638\u0647\u0631 \u0627\u0644\u064a\u0648\u0645\u064a \u0648\u0627\u0644\u0645\u0633\u0627\u0626\u064a. \u0627\u0642\u062a\u0631\u0627\u062d \u0633\u062a\u0627\u064a\u0644 \u064a\u0645\u0643\u0646\u0643 \u062a\u0646\u0633\u064a\u0642 \u0647\u0630\u0627 \u0627\u0644\u0645\u0639\u0637\u0641 \u0627\u0644\u0643\u0634\u0645\u064a\u0631\u064a \u0645\u0639 \u0628\u0646\u0627\u0637\u064a\u0644 \u062c\u0644\u062f\u064a\u0629 [&hellip;]<\/p>\n","protected":false},"featured_media":73736,"comment_status":"open","ping_status":"closed","template":"","meta":[],"product_brand":[],"product_cat":[2048],"product_tag":[8575,6039,7965,7688,6891,7343],"class_list":{"0":"post-73744","1":"product","2":"type-product","3":"status-publish","4":"has-post-thumbnail","6":"product_cat-2048","7":"product_tag-cashmere-coat","8":"product_tag-womens-outerwear","9":"product_tag-7965","10":"product_tag-7688","11":"product_tag-6891","12":"product_tag-7343","13":"pa_brand-koton","14":"pa_color-4834","15":"pa_size-4697","16":"pa_size-4702","17":"pa_size-4705","18":"pa_size-4712","19":"pa_size-4714","20":"pa_size-4752","22":"first","23":"instock","24":"sale","25":"shipping-taxable","26":"purchasable","27":"product-type-variable"},"_links":{"self":[{"href":"https:\/\/mod.wisdar.net\/ar\/wp-json\/wp\/v2\/product\/73744","targetHints":{"allow":["GET"]}}],"collection":[{"href":"https:\/\/mod.wisdar.net\/ar\/wp-json\/wp\/v2\/product"}],"about":[{"href":"https:\/\/mod.wisdar.net\/ar\/wp-json\/wp\/v2\/types\/product"}],"replies":[{"embeddable":true,"href":"https:\/\/mod.wisdar.net\/ar\/wp-json\/wp\/v2\/comments?post=73744"}],"wp:featuredmedia":[{"embeddable":true,"href":"https:\/\/mod.wisdar.net\/ar\/wp-json\/wp\/v2\/media\/73736"}],"wp:attachment":[{"href":"https:\/\/mod.wisdar.net\/ar\/wp-json\/wp\/v2\/media?parent=73744"}],"wp:term":[{"taxonomy":"product_brand","embeddable":true,"href":"https:\/\/mod.wisdar.net\/ar\/wp-json\/wp\/v2\/product_brand?post=73744"},{"taxonomy":"product_cat","embeddable":true,"href":"https:\/\/mod.wisdar.net\/ar\/wp-json\/wp\/v2\/product_cat?post=73744"},{"taxonomy":"product_tag","embeddable":true,"href":"https:\/\/mod.wisdar.net\/ar\/wp-json\/wp\/v2\/product_tag?post=73744"}],"curies":[{"name":"wp","href":"https:\/\/api.w.org\/{rel}","templated":true}]}}