{"id":85688,"date":"2026-02-01T13:32:36","date_gmt":"2026-02-01T13:32:36","guid":{"rendered":"https:\/\/modesthanim.com\/product\/%d9%85%d8%b9%d8%b7%d9%81-%d8%aa%d8%b1%d9%8a%d9%86%d8%b4-%d9%86%d8%b3%d8%a7%d8%a6%d9%8a-%d8%a8%d9%84%d9%88%d9%86-%d8%a8%d9%88%d8%b1%d8%ac%d9%88%d9%86%d8%af%d9%8a-%d9%85%d8%b9-%d9%8a%d8%a7%d9%82%d8%a9\/"},"modified":"2026-04-09T10:34:02","modified_gmt":"2026-04-09T10:34:02","slug":"%d9%85%d8%b9%d8%b7%d9%81-%d8%aa%d8%b1%d9%8a%d9%86%d8%b4-%d9%86%d8%b3%d8%a7%d8%a6%d9%8a-%d8%a8%d9%84%d9%88%d9%86-%d8%a8%d9%88%d8%b1%d8%ac%d9%88%d9%86%d8%af%d9%8a-%d9%85%d8%b9-%d9%8a%d8%a7%d9%82%d8%a9","status":"publish","type":"product","link":"https:\/\/mod.wisdar.net\/ar\/product\/%d9%85%d8%b9%d8%b7%d9%81-%d8%aa%d8%b1%d9%8a%d9%86%d8%b4-%d9%86%d8%b3%d8%a7%d8%a6%d9%8a-%d8%a8%d9%84%d9%88%d9%86-%d8%a8%d9%88%d8%b1%d8%ac%d9%88%d9%86%d8%af%d9%8a-%d9%85%d8%b9-%d9%8a%d8%a7%d9%82%d8%a9\/","title":{"rendered":"\u0645\u0639\u0637\u0641 \u062a\u0631\u064a\u0646\u0634 \u0646\u0633\u0627\u0626\u064a \u0628\u0644\u0648\u0646 \u0628\u0648\u0631\u062c\u0648\u0646\u062f\u064a \u0645\u0639 \u064a\u0627\u0642\u0629 \u0645\u0627\u0626\u0644\u0629"},"content":{"rendered":"<p>\u0645\u0639\u0637\u0641 \u062a\u0631\u064a\u0646\u0634 \u0646\u0633\u0627\u0626\u064a \u0645\u0646 RA\u015e\u0130T BA\u011eZIBA\u011eLI X LC WAIKIKI \u0628\u0644\u0648\u0646 \u0628\u0648\u0631\u062c\u0648\u0646\u062f\u064a \u0645\u0639 \u064a\u0627\u0642\u0629 \u0645\u0627\u0626\u0644\u0629 \u0645\u062a\u0627\u062d \u0644\u062f\u0649 LCW \u0645\u0639 \u062e\u0635\u0648\u0645\u0627\u062a \u062d\u0635\u0631\u064a\u0629 \u0648\u062e\u064a\u0627\u0631\u0627\u062a \u062f\u0641\u0639 \u0628\u0627\u0644\u0623\u0642\u0633\u0627\u0637 \u0648\u0645\u0632\u0627\u064a\u0627 \u0627\u0644\u062f\u0641\u0639 \u0639\u0646\u062f \u0627\u0644\u0627\u0633\u062a\u0644\u0627\u0645! \u062a\u0633\u0648\u0642\u064a \u0639\u0628\u0631 \u0627\u0644\u0625\u0646\u062a\u0631\u0646\u062a \u0627\u0644\u0622\u0646 \u0648\u0627\u062d\u0635\u0644\u064a \u0639\u0644\u0649 \u0627\u0644\u0645\u0646\u062a\u062c \u0623\u0645\u0627\u0645 \u0628\u0627\u0628 \u0645\u0646\u0632\u0644\u0643! \u2013 W5JT66Z8-F7F<\/p>\n<p>\u2014 \u0627\u0644\u062a\u0641\u0627\u0635\u064a\u0644 \u0627\u0644\u062a\u0642\u0646\u064a\u0629 \u2014<br \/>\n\u0627\u0644\u0645\u0646\u0634\u0623: \u062a\u0631\u0643\u064a\u0627<br \/>\n\u0627\u0644\u0628\u0627\u0626\u0639: LC Waikiki<br \/>\n\u0627\u0644\u0639\u0644\u0627\u0645\u0629 \u0627\u0644\u062a\u062c\u0627\u0631\u064a\u0629: RA\u015e\u0130T BA\u011eZIBA\u011eLI X LC WAIKIKI<br \/>\n\u0646\u0648\u0639 \u0627\u0644\u0645\u0646\u062a\u062c: \u0645\u0639\u0637\u0641 \u062a\u0631\u064a\u0646\u0634<br \/>\n\u0627\u0644\u062c\u0646\u0633: \u0646\u0633\u0627\u0626\u064a<br \/>\n\u0627\u0644\u0645\u0642\u0627\u0633: \u0642\u064a\u0627\u0633\u064a \u0648\u0645\u0646\u062a\u0638\u0645<br \/>\n\u0627\u0644\u0646\u0645\u0637: \u0633\u0627\u062f\u0629<br \/>\n\u0627\u0644\u064a\u0627\u0642\u0629: \u0645\u0627\u0626\u0644\u0629<br \/>\n\u0637\u0648\u0644 \u0627\u0644\u0643\u0645: \u0643\u0645 \u0637\u0648\u064a\u0644<br \/>\n\u0627\u0644\u0645\u064a\u0632\u0629 \u0627\u0644\u0648\u0638\u064a\u0641\u064a\u0629: \u0637\u0627\u0631\u062f \u0644\u0644\u0645\u0627\u0621<br \/>\n\u0645\u0644\u062d\u0642 \u0627\u0644\u0645\u0646\u062a\u062c: \u062d\u0632\u0627\u0645<br \/>\n\u0627\u0644\u0645\u062c\u0645\u0648\u0639\u0629: \u0645\u0644\u0627\u0628\u0633 \u0645\u062d\u062a\u0634\u0645\u0629<br \/>\n\u0639\u062f\u062f \u0627\u0644\u0642\u0637\u0639: \u0642\u0637\u0639\u062a\u0627\u0646<br \/>\n\u0645\u064a\u0632\u0629 \u0625\u0636\u0627\u0641\u064a\u0629: \u0628\u0623\u0632\u0631\u0627\u0631<\/p>\n","protected":false},"excerpt":{"rendered":"<p>\u0645\u0639\u0637\u0641 \u062a\u0631\u064a\u0646\u0634 \u0646\u0633\u0627\u0626\u064a \u0645\u0646 RA\u015e\u0130T BA\u011eZIBA\u011eLI X LC WAIKIKI \u0628\u0644\u0648\u0646 \u0628\u0648\u0631\u062c\u0648\u0646\u062f\u064a \u0645\u0639 \u064a\u0627\u0642\u0629 \u0645\u0627\u0626\u0644\u0629 \u0645\u062a\u0627\u062d \u0644\u062f\u0649 LCW \u0645\u0639 \u062e\u0635\u0648\u0645\u0627\u062a \u062d\u0635\u0631\u064a\u0629 \u0648\u062e\u064a\u0627\u0631\u0627\u062a \u062f\u0641\u0639 \u0628\u0627\u0644\u0623\u0642\u0633\u0627\u0637 \u0648\u0645\u0632\u0627\u064a\u0627 \u0627\u0644\u062f\u0641\u0639 \u0639\u0646\u062f \u0627\u0644\u0627\u0633\u062a\u0644\u0627\u0645! \u062a\u0633\u0648\u0642\u064a \u0639\u0628\u0631 \u0627\u0644\u0625\u0646\u062a\u0631\u0646\u062a \u0627\u0644\u0622\u0646 \u0648\u0627\u062d\u0635\u0644\u064a \u0639\u0644\u0649 \u0627\u0644\u0645\u0646\u062a\u062c \u0623\u0645\u0627\u0645 \u0628\u0627\u0628 \u0645\u0646\u0632\u0644\u0643! \u2013 W5JT66Z8-F7F \u2014 \u0627\u0644\u062a\u0641\u0627\u0635\u064a\u0644 \u0627\u0644\u062a\u0642\u0646\u064a\u0629 \u2014 \u0627\u0644\u0645\u0646\u0634\u0623: \u062a\u0631\u0643\u064a\u0627 \u0627\u0644\u0628\u0627\u0626\u0639: LC Waikiki \u0627\u0644\u0639\u0644\u0627\u0645\u0629 \u0627\u0644\u062a\u062c\u0627\u0631\u064a\u0629: RA\u015e\u0130T BA\u011eZIBA\u011eLI X LC WAIKIKI [&hellip;]<\/p>\n","protected":false},"featured_media":85667,"comment_status":"open","ping_status":"closed","template":"","meta":[],"product_brand":[],"product_cat":[2048],"product_tag":[7686,7541,7152,7685,7684,7683],"class_list":{"0":"post-85688","1":"product","2":"type-product","3":"status-publish","4":"has-post-thumbnail","6":"product_cat-2048","7":"product_tag-lc-waikiki","8":"product_tag-7541","9":"product_tag-7152","10":"product_tag-7685","11":"product_tag-7684","12":"product_tag-7683","13":"pa_brand-rasit-bagzibagli-x-lc-waikiki","14":"pa_color-4503","15":"pa_size-4702","16":"pa_size-4705","17":"pa_size-4712","18":"pa_size-4714","19":"pa_size-4752","21":"first","22":"instock","23":"shipping-taxable","24":"purchasable","25":"product-type-variable"},"_links":{"self":[{"href":"https:\/\/mod.wisdar.net\/ar\/wp-json\/wp\/v2\/product\/85688","targetHints":{"allow":["GET"]}}],"collection":[{"href":"https:\/\/mod.wisdar.net\/ar\/wp-json\/wp\/v2\/product"}],"about":[{"href":"https:\/\/mod.wisdar.net\/ar\/wp-json\/wp\/v2\/types\/product"}],"replies":[{"embeddable":true,"href":"https:\/\/mod.wisdar.net\/ar\/wp-json\/wp\/v2\/comments?post=85688"}],"wp:featuredmedia":[{"embeddable":true,"href":"https:\/\/mod.wisdar.net\/ar\/wp-json\/wp\/v2\/media\/85667"}],"wp:attachment":[{"href":"https:\/\/mod.wisdar.net\/ar\/wp-json\/wp\/v2\/media?parent=85688"}],"wp:term":[{"taxonomy":"product_brand","embeddable":true,"href":"https:\/\/mod.wisdar.net\/ar\/wp-json\/wp\/v2\/product_brand?post=85688"},{"taxonomy":"product_cat","embeddable":true,"href":"https:\/\/mod.wisdar.net\/ar\/wp-json\/wp\/v2\/product_cat?post=85688"},{"taxonomy":"product_tag","embeddable":true,"href":"https:\/\/mod.wisdar.net\/ar\/wp-json\/wp\/v2\/product_tag?post=85688"}],"curies":[{"name":"wp","href":"https:\/\/api.w.org\/{rel}","templated":true}]}}