{"id":4057,"date":"2025-09-18T07:53:09","date_gmt":"2025-09-18T07:53:09","guid":{"rendered":"https:\/\/modesthanim.com\/iletisim\/"},"modified":"2026-02-12T13:52:37","modified_gmt":"2026-02-12T13:52:37","slug":"iletisim","status":"publish","type":"page","link":"https:\/\/mod.wisdar.net\/tr\/iletisim\/","title":{"rendered":"Bize Ula\u015f\u0131n"},"content":{"rendered":"\t\t<div data-elementor-type=\"wp-page\" data-elementor-id=\"4057\" class=\"elementor elementor-4057 elementor-3731\">\n\t\t\t\t\t\t<section class=\"elementor-section elementor-top-section elementor-element elementor-element-3910f5d8 elementor-section-boxed elementor-section-height-default elementor-section-height-default\" data-id=\"3910f5d8\" data-element_type=\"section\" data-e-type=\"section\">\n\t\t\t\t\t\t<div class=\"elementor-container elementor-column-gap-default\">\n\t\t\t\t\t<div class=\"elementor-column elementor-col-33 elementor-top-column elementor-element elementor-element-702cb635\" data-id=\"702cb635\" data-element_type=\"column\" data-e-type=\"column\">\n\t\t\t<div class=\"elementor-widget-wrap elementor-element-populated\">\n\t\t\t\t\t\t<div class=\"elementor-element elementor-element-66cf29dd elementor-widget elementor-widget-google_maps\" data-id=\"66cf29dd\" data-element_type=\"widget\" data-e-type=\"widget\" data-widget_type=\"google_maps.default\">\n\t\t\t\t\t\t\t<div class=\"elementor-custom-embed\">\n\t\t\t<iframe loading=\"lazy\"\n\t\t\t\t\tsrc=\"https:\/\/maps.google.com\/maps?q=istanbul%2C%20tyrkey&#038;t=m&#038;z=16&#038;output=embed&#038;iwloc=near\"\n\t\t\t\t\ttitle=\"istanbul, tyrkey\"\n\t\t\t\t\taria-label=\"istanbul, tyrkey\"\n\t\t\t><\/iframe>\n\t\t<\/div>\n\t\t\t\t\t\t<\/div>\n\t\t\t\t\t<\/div>\n\t\t<\/div>\n\t\t\t\t<div class=\"elementor-column elementor-col-66 elementor-top-column elementor-element elementor-element-61c17b71\" data-id=\"61c17b71\" data-element_type=\"column\" data-e-type=\"column\">\n\t\t\t<div class=\"elementor-widget-wrap elementor-element-populated\">\n\t\t\t\t\t\t<section class=\"elementor-section elementor-inner-section elementor-element elementor-element-44ef4767 elementor-section-boxed elementor-section-height-default elementor-section-height-default\" data-id=\"44ef4767\" data-element_type=\"section\" data-e-type=\"section\">\n\t\t\t\t\t\t<div class=\"elementor-container elementor-column-gap-default\">\n\t\t\t\t\t<div class=\"elementor-column elementor-col-50 elementor-inner-column elementor-element elementor-element-182f25b0\" data-id=\"182f25b0\" data-element_type=\"column\" data-e-type=\"column\">\n\t\t\t<div class=\"elementor-widget-wrap elementor-element-populated\">\n\t\t\t\t\t\t<div class=\"elementor-element elementor-element-169f1741 elementor-widget elementor-widget-heading\" data-id=\"169f1741\" data-element_type=\"widget\" data-e-type=\"widget\" data-widget_type=\"heading.default\">\n\t\t\t\t\t<h3 class=\"elementor-heading-title elementor-size-default\">Adres<\/h3>\t\t\t\t<\/div>\n\t\t\t\t<div class=\"elementor-element elementor-element-587b5103 elementor-widget elementor-widget-text-editor\" data-id=\"587b5103\" data-element_type=\"widget\" data-e-type=\"widget\" data-widget_type=\"text-editor.default\">\n\t\t\t\t\t\t\t\t\t<p>FAT\u0130H SULTAN MEHMET CAD\/ \u0130STANBUL  <\/p>\t\t\t\t\t\t\t\t<\/div>\n\t\t\t\t\t<\/div>\n\t\t<\/div>\n\t\t\t\t<div class=\"elementor-column elementor-col-50 elementor-inner-column elementor-element elementor-element-18e715d8\" data-id=\"18e715d8\" data-element_type=\"column\" data-e-type=\"column\">\n\t\t\t<div class=\"elementor-widget-wrap elementor-element-populated\">\n\t\t\t\t\t\t<div class=\"elementor-element elementor-element-40ff2cfa elementor-widget elementor-widget-heading\" data-id=\"40ff2cfa\" data-element_type=\"widget\" data-e-type=\"widget\" data-widget_type=\"heading.default\">\n\t\t\t\t\t<h3 class=\"elementor-heading-title elementor-size-default\">Telefon\n<\/h3>\t\t\t\t<\/div>\n\t\t\t\t<div class=\"elementor-element elementor-element-325502ab elementor-widget elementor-widget-text-editor\" data-id=\"325502ab\" data-element_type=\"widget\" data-e-type=\"widget\" data-widget_type=\"text-editor.default\">\n\t\t\t\t\t\t\t\t\t<p>Mobile: +905050594234<\/p>\t\t\t\t\t\t\t\t<\/div>\n\t\t\t\t\t<\/div>\n\t\t<\/div>\n\t\t\t\t\t<\/div>\n\t\t<\/section>\n\t\t\t\t<section class=\"elementor-section elementor-inner-section elementor-element elementor-element-1cf258c2 elementor-section-boxed elementor-section-height-default elementor-section-height-default\" data-id=\"1cf258c2\" data-element_type=\"section\" data-e-type=\"section\">\n\t\t\t\t\t\t<div class=\"elementor-container elementor-column-gap-default\">\n\t\t\t\t\t<div class=\"elementor-column elementor-col-50 elementor-inner-column elementor-element elementor-element-303f6f1e\" data-id=\"303f6f1e\" data-element_type=\"column\" data-e-type=\"column\">\n\t\t\t<div class=\"elementor-widget-wrap elementor-element-populated\">\n\t\t\t\t\t\t<div class=\"elementor-element elementor-element-641e159a elementor-widget elementor-widget-heading\" data-id=\"641e159a\" data-element_type=\"widget\" data-e-type=\"widget\" data-widget_type=\"heading.default\">\n\t\t\t\t\t<h3 class=\"elementor-heading-title elementor-size-default\">E-posta\n<\/h3>\t\t\t\t<\/div>\n\t\t\t\t<div class=\"elementor-element elementor-element-7f26dce9 elementor-widget elementor-widget-text-editor\" data-id=\"7f26dce9\" data-element_type=\"widget\" data-e-type=\"widget\" data-widget_type=\"text-editor.default\">\n\t\t\t\t\t\t\t\t\t<p>cs@modesthanim.com<\/p>\t\t\t\t\t\t\t\t<\/div>\n\t\t\t\t\t<\/div>\n\t\t<\/div>\n\t\t\t\t<div class=\"elementor-column elementor-col-50 elementor-inner-column elementor-element elementor-element-6f05ddab\" data-id=\"6f05ddab\" data-element_type=\"column\" data-e-type=\"column\">\n\t\t\t<div class=\"elementor-widget-wrap elementor-element-populated\">\n\t\t\t\t\t\t<div class=\"elementor-element elementor-element-723bd519 elementor-widget elementor-widget-heading\" data-id=\"723bd519\" data-element_type=\"widget\" data-e-type=\"widget\" data-widget_type=\"heading.default\">\n\t\t\t\t\t<h3 class=\"elementor-heading-title elementor-size-default\">Sosyal Medya<\/h3>\t\t\t\t<\/div>\n\t\t\t\t<div class=\"elementor-element elementor-element-4d63b8da elementor-widget elementor-widget-wp-widget-nasa_share_sc\" data-id=\"4d63b8da\" data-element_type=\"widget\" data-e-type=\"widget\" data-widget_type=\"wp-widget-nasa_share_sc.default\">\n\t\t\t\t<div class=\"elementor-widget-container\">\n\t\t\t\t\t<div class=\"ns-social social-icons nasa-share nasa-flex\"><a href=\"https:\/\/www.facebook.com\/sharer.php?u=https:\/\/mod.wisdar.net\/tr\/iletisim\/\" target=\"_blank\" class=\"icon nasa-tip\" title=\"Facebook&#039;ta Payla\u015f\" rel=\"nofollow\"><svg viewBox=\"0 0 32 32\" with=\"15\" height=\"15\" fill=\"currentColor\"><path d=\"M 19.253906 2 C 15.311906 2 13 4.0821719 13 8.8261719 L 13 13 L 8 13 L 8 18 L 13 18 L 13 30 L 18 30 L 18 18 L 22 18 L 23 13 L 18 13 L 18 9.671875 C 18 7.884875 18.582766 7 20.259766 7 L 23 7 L 23 2.2050781 C 22.526 2.1410781 21.144906 2 19.253906 2 z\"\/><\/svg><\/a><a href=\"https:\/\/api.whatsapp.com\/send?text=https:\/\/mod.wisdar.net\/tr\/iletisim\/\" target=\"_blank\" class=\"icon nasa-tip\" title=\"WhatsApp&#039;ta payla\u015f\" rel=\"nofollow\"><svg viewBox=\"0 0 24 24\" width=\"17\" height=\"17\" fill=\"currentColor\"><path d=\"M 12.011719 2 C 6.5057187 2 2.0234844 6.478375 2.0214844 11.984375 C 2.0204844 13.744375 2.4814687 15.462563 3.3554688 16.976562 L 2 22 L 7.2324219 20.763672 C 8.6914219 21.559672 10.333859 21.977516 12.005859 21.978516 L 12.009766 21.978516 C 17.514766 21.978516 21.995047 17.499141 21.998047 11.994141 C 22.000047 9.3251406 20.962172 6.8157344 19.076172 4.9277344 C 17.190172 3.0407344 14.683719 2.001 12.011719 2 z M 12.009766 4 C 14.145766 4.001 16.153109 4.8337969 17.662109 6.3417969 C 19.171109 7.8517969 20.000047 9.8581875 19.998047 11.992188 C 19.996047 16.396187 16.413812 19.978516 12.007812 19.978516 C 10.674812 19.977516 9.3544062 19.642812 8.1914062 19.007812 L 7.5175781 18.640625 L 6.7734375 18.816406 L 4.8046875 19.28125 L 5.2851562 17.496094 L 5.5019531 16.695312 L 5.0878906 15.976562 C 4.3898906 14.768562 4.0204844 13.387375 4.0214844 11.984375 C 4.0234844 7.582375 7.6067656 4 12.009766 4 z M 8.4765625 7.375 C 8.3095625 7.375 8.0395469 7.4375 7.8105469 7.6875 C 7.5815469 7.9365 6.9355469 8.5395781 6.9355469 9.7675781 C 6.9355469 10.995578 7.8300781 12.182609 7.9550781 12.349609 C 8.0790781 12.515609 9.68175 15.115234 12.21875 16.115234 C 14.32675 16.946234 14.754891 16.782234 15.212891 16.740234 C 15.670891 16.699234 16.690438 16.137687 16.898438 15.554688 C 17.106437 14.971687 17.106922 14.470187 17.044922 14.367188 C 16.982922 14.263188 16.816406 14.201172 16.566406 14.076172 C 16.317406 13.951172 15.090328 13.348625 14.861328 13.265625 C 14.632328 13.182625 14.464828 13.140625 14.298828 13.390625 C 14.132828 13.640625 13.655766 14.201187 13.509766 14.367188 C 13.363766 14.534188 13.21875 14.556641 12.96875 14.431641 C 12.71875 14.305641 11.914938 14.041406 10.960938 13.191406 C 10.218937 12.530406 9.7182656 11.714844 9.5722656 11.464844 C 9.4272656 11.215844 9.5585938 11.079078 9.6835938 10.955078 C 9.7955938 10.843078 9.9316406 10.663578 10.056641 10.517578 C 10.180641 10.371578 10.223641 10.267562 10.306641 10.101562 C 10.389641 9.9355625 10.347156 9.7890625 10.285156 9.6640625 C 10.223156 9.5390625 9.737625 8.3065 9.515625 7.8125 C 9.328625 7.3975 9.131125 7.3878594 8.953125 7.3808594 C 8.808125 7.3748594 8.6425625 7.375 8.4765625 7.375 z\"\/><\/svg><\/a><a href=\"mailto:enter-your-mail@domain-here.com?subject=Bize%20Ula%C5%9F%C4%B1n&amp;body=Check%20this%20out:%20https:\/\/mod.wisdar.net\/tr\/iletisim\/\" target=\"_blank\" class=\"icon nasa-tip\" title=\"arkada\u015flar\u0131na e-posta g\u00f6nder\" rel=\"nofollow\"><svg viewBox=\"0 0 24 24\" width=\"17\" height=\"17\" fill=\"currentColor\"><path d=\"M19,4H5A3,3,0,0,0,2,7V17a3,3,0,0,0,3,3H19a3,3,0,0,0,3-3V7A3,3,0,0,0,19,4ZM5,6H19a1,1,0,0,1,1,1l-8,4.88L4,7A1,1,0,0,1,5,6ZM20,17a1,1,0,0,1-1,1H5a1,1,0,0,1-1-1V9.28l7.48,4.57a1,1,0,0,0,1,0L20,9.28Z\"\/><\/svg><\/a><\/div>\t\t\t\t<\/div>\n\t\t\t\t<\/div>\n\t\t\t\t\t<\/div>\n\t\t<\/div>\n\t\t\t\t\t<\/div>\n\t\t<\/section>\n\t\t\t\t<section class=\"elementor-section elementor-inner-section elementor-element elementor-element-48d446c5 elementor-section-boxed elementor-section-height-default elementor-section-height-default\" data-id=\"48d446c5\" data-element_type=\"section\" data-e-type=\"section\">\n\t\t\t\t\t\t<div class=\"elementor-container elementor-column-gap-default\">\n\t\t\t\t\t<div class=\"elementor-column elementor-col-100 elementor-inner-column elementor-element elementor-element-7e4377a\" data-id=\"7e4377a\" data-element_type=\"column\" data-e-type=\"column\">\n\t\t\t<div class=\"elementor-widget-wrap elementor-element-populated\">\n\t\t\t\t\t\t<div class=\"elementor-element elementor-element-3b971088 elementor-widget elementor-widget-text-editor\" data-id=\"3b971088\" data-element_type=\"widget\" data-e-type=\"widget\" data-widget_type=\"text-editor.default\">\n\t\t\t\t\t\t\t\t\t<p>Herhangi bir sorunuz varsa l\u00fctfen bizimle ileti\u015fime ge\u00e7mekten \u00e7ekinmeyin.<br \/>Size en k\u0131sa s\u00fcrede d\u00f6n\u00fc\u015f yapaca\u011f\u0131z.<br \/>Te\u015fekk\u00fcr ederiz!<\/p>\t\t\t\t\t\t\t\t<\/div>\n\t\t\t\t\t<\/div>\n\t\t<\/div>\n\t\t\t\t\t<\/div>\n\t\t<\/section>\n\t\t\t\t<section class=\"elementor-section elementor-inner-section elementor-element elementor-element-5c6d942b elementor-section-boxed elementor-section-height-default elementor-section-height-default\" data-id=\"5c6d942b\" data-element_type=\"section\" data-e-type=\"section\">\n\t\t\t\t\t\t<div class=\"elementor-container elementor-column-gap-default\">\n\t\t\t\t\t<div class=\"elementor-column elementor-col-100 elementor-inner-column elementor-element elementor-element-191ef37d\" data-id=\"191ef37d\" data-element_type=\"column\" data-e-type=\"column\">\n\t\t\t<div class=\"elementor-widget-wrap elementor-element-populated\">\n\t\t\t\t\t\t<div class=\"elementor-element elementor-element-3ea490f1 elementor-widget elementor-widget-heading\" data-id=\"3ea490f1\" data-element_type=\"widget\" data-e-type=\"widget\" data-widget_type=\"heading.default\">\n\t\t\t\t\t<h3 class=\"elementor-heading-title elementor-size-default\">Bize mesaj g\u00f6nderin<\/h3>\t\t\t\t<\/div>\n\t\t\t\t<div class=\"elementor-element elementor-element-6ababf5b elementor-widget elementor-widget-shortcode\" data-id=\"6ababf5b\" data-element_type=\"widget\" data-e-type=\"widget\" data-widget_type=\"shortcode.default\">\n\t\t\t\t\t\t\t<div class=\"elementor-shortcode\">\n<div class=\"wpcf7 no-js\" id=\"wpcf7-f75480-o1\" lang=\"tr-TR\" dir=\"ltr\" data-wpcf7-id=\"75480\">\n<div class=\"screen-reader-response\"><p role=\"status\" aria-live=\"polite\" aria-atomic=\"true\"><\/p> <ul><\/ul><\/div>\n<form action=\"\/tr\/wp-json\/wp\/v2\/pages\/4057#wpcf7-f75480-o1\" method=\"post\" class=\"wpcf7-form init\" aria-label=\"\u0130leti\u015fim Formu\" novalidate=\"novalidate\" data-status=\"init\">\n<fieldset class=\"hidden-fields-container\"><input type=\"hidden\" name=\"_wpcf7\" value=\"75480\" \/><input type=\"hidden\" name=\"_wpcf7_version\" value=\"6.1.5\" \/><input type=\"hidden\" name=\"_wpcf7_locale\" value=\"tr_TR\" \/><input type=\"hidden\" name=\"_wpcf7_unit_tag\" value=\"wpcf7-f75480-o1\" \/><input type=\"hidden\" name=\"_wpcf7_container_post\" value=\"0\" \/><input type=\"hidden\" name=\"_wpcf7_posted_data_hash\" value=\"\" \/>\n<\/fieldset>\n<div class=\"my-custom-form\">\n\t<p><label> Ad\u0131n\u0131z Soyad\u0131n\u0131z (Zorunlu)<br \/>\n<span class=\"wpcf7-form-control-wrap\" data-name=\"your-name\"><input size=\"40\" maxlength=\"400\" class=\"wpcf7-form-control wpcf7-text wpcf7-validates-as-required form-control\" aria-required=\"true\" aria-invalid=\"false\" placeholder=\"Ad\u0131n\u0131z\u0131 buraya girin\" value=\"\" type=\"text\" name=\"your-name\" \/><\/span> <\/label>\n\t<\/p>\n\t<p><label> E-posta adresiniz (Gerekli)<br \/>\n<span class=\"wpcf7-form-control-wrap\" data-name=\"your-email\"><input size=\"40\" maxlength=\"400\" class=\"wpcf7-form-control wpcf7-email wpcf7-validates-as-required wpcf7-text wpcf7-validates-as-email form-control\" aria-required=\"true\" aria-invalid=\"false\" placeholder=\"E-posta adresiniz\" value=\"\" type=\"email\" name=\"your-email\" \/><\/span> <\/label>\n\t<\/p>\n\t<p><label> Mesaj\u0131n\u0131z<br \/>\n<span class=\"wpcf7-form-control-wrap\" data-name=\"your-message\"><textarea cols=\"40\" rows=\"10\" maxlength=\"2000\" class=\"wpcf7-form-control wpcf7-textarea form-control\" aria-invalid=\"false\" placeholder=\"Size nas\u0131l yard\u0131mc\u0131 olabiliriz?\" name=\"your-message\"><\/textarea><\/span> <\/label>\n\t<\/p>\n\t<p><input class=\"wpcf7-form-control wpcf7-submit has-spinner btn-submit\" type=\"submit\" value=\"Mesaj G\u00f6nder\" \/>\n\t<\/p>\n<\/div><div class=\"wpcf7-response-output\" aria-hidden=\"true\"><\/div>\n<\/form>\n<\/div>\n<\/div>\n\t\t\t\t\t\t<\/div>\n\t\t\t\t\t<\/div>\n\t\t<\/div>\n\t\t\t\t\t<\/div>\n\t\t<\/section>\n\t\t\t\t\t<\/div>\n\t\t<\/div>\n\t\t\t\t\t<\/div>\n\t\t<\/section>\n\t\t\t\t<\/div>\n\t\t","protected":false},"excerpt":{"rendered":"<p>Adres FAT\u0130H SULTAN MEHMET CAD\/ \u0130STANBUL Telefon Mobile: +905050594234 E-posta cs@modesthanim.com Sosyal Medya Herhangi bir sorunuz varsa l\u00fctfen bizimle ileti\u015fime ge\u00e7mekten \u00e7ekinmeyin.Size en k\u0131sa s\u00fcrede d\u00f6n\u00fc\u015f yapaca\u011f\u0131z.Te\u015fekk\u00fcr ederiz! Bize mesaj g\u00f6nderin<\/p>\n","protected":false},"author":1,"featured_media":0,"parent":0,"menu_order":0,"comment_status":"closed","ping_status":"closed","template":"","meta":{"footnotes":""},"class_list":["post-4057","page","type-page","status-publish","hentry"],"_links":{"self":[{"href":"https:\/\/mod.wisdar.net\/tr\/wp-json\/wp\/v2\/pages\/4057","targetHints":{"allow":["GET"]}}],"collection":[{"href":"https:\/\/mod.wisdar.net\/tr\/wp-json\/wp\/v2\/pages"}],"about":[{"href":"https:\/\/mod.wisdar.net\/tr\/wp-json\/wp\/v2\/types\/page"}],"author":[{"embeddable":true,"href":"https:\/\/mod.wisdar.net\/tr\/wp-json\/wp\/v2\/users\/1"}],"replies":[{"embeddable":true,"href":"https:\/\/mod.wisdar.net\/tr\/wp-json\/wp\/v2\/comments?post=4057"}],"version-history":[{"count":15,"href":"https:\/\/mod.wisdar.net\/tr\/wp-json\/wp\/v2\/pages\/4057\/revisions"}],"predecessor-version":[{"id":97123,"href":"https:\/\/mod.wisdar.net\/tr\/wp-json\/wp\/v2\/pages\/4057\/revisions\/97123"}],"wp:attachment":[{"href":"https:\/\/mod.wisdar.net\/tr\/wp-json\/wp\/v2\/media?parent=4057"}],"curies":[{"name":"wp","href":"https:\/\/api.w.org\/{rel}","templated":true}]}}