{"id":81010,"date":"2026-01-11T10:49:24","date_gmt":"2026-01-11T10:49:24","guid":{"rendered":"https:\/\/modesthanim.com\/inceleme-ve-degisim-politikasi\/"},"modified":"2026-02-11T01:06:53","modified_gmt":"2026-02-11T01:06:53","slug":"inceleme-ve-degisim-politikasi","status":"publish","type":"page","link":"https:\/\/mod.wisdar.net\/tr\/inceleme-ve-degisim-politikasi\/","title":{"rendered":"\u0130ade ve De\u011fi\u015fim Politikas\u0131"},"content":{"rendered":"\t\t<div data-elementor-type=\"wp-page\" data-elementor-id=\"81010\" class=\"elementor elementor-81010 elementor-70143\">\n\t\t\t\t\t\t<section class=\"elementor-section elementor-top-section elementor-element elementor-element-65e2d4db elementor-section-boxed elementor-section-height-default elementor-section-height-default\" data-id=\"65e2d4db\" data-element_type=\"section\" data-e-type=\"section\">\n\t\t\t\t\t\t<div class=\"elementor-container elementor-column-gap-default\">\n\t\t\t\t\t<div class=\"elementor-column elementor-col-100 elementor-top-column elementor-element elementor-element-48ed8756\" data-id=\"48ed8756\" data-element_type=\"column\" data-e-type=\"column\">\n\t\t\t<div class=\"elementor-widget-wrap elementor-element-populated\">\n\t\t\t\t\t\t<div class=\"elementor-element elementor-element-72de40e2 elementor-widget__width-initial elementor-widget elementor-widget-text-editor\" data-id=\"72de40e2\" data-element_type=\"widget\" data-e-type=\"widget\" data-widget_type=\"text-editor.default\">\n\t\t\t\t\t\t\t\t\t<h3 class=\"wp-block-heading\"> \u0130ade ve De\u011fi\u015fim Politikas\u0131 <\/h3><h3 class=\"wp-block-heading\">Birinci: Teslimatta \u0130nceleme<\/h3><p>\u2714\ufe0f Teslimatta inceleme imkan\u0131 sunuyoruz.<br>\u0130nceleme, al\u0131nan \u00fcr\u00fcn\u00fcn a\u015fa\u011f\u0131daki a\u00e7\u0131lardan sipari\u015f edilenle e\u015fle\u015fti\u011fini do\u011frulamak anlam\u0131na gelir:<\/p><ul class=\"wp-block-list\"><li>\u00dcr\u00fcn durumu ve \u00fcretim hatas\u0131 olmamas\u0131<\/li><li>Sipari\u015f edilen do\u011fru beden<\/li><li>Web sitesinde g\u00f6sterilen g\u00f6rsellerle e\u015fle\u015fen renk (\u00f6nemli bir fark olmamas\u0131)<\/li><\/ul><p>\u2714\ufe0f A\u015fa\u011f\u0131daki durumlarda \u00fcr\u00fcn\u00fc <strong>tam geri \u00f6deme<\/strong> ile iade etme hakk\u0131na sahipsiniz:<\/p><ul class=\"wp-block-list\"><li>\u00dcr\u00fcnde kusur varsa<\/li><li>Sipari\u015f edilenden farkl\u0131 bir beden teslim edildiyse<\/li><li>\u00dcr\u00fcn rengi ile web sitesindeki g\u00f6rseller aras\u0131nda tam bir uyumsuzluk varsa<\/li><\/ul><hr class=\"wp-block-separator has-alpha-channel-opacity\"><h3 class=\"wp-block-heading\">\u0130kinci: De\u011fi\u015fim Politikas\u0131<\/h3><p>\u00dcr\u00fcn sipari\u015fle e\u015fle\u015fiyor ve kusursuzsa ancak memnun de\u011filseniz, a\u015fa\u011f\u0131daki ko\u015fullarla de\u011fi\u015fim talep edebilirsiniz:<\/p><ul class=\"wp-block-list\"><li>M\u00fc\u015fteri t\u00fcm kargo ve teslimat masraflar\u0131n\u0131 kar\u015f\u0131lar<\/li><li>Yeni \u00fcr\u00fcn\u00fcn kargo \u00fccreti \u00f6denmelidir<\/li><li>\u00dcr\u00fcn orijinal durumunda, kullan\u0131lmam\u0131\u015f ve herhangi bir kokudan (parf\u00fcm, ter vb.) ar\u0131nm\u0131\u015f olmal\u0131d\u0131r<\/li><\/ul><p>\ud83d\udce6 De\u011fi\u015fimler, ma\u011fazadaki \u00fcr\u00fcn mevcudiyetine tabidir.<\/p><hr class=\"wp-block-separator has-alpha-channel-opacity\"><h3 class=\"wp-block-heading\">De\u011ferli M\u00fc\u015fterilerimiz \u0130\u00e7in \u00d6nemli Not \ud83e\udd0d<\/h3><p><strong>Modest Han\u0131m<\/strong> olarak taahh\u00fcd\u00fcm\u00fcz:<\/p><ul class=\"wp-block-list\"><li>T\u00fcm sipari\u015fleri g\u00f6ndermeden \u00f6nce dikkatle incelemek<\/li><li>Ger\u00e7ek \u00fcr\u00fcn g\u00f6rselleri ve do\u011fru detaylar sunmak<\/li><li>M\u00fc\u015fterilerimizin haklar\u0131n\u0131 koruyan ve g\u00fcvenli, rahat bir al\u0131\u015fveri\u015f deneyimi sa\u011flayan net politikalar sunmak<\/li><\/ul><p>Amac\u0131m\u0131z, g\u00fcvenle ve tam bir huzurla al\u0131\u015fveri\u015f yapman\u0131z\u0131 sa\u011flamakt\u0131r \ud83c\udf38<\/p>\t\t\t\t\t\t\t\t<\/div>\n\t\t\t\t\t<\/div>\n\t\t<\/div>\n\t\t\t\t\t<\/div>\n\t\t<\/section>\n\t\t\t\t<\/div>\n\t\t","protected":false},"excerpt":{"rendered":"<p>\u0130ade ve De\u011fi\u015fim Politikas\u0131 Birinci: Teslimatta \u0130nceleme \u2714\ufe0f Teslimatta inceleme imkan\u0131 sunuyoruz.\u0130nceleme, al\u0131nan \u00fcr\u00fcn\u00fcn a\u015fa\u011f\u0131daki a\u00e7\u0131lardan sipari\u015f edilenle e\u015fle\u015fti\u011fini do\u011frulamak anlam\u0131na gelir: \u00dcr\u00fcn durumu ve \u00fcretim hatas\u0131 olmamas\u0131 Sipari\u015f edilen do\u011fru beden Web sitesinde g\u00f6sterilen g\u00f6rsellerle e\u015fle\u015fen renk (\u00f6nemli bir fark olmamas\u0131) \u2714\ufe0f A\u015fa\u011f\u0131daki durumlarda \u00fcr\u00fcn\u00fc tam geri \u00f6deme ile iade etme hakk\u0131na sahipsiniz: \u00dcr\u00fcnde [&hellip;]<\/p>\n","protected":false},"author":2,"featured_media":0,"parent":0,"menu_order":0,"comment_status":"closed","ping_status":"closed","template":"","meta":{"footnotes":""},"class_list":["post-81010","page","type-page","status-publish","hentry"],"_links":{"self":[{"href":"https:\/\/mod.wisdar.net\/tr\/wp-json\/wp\/v2\/pages\/81010","targetHints":{"allow":["GET"]}}],"collection":[{"href":"https:\/\/mod.wisdar.net\/tr\/wp-json\/wp\/v2\/pages"}],"about":[{"href":"https:\/\/mod.wisdar.net\/tr\/wp-json\/wp\/v2\/types\/page"}],"author":[{"embeddable":true,"href":"https:\/\/mod.wisdar.net\/tr\/wp-json\/wp\/v2\/users\/2"}],"replies":[{"embeddable":true,"href":"https:\/\/mod.wisdar.net\/tr\/wp-json\/wp\/v2\/comments?post=81010"}],"version-history":[{"count":3,"href":"https:\/\/mod.wisdar.net\/tr\/wp-json\/wp\/v2\/pages\/81010\/revisions"}],"predecessor-version":[{"id":97065,"href":"https:\/\/mod.wisdar.net\/tr\/wp-json\/wp\/v2\/pages\/81010\/revisions\/97065"}],"wp:attachment":[{"href":"https:\/\/mod.wisdar.net\/tr\/wp-json\/wp\/v2\/media?parent=81010"}],"curies":[{"name":"wp","href":"https:\/\/api.w.org\/{rel}","templated":true}]}}