{"id":100175,"date":"2026-02-15T13:23:20","date_gmt":"2026-02-15T13:23:20","guid":{"rendered":"https:\/\/modesthanim.com\/product\/gabardin-dantel-yaka-elbise-kiz-bebek\/"},"modified":"2026-04-09T07:13:17","modified_gmt":"2026-04-09T07:13:17","slug":"gabardin-dantel-yaka-elbise-kiz-bebek","status":"publish","type":"product","link":"https:\/\/mod.wisdar.net\/tr\/urun\/gabardin-dantel-yaka-elbise-kiz-bebek\/","title":{"rendered":"Gabardin Dantel Yaka Elbise K\u0131z Bebek"},"content":{"rendered":"<p>Gabardin kuma\u015f\u0131 ve dantel yakas\u0131yla \u015f\u0131k bir tasar\u0131m sunan elbise, k\u0131z bebekler i\u00e7in rahat ve konforlu bir kullan\u0131m sa\u011flar. Zarif detaylar\u0131yla \u00f6zel g\u00fcnlerde sevimli bir tercih olu\u015fturur.<\/p>\n","protected":false},"excerpt":{"rendered":"<p>Gabardin kuma\u015f\u0131 ve dantel yakas\u0131yla \u015f\u0131k bir tasar\u0131m sunan elbise, k\u0131z bebekler i\u00e7in rahat ve konforlu bir kullan\u0131m sa\u011flar. Zarif detaylar\u0131yla \u00f6zel g\u00fcnlerde sevimli bir tercih olu\u015fturur.<\/p>\n","protected":false},"featured_media":100172,"comment_status":"open","ping_status":"closed","template":"","meta":[],"product_brand":[],"product_cat":[8712,8718,8715,8694,8697],"product_tag":[8779,8782,8780,8781,5194],"class_list":{"0":"post-100175","1":"product","2":"type-product","3":"status-publish","4":"has-post-thumbnail","6":"product_cat-bebek-elbiseleri","7":"product_cat-elbiseler-etekler","8":"product_cat-kiz-cocuklari-2-14-yas","9":"product_cat-cocuklar","10":"product_cat-yenidogan-0-12-ay","11":"product_tag-baby-girl-dress","12":"product_tag-elegant-baby-clothing","13":"product_tag-gabardine-dress","14":"product_tag-lace-collar","15":"product_tag-special-occasion-dress","16":"pa_brand-defacto","17":"pa_color-bordo","18":"pa_size-12-18-ay-86cm","19":"pa_size-18-24-ay-92cm","20":"pa_size-2-3-yas-98cm","21":"pa_size-3-4-yas-104-cm","22":"pa_size-4-5-yas-110cm","23":"pa_size-5-6-yas-116cm","25":"first","26":"instock","27":"sale","28":"shipping-taxable","29":"purchasable","30":"product-type-variable"},"_links":{"self":[{"href":"https:\/\/mod.wisdar.net\/tr\/wp-json\/wp\/v2\/product\/100175","targetHints":{"allow":["GET"]}}],"collection":[{"href":"https:\/\/mod.wisdar.net\/tr\/wp-json\/wp\/v2\/product"}],"about":[{"href":"https:\/\/mod.wisdar.net\/tr\/wp-json\/wp\/v2\/types\/product"}],"replies":[{"embeddable":true,"href":"https:\/\/mod.wisdar.net\/tr\/wp-json\/wp\/v2\/comments?post=100175"}],"wp:featuredmedia":[{"embeddable":true,"href":"https:\/\/mod.wisdar.net\/tr\/wp-json\/wp\/v2\/media\/100172"}],"wp:attachment":[{"href":"https:\/\/mod.wisdar.net\/tr\/wp-json\/wp\/v2\/media?parent=100175"}],"wp:term":[{"taxonomy":"product_brand","embeddable":true,"href":"https:\/\/mod.wisdar.net\/tr\/wp-json\/wp\/v2\/product_brand?post=100175"},{"taxonomy":"product_cat","embeddable":true,"href":"https:\/\/mod.wisdar.net\/tr\/wp-json\/wp\/v2\/product_cat?post=100175"},{"taxonomy":"product_tag","embeddable":true,"href":"https:\/\/mod.wisdar.net\/tr\/wp-json\/wp\/v2\/product_tag?post=100175"}],"curies":[{"name":"wp","href":"https:\/\/api.w.org\/{rel}","templated":true}]}}