{"id":100217,"date":"2026-02-15T13:25:11","date_gmt":"2026-02-15T13:25:11","guid":{"rendered":"https:\/\/modesthanim.com\/product\/2li-takim-palmiye-desenli-kisa-kollu-keten-citcitli-body-beli-lastikli-sort-erkek-bebek\/"},"modified":"2026-03-03T12:38:08","modified_gmt":"2026-03-03T12:38:08","slug":"2li-takim-palmiye-desenli-kisa-kollu-keten-citcitli-body-beli-lastikli-sort-erkek-bebek","status":"publish","type":"product","link":"https:\/\/mod.wisdar.net\/tr\/urun\/2li-takim-palmiye-desenli-kisa-kollu-keten-citcitli-body-beli-lastikli-sort-erkek-bebek\/","title":{"rendered":"2&#8217;li Tak\u0131m Palmiye Desenli K\u0131sa Kollu Keten \u00c7\u0131t\u00e7\u0131tl\u0131 Body Beli Lastikli \u015eort Erkek Bebek"},"content":{"rendered":"<p>Erkek bebek 2&#8217;li tak\u0131m, palmiye desenli k\u0131sa kollu keten \u00e7\u0131t\u00e7\u0131tl\u0131 body ve beli lastikli \u015forttan olu\u015fur. Hafif ve nefes alabilen yap\u0131s\u0131yla yaz g\u00fcnlerinde konforlu bir \u015f\u0131kl\u0131k sunar.<\/p>\n","protected":false},"excerpt":{"rendered":"<p>Erkek bebek 2&#8217;li tak\u0131m, palmiye desenli k\u0131sa kollu keten \u00e7\u0131t\u00e7\u0131tl\u0131 body ve beli lastikli \u015forttan olu\u015fur. Hafif ve nefes alabilen yap\u0131s\u0131yla yaz g\u00fcnlerinde konforlu bir \u015f\u0131kl\u0131k sunar.<\/p>\n","protected":false},"featured_media":100212,"comment_status":"open","ping_status":"closed","template":"","meta":[],"product_brand":[],"product_cat":[8703,8694,8697],"product_tag":[],"class_list":{"0":"post-100217","1":"product","2":"type-product","3":"status-publish","4":"has-post-thumbnail","6":"product_cat-bebek-setleri","7":"product_cat-cocuklar","8":"product_cat-yenidogan-0-12-ay","9":"pa_brand-defacto","10":"pa_color-bej","11":"pa_size-1-3-ay-62cm","12":"pa_size-12-18-ay-86cm","13":"pa_size-18-24-ay-92cm","14":"pa_size-24-36-ay-98-cm","15":"pa_size-3-6-ay-68cm","16":"pa_size-6-9-ay-74cm","17":"pa_size-9-12-ay-80cm","19":"first","20":"instock","21":"sale","22":"shipping-taxable","23":"purchasable","24":"product-type-variable"},"_links":{"self":[{"href":"https:\/\/mod.wisdar.net\/tr\/wp-json\/wp\/v2\/product\/100217","targetHints":{"allow":["GET"]}}],"collection":[{"href":"https:\/\/mod.wisdar.net\/tr\/wp-json\/wp\/v2\/product"}],"about":[{"href":"https:\/\/mod.wisdar.net\/tr\/wp-json\/wp\/v2\/types\/product"}],"replies":[{"embeddable":true,"href":"https:\/\/mod.wisdar.net\/tr\/wp-json\/wp\/v2\/comments?post=100217"}],"wp:featuredmedia":[{"embeddable":true,"href":"https:\/\/mod.wisdar.net\/tr\/wp-json\/wp\/v2\/media\/100212"}],"wp:attachment":[{"href":"https:\/\/mod.wisdar.net\/tr\/wp-json\/wp\/v2\/media?parent=100217"}],"wp:term":[{"taxonomy":"product_brand","embeddable":true,"href":"https:\/\/mod.wisdar.net\/tr\/wp-json\/wp\/v2\/product_brand?post=100217"},{"taxonomy":"product_cat","embeddable":true,"href":"https:\/\/mod.wisdar.net\/tr\/wp-json\/wp\/v2\/product_cat?post=100217"},{"taxonomy":"product_tag","embeddable":true,"href":"https:\/\/mod.wisdar.net\/tr\/wp-json\/wp\/v2\/product_tag?post=100217"}],"curies":[{"name":"wp","href":"https:\/\/api.w.org\/{rel}","templated":true}]}}