{"id":100360,"date":"2026-02-15T16:52:29","date_gmt":"2026-02-15T16:52:29","guid":{"rendered":"https:\/\/modesthanim.com\/product\/ekru-baskili-erkek-bebek-hastane-cikis-seti\/"},"modified":"2026-04-15T22:40:47","modified_gmt":"2026-04-15T22:40:47","slug":"ekru-baskili-erkek-bebek-hastane-cikis-seti","status":"publish","type":"product","link":"https:\/\/mod.wisdar.net\/tr\/urun\/ekru-baskili-erkek-bebek-hastane-cikis-seti\/","title":{"rendered":"Ekru Bask\u0131l\u0131 Erkek Bebek Hastane \u00c7\u0131k\u0131\u015f Seti"},"content":{"rendered":"<p>LCW baby Ekru Bask\u0131l\u0131 Erkek Bebek Hastane \u00c7\u0131k\u0131\u015f Seti size \u00f6zel indirim, taksit ve kap\u0131da \u00f6deme avantajlar\u0131yla LCW&#8217;de! Hemen online al\u0131\u015fveri\u015f yap, \u00fcr\u00fcn kap\u0131na gelsin! \u2013 S64342Z1-LRA<\/p>\n<p>\u2014 Technical Details \u2014<br \/>\nMen\u015fei: Hindistan,Turk\u0131ye<br \/>\nSat\u0131c\u0131: LC Waikiki<br \/>\nMarka: LCW baby<br \/>\n\u00dcr\u00fcn Tipi: Hastane Seti<br \/>\nCinsiyet: Erkek Bebek<br \/>\nKal\u0131p: Standart &amp; Regular<br \/>\nKuma\u015f: Penye<br \/>\nDesen: Bask\u0131l\u0131<br \/>\nYaka: V Yaka<br \/>\nKal\u0131nl\u0131k: \u0130nce<br \/>\nKol Boyu: Uzun Kollu<br \/>\nPaket \u0130\u00e7eri\u011fi: 3&#8217;l\u00fc Paket<br \/>\nPatik \u00d6zelli\u011fi: Patikli<br \/>\n\u00dcr\u00fcn Aksesuar\u0131: Bere<br \/>\nMalzeme: %100 Pamuk<br \/>\nKoleksiyon: Yenido\u011fan<br \/>\nPar\u00e7a Say\u0131s\u0131: 3 Par\u00e7a<\/p>\n","protected":false},"excerpt":{"rendered":"<p>LCW baby Ekru Bask\u0131l\u0131 Erkek Bebek Hastane \u00c7\u0131k\u0131\u015f Seti size \u00f6zel indirim, taksit ve kap\u0131da \u00f6deme avantajlar\u0131yla LCW&#8217;de! Hemen online al\u0131\u015fveri\u015f yap, \u00fcr\u00fcn kap\u0131na gelsin! \u2013 S64342Z1-LRA \u2014 Technical Details \u2014 Men\u015fei: Hindistan,Turk\u0131ye Sat\u0131c\u0131: LC Waikiki Marka: LCW baby \u00dcr\u00fcn Tipi: Hastane Seti Cinsiyet: Erkek Bebek Kal\u0131p: Standart &amp; Regular Kuma\u015f: Penye Desen: Bask\u0131l\u0131 Yaka: [&hellip;]<\/p>\n","protected":false},"featured_media":100349,"comment_status":"open","ping_status":"closed","template":"","meta":[],"product_brand":[],"product_cat":[8703,8694,8697],"product_tag":[7488],"class_list":{"0":"post-100360","1":"product","2":"type-product","3":"status-publish","4":"has-post-thumbnail","6":"product_cat-bebek-setleri","7":"product_cat-cocuklar","8":"product_cat-yenidogan-0-12-ay","9":"product_tag-pamuk","10":"pa_brand-lcw-baby","11":"pa_color-ekru","12":"pa_size-0-1-ay","13":"pa_size-1-3-ay","14":"pa_size-3-6-ay","15":"pa_size-6-9-ay","17":"first","18":"instock","19":"sale","20":"shipping-taxable","21":"purchasable","22":"product-type-variable"},"_links":{"self":[{"href":"https:\/\/mod.wisdar.net\/tr\/wp-json\/wp\/v2\/product\/100360","targetHints":{"allow":["GET"]}}],"collection":[{"href":"https:\/\/mod.wisdar.net\/tr\/wp-json\/wp\/v2\/product"}],"about":[{"href":"https:\/\/mod.wisdar.net\/tr\/wp-json\/wp\/v2\/types\/product"}],"replies":[{"embeddable":true,"href":"https:\/\/mod.wisdar.net\/tr\/wp-json\/wp\/v2\/comments?post=100360"}],"wp:featuredmedia":[{"embeddable":true,"href":"https:\/\/mod.wisdar.net\/tr\/wp-json\/wp\/v2\/media\/100349"}],"wp:attachment":[{"href":"https:\/\/mod.wisdar.net\/tr\/wp-json\/wp\/v2\/media?parent=100360"}],"wp:term":[{"taxonomy":"product_brand","embeddable":true,"href":"https:\/\/mod.wisdar.net\/tr\/wp-json\/wp\/v2\/product_brand?post=100360"},{"taxonomy":"product_cat","embeddable":true,"href":"https:\/\/mod.wisdar.net\/tr\/wp-json\/wp\/v2\/product_cat?post=100360"},{"taxonomy":"product_tag","embeddable":true,"href":"https:\/\/mod.wisdar.net\/tr\/wp-json\/wp\/v2\/product_tag?post=100360"}],"curies":[{"name":"wp","href":"https:\/\/api.w.org\/{rel}","templated":true}]}}