{"id":100390,"date":"2026-02-15T16:52:52","date_gmt":"2026-02-15T16:52:52","guid":{"rendered":"https:\/\/modesthanim.com\/product\/3lu-baskili-tisort\/"},"modified":"2026-02-25T18:28:27","modified_gmt":"2026-02-25T18:28:27","slug":"3lu-baskili-tisort","status":"publish","type":"product","link":"https:\/\/mod.wisdar.net\/tr\/urun\/3lu-baskili-tisort\/","title":{"rendered":"3&#8217;l\u00fc Bask\u0131l\u0131 Ti\u015f\u00f6rt"},"content":{"rendered":"<p>Pamuklu ve bask\u0131l\u0131 yumu\u015fak jarseden, yakas\u0131 ribana \u015feritli klasik ti\u015f\u00f6rtler.<\/p>\n<p>\u2014 Technical Details \u2014<br \/>\nweight: 280 g<br \/>\npieces: 3<br \/>\ndetailed_descriptions: A\u00e7\u0131k ye\u015fil\/Koyu gri\/Krem\/Ye\u015fil\/Beyaz\/Pembe, Minecraft, never stop crafting, Creeper, Axolotl, Slime, Villager, Bee Nest, Minecraft<br \/>\ngarment_length: Normal uzunlukta<br \/>\nsleeve_length: K\u0131sa kollu<br \/>\nfits: Normal kesim<br \/>\nneck_line_style: Yuvarlak yakal\u0131<br \/>\nmaterial: Pamuk, Jarse<br \/>\nrecycled_content: 20% Geri d\u00f6n\u00fc\u015ft\u00fcr\u00fclm\u00fc\u015f pamuk<\/p>\n","protected":false},"excerpt":{"rendered":"<p>Pamuklu ve bask\u0131l\u0131 yumu\u015fak jarseden, yakas\u0131 ribana \u015feritli klasik ti\u015f\u00f6rtler. \u2014 Technical Details \u2014 weight: 280 g pieces: 3 detailed_descriptions: A\u00e7\u0131k ye\u015fil\/Koyu gri\/Krem\/Ye\u015fil\/Beyaz\/Pembe, Minecraft, never stop crafting, Creeper, Axolotl, Slime, Villager, Bee Nest, Minecraft garment_length: Normal uzunlukta sleeve_length: K\u0131sa kollu fits: Normal kesim neck_line_style: Yuvarlak yakal\u0131 material: Pamuk, Jarse recycled_content: 20% Geri d\u00f6n\u00fc\u015ft\u00fcr\u00fclm\u00fc\u015f pamuk<\/p>\n","protected":false},"featured_media":100388,"comment_status":"open","ping_status":"closed","template":"","meta":[],"product_brand":[],"product_cat":[8739,8694,8742],"product_tag":[8024],"class_list":{"0":"post-100390","1":"product","2":"type-product","3":"status-publish","4":"has-post-thumbnail","6":"product_cat-erkek-cocuklar-2-14-yas","7":"product_cat-cocuklar","8":"product_cat-tisortler-gomlekler","9":"product_tag-snoopy","10":"pa_color-yesil-minecraft","11":"pa_size-110-116-4-6y","12":"pa_size-122-128-6-8y","13":"pa_size-134-140-8-10y","15":"first","16":"outofstock","17":"shipping-taxable","18":"product-type-variable"},"_links":{"self":[{"href":"https:\/\/mod.wisdar.net\/tr\/wp-json\/wp\/v2\/product\/100390","targetHints":{"allow":["GET"]}}],"collection":[{"href":"https:\/\/mod.wisdar.net\/tr\/wp-json\/wp\/v2\/product"}],"about":[{"href":"https:\/\/mod.wisdar.net\/tr\/wp-json\/wp\/v2\/types\/product"}],"replies":[{"embeddable":true,"href":"https:\/\/mod.wisdar.net\/tr\/wp-json\/wp\/v2\/comments?post=100390"}],"wp:featuredmedia":[{"embeddable":true,"href":"https:\/\/mod.wisdar.net\/tr\/wp-json\/wp\/v2\/media\/100388"}],"wp:attachment":[{"href":"https:\/\/mod.wisdar.net\/tr\/wp-json\/wp\/v2\/media?parent=100390"}],"wp:term":[{"taxonomy":"product_brand","embeddable":true,"href":"https:\/\/mod.wisdar.net\/tr\/wp-json\/wp\/v2\/product_brand?post=100390"},{"taxonomy":"product_cat","embeddable":true,"href":"https:\/\/mod.wisdar.net\/tr\/wp-json\/wp\/v2\/product_cat?post=100390"},{"taxonomy":"product_tag","embeddable":true,"href":"https:\/\/mod.wisdar.net\/tr\/wp-json\/wp\/v2\/product_tag?post=100390"}],"curies":[{"name":"wp","href":"https:\/\/api.w.org\/{rel}","templated":true}]}}