{"id":10043,"date":"2025-11-07T20:16:06","date_gmt":"2025-11-01T20:43:13","guid":{"rendered":"https:\/\/modesthanim.com\/product\/tasinabilir-kemerli-etek-bordo\/"},"modified":"2026-04-12T22:24:57","modified_gmt":"2026-04-12T22:24:57","slug":"tasinabilir-kemerli-etek-bordo","status":"publish","type":"product","link":"https:\/\/mod.wisdar.net\/tr\/urun\/tasinabilir-kemerli-etek-bordo\/","title":{"rendered":"Ta\u015f\u0131nabilir Kemerli Etek, Bordo"},"content":{"rendered":"<p>Beden 1 (36-38): Uzunluk: 95 cm, Bel: 35 cm, Kal\u00e7a: 55 cm.<\/p>\n<p>Beden 2 (40-42): Uzunluk: 96 cm, Bel: 37 cm, Kal\u00e7a: 57 cm.<\/p>\n","protected":false},"excerpt":{"rendered":"<p>Beden 1 (36-38): Uzunluk: 95 cm, Bel: 35 cm, Kal\u00e7a: 55 cm. Beden 2 (40-42): Uzunluk: 96 cm, Bel: 37 cm, Kal\u00e7a: 57 cm.<\/p>\n","protected":false},"featured_media":0,"comment_status":"open","ping_status":"closed","template":"","meta":[],"product_brand":[],"product_cat":[1969],"product_tag":[3325,61,3297],"class_list":{"0":"post-10043","1":"product","2":"type-product","3":"status-publish","5":"product_cat-etekler","6":"product_tag-belted-skirt","7":"product_tag-fashion","8":"product_tag-maroon","9":"pa_brand-fahhar","10":"pa_color-bordo","11":"pa_size-1-36-38","12":"pa_size-2-40-42","14":"first","15":"instock","16":"sale","17":"shipping-taxable","18":"purchasable","19":"product-type-variable"},"_links":{"self":[{"href":"https:\/\/mod.wisdar.net\/tr\/wp-json\/wp\/v2\/product\/10043","targetHints":{"allow":["GET"]}}],"collection":[{"href":"https:\/\/mod.wisdar.net\/tr\/wp-json\/wp\/v2\/product"}],"about":[{"href":"https:\/\/mod.wisdar.net\/tr\/wp-json\/wp\/v2\/types\/product"}],"replies":[{"embeddable":true,"href":"https:\/\/mod.wisdar.net\/tr\/wp-json\/wp\/v2\/comments?post=10043"}],"wp:attachment":[{"href":"https:\/\/mod.wisdar.net\/tr\/wp-json\/wp\/v2\/media?parent=10043"}],"wp:term":[{"taxonomy":"product_brand","embeddable":true,"href":"https:\/\/mod.wisdar.net\/tr\/wp-json\/wp\/v2\/product_brand?post=10043"},{"taxonomy":"product_cat","embeddable":true,"href":"https:\/\/mod.wisdar.net\/tr\/wp-json\/wp\/v2\/product_cat?post=10043"},{"taxonomy":"product_tag","embeddable":true,"href":"https:\/\/mod.wisdar.net\/tr\/wp-json\/wp\/v2\/product_tag?post=10043"}],"curies":[{"name":"wp","href":"https:\/\/api.w.org\/{rel}","templated":true}]}}