{"id":100552,"date":"2026-02-15T16:57:12","date_gmt":"2026-02-15T16:57:12","guid":{"rendered":"https:\/\/modesthanim.com\/product\/ekru-mickey-mouse-baskili-erkek-bebek-salopet-ve-tisort\/"},"modified":"2026-03-03T12:27:04","modified_gmt":"2026-03-03T12:27:04","slug":"ekru-mickey-mouse-baskili-erkek-bebek-salopet-ve-tisort","status":"publish","type":"product","link":"https:\/\/mod.wisdar.net\/tr\/urun\/ekru-mickey-mouse-baskili-erkek-bebek-salopet-ve-tisort\/","title":{"rendered":"Ekru Mickey Mouse Bask\u0131l\u0131 Erkek Bebek Salopet ve Ti\u015f\u00f6rt"},"content":{"rendered":"<p>LCW baby Ekru Mickey Mouse Bask\u0131l\u0131 Erkek Bebek Salopet ve Ti\u015f\u00f6rt size \u00f6zel indirim, taksit ve kap\u0131da \u00f6deme avantajlar\u0131yla LCW&#8217;de! Hemen online al\u0131\u015fveri\u015f yap, \u00fcr\u00fcn kap\u0131na gelsin! \u2013 S67261Z1-FDL<\/p>\n<p>\u2014 Technical Details \u2014<br \/>\nMen\u015fei: Turk\u0131ye<br \/>\nSat\u0131c\u0131: LC Waikiki<br \/>\nMarka: LCW baby<br \/>\n\u00dcr\u00fcn Tipi: Tulum<br \/>\nCinsiyet: Erkek Bebek<br \/>\nKal\u0131p: Standart &amp; Regular<br \/>\nDesen: Bask\u0131l\u0131<br \/>\nYaka: Bisiklet Yaka<br \/>\nKal\u0131nl\u0131k: Orta Kal\u0131nl\u0131k<br \/>\nKol Boyu: Uzun Kollu<br \/>\nLisans: Mickey Mouse<br \/>\nMalzeme: %100 Pamuk<br \/>\nKoleksiyon: Yenido\u011fan<br \/>\nPar\u00e7a Say\u0131s\u0131: 2 Par\u00e7a<\/p>\n","protected":false},"excerpt":{"rendered":"<p>LCW baby Ekru Mickey Mouse Bask\u0131l\u0131 Erkek Bebek Salopet ve Ti\u015f\u00f6rt size \u00f6zel indirim, taksit ve kap\u0131da \u00f6deme avantajlar\u0131yla LCW&#8217;de!<\/p>\n","protected":false},"featured_media":100545,"comment_status":"open","ping_status":"closed","template":"","meta":[],"product_brand":[],"product_cat":[12977],"product_tag":[],"class_list":{"0":"post-100552","1":"product","2":"type-product","3":"status-publish","4":"has-post-thumbnail","6":"product_cat-accessories-men","8":"first","9":"instock","10":"sale","11":"shipping-taxable","12":"purchasable","13":"product-type-variable"},"_links":{"self":[{"href":"https:\/\/mod.wisdar.net\/tr\/wp-json\/wp\/v2\/product\/100552","targetHints":{"allow":["GET"]}}],"collection":[{"href":"https:\/\/mod.wisdar.net\/tr\/wp-json\/wp\/v2\/product"}],"about":[{"href":"https:\/\/mod.wisdar.net\/tr\/wp-json\/wp\/v2\/types\/product"}],"replies":[{"embeddable":true,"href":"https:\/\/mod.wisdar.net\/tr\/wp-json\/wp\/v2\/comments?post=100552"}],"version-history":[{"count":0,"href":"https:\/\/mod.wisdar.net\/tr\/wp-json\/wp\/v2\/product\/100552\/revisions"}],"wp:featuredmedia":[{"embeddable":true,"href":"https:\/\/mod.wisdar.net\/tr\/wp-json\/wp\/v2\/media\/100545"}],"wp:attachment":[{"href":"https:\/\/mod.wisdar.net\/tr\/wp-json\/wp\/v2\/media?parent=100552"}],"wp:term":[{"taxonomy":"product_brand","embeddable":true,"href":"https:\/\/mod.wisdar.net\/tr\/wp-json\/wp\/v2\/product_brand?post=100552"},{"taxonomy":"product_cat","embeddable":true,"href":"https:\/\/mod.wisdar.net\/tr\/wp-json\/wp\/v2\/product_cat?post=100552"},{"taxonomy":"product_tag","embeddable":true,"href":"https:\/\/mod.wisdar.net\/tr\/wp-json\/wp\/v2\/product_tag?post=100552"}],"curies":[{"name":"wp","href":"https:\/\/api.w.org\/{rel}","templated":true}]}}