{"id":100704,"date":"2026-02-15T18:10:38","date_gmt":"2026-02-15T18:10:38","guid":{"rendered":"https:\/\/modesthanim.com\/product\/dinozor-baskili-penye-2li-kisa-kollu-tulum-kiz-bebek-yenidogan\/"},"modified":"2026-03-03T12:38:30","modified_gmt":"2026-03-03T12:38:30","slug":"dinozor-baskili-penye-2li-kisa-kollu-tulum-kiz-bebek-yenidogan","status":"publish","type":"product","link":"https:\/\/mod.wisdar.net\/tr\/urun\/dinozor-baskili-penye-2li-kisa-kollu-tulum-kiz-bebek-yenidogan\/","title":{"rendered":"Dinozor Bask\u0131l\u0131 Penye 2&#8217;li K\u0131sa Kollu Tulum K\u0131z Bebek Yenido\u011fan"},"content":{"rendered":"<p>Sevimli dinazor bask\u0131lar\u0131yla s\u00fcslenmi\u015f, yumu\u015fac\u0131k penye kuma\u015ftan \u00fcretilmi\u015f bu 2&#8217;li k\u0131sa kollu tulum seti, yenido\u011fan bebekler i\u00e7in hem konforlu hem de e\u011flenceli bir se\u00e7enek. G\u00fcnl\u00fck kullan\u0131m i\u00e7in ideal tasar\u0131m\u0131yla miniklere \u00f6zg\u00fcrce hareket etme imk\u00e2n\u0131 sunar.<\/p>\n","protected":false},"excerpt":{"rendered":"<p>Sevimli dinazor bask\u0131lar\u0131yla s\u00fcslenmi\u015f, yumu\u015fac\u0131k penye kuma\u015ftan \u00fcretilmi\u015f bu 2&#8217;li k\u0131sa kollu tulum seti, yenido\u011fan bebekler i\u00e7in hem konforlu hem de e\u011flenceli bir se\u00e7enek. G\u00fcnl\u00fck kullan\u0131m i\u00e7in ideal tasar\u0131m\u0131yla miniklere \u00f6zg\u00fcrce hareket etme imk\u00e2n\u0131 sunar.<\/p>\n","protected":false},"featured_media":100700,"comment_status":"open","ping_status":"closed","template":"","meta":[],"product_brand":[],"product_cat":[],"product_tag":[],"class_list":{"0":"post-100704","1":"product","2":"type-product","3":"status-publish","4":"has-post-thumbnail","6":"pa_color-koyu-pembe","8":"first","9":"instock","10":"sale","11":"shipping-taxable","12":"purchasable","13":"product-type-variable"},"_links":{"self":[{"href":"https:\/\/mod.wisdar.net\/tr\/wp-json\/wp\/v2\/product\/100704","targetHints":{"allow":["GET"]}}],"collection":[{"href":"https:\/\/mod.wisdar.net\/tr\/wp-json\/wp\/v2\/product"}],"about":[{"href":"https:\/\/mod.wisdar.net\/tr\/wp-json\/wp\/v2\/types\/product"}],"replies":[{"embeddable":true,"href":"https:\/\/mod.wisdar.net\/tr\/wp-json\/wp\/v2\/comments?post=100704"}],"wp:featuredmedia":[{"embeddable":true,"href":"https:\/\/mod.wisdar.net\/tr\/wp-json\/wp\/v2\/media\/100700"}],"wp:attachment":[{"href":"https:\/\/mod.wisdar.net\/tr\/wp-json\/wp\/v2\/media?parent=100704"}],"wp:term":[{"taxonomy":"product_brand","embeddable":true,"href":"https:\/\/mod.wisdar.net\/tr\/wp-json\/wp\/v2\/product_brand?post=100704"},{"taxonomy":"product_cat","embeddable":true,"href":"https:\/\/mod.wisdar.net\/tr\/wp-json\/wp\/v2\/product_cat?post=100704"},{"taxonomy":"product_tag","embeddable":true,"href":"https:\/\/mod.wisdar.net\/tr\/wp-json\/wp\/v2\/product_tag?post=100704"}],"curies":[{"name":"wp","href":"https:\/\/api.w.org\/{rel}","templated":true}]}}