{"id":100943,"date":"2026-02-15T18:14:50","date_gmt":"2026-02-15T18:14:50","guid":{"rendered":"https:\/\/modesthanim.com\/product\/cicekli-penye-2li-kisa-kollu-tulum-kiz-bebek-yenidogan\/"},"modified":"2026-03-03T12:47:48","modified_gmt":"2026-03-03T12:47:48","slug":"cicekli-penye-2li-kisa-kollu-tulum-kiz-bebek-yenidogan","status":"publish","type":"product","link":"https:\/\/mod.wisdar.net\/tr\/urun\/cicekli-penye-2li-kisa-kollu-tulum-kiz-bebek-yenidogan\/","title":{"rendered":"\u00c7i\u00e7ekli Penye 2&#8217;li K\u0131sa Kollu Tulum K\u0131z Bebek Yenido\u011fan"},"content":{"rendered":"<p>K\u0131z bebekler i\u00e7in \u00e7i\u00e7ek desenli penye 2\u2019li k\u0131sa kollu tulum seti, yumu\u015fak ve nefes alabilen kuma\u015f\u0131yla yenido\u011fanlar\u0131n hassas cildini korur. Sevimli \u00e7i\u00e7ek detaylar\u0131yla g\u00fcnl\u00fck kullan\u0131ma hem rahat hem \u015f\u0131k bir dokunu\u015f katar.<\/p>\n<p>\u2014 Technical Details \u2014<br \/>\nYaka: Zarf Yaka<br \/>\nPa\u00e7a Detay: D\u00fcz Pa\u00e7a<br \/>\nKal\u0131p: Regular F\u0131t<br \/>\nKol Boyu: K\u0131sa Kollu<br \/>\nTak\u0131m \u0130\u00e7eri\u011fi: 2&#8217;li<br \/>\nDesen: \u00c7i\u00e7ekli<br \/>\nCinsiyet: K\u0131z Bebek<br \/>\nMen\u015fei: TR<br \/>\n\u00dcr\u00fcn Grubu: K\u0131z Bebek Yenido\u011fan<\/p>\n","protected":false},"excerpt":{"rendered":"<p>K\u0131z bebekler i\u00e7in \u00e7i\u00e7ek desenli penye 2\u2019li k\u0131sa kollu tulum seti, yumu\u015fak ve nefes alabilen kuma\u015f\u0131yla yenido\u011fanlar\u0131n hassas cildini korur. Sevimli \u00e7i\u00e7ek detaylar\u0131yla g\u00fcnl\u00fck kullan\u0131ma hem rahat hem \u015f\u0131k bir dokunu\u015f katar. \u2014 Technical Details \u2014 Yaka: Zarf Yaka Pa\u00e7a Detay: D\u00fcz Pa\u00e7a Kal\u0131p: Regular F\u0131t Kol Boyu: K\u0131sa Kollu Tak\u0131m \u0130\u00e7eri\u011fi: 2&#8217;li Desen: \u00c7i\u00e7ekli [&hellip;]<\/p>\n","protected":false},"featured_media":100933,"comment_status":"open","ping_status":"closed","template":"","meta":[],"product_brand":[],"product_cat":[8694,8706,8697],"product_tag":[7294,7508],"class_list":{"0":"post-100943","1":"product","2":"type-product","3":"status-publish","4":"has-post-thumbnail","6":"product_cat-cocuklar","7":"product_cat-tulum","8":"product_cat-yenidogan-0-12-ay","9":"product_tag-beyaz","10":"product_tag-cicekli","11":"pa_brand-defacto","12":"pa_color-kirik-beyaz","13":"pa_size-1-3-ay-62cm","14":"pa_size-12-18-ay-86cm","15":"pa_size-18-24-ay-92cm","16":"pa_size-24-36-ay-98-cm","17":"pa_size-3-6-ay-68cm","18":"pa_size-6-9-ay-74cm","19":"pa_size-9-12-ay-80cm","21":"first","22":"instock","23":"sale","24":"shipping-taxable","25":"purchasable","26":"product-type-variable"},"_links":{"self":[{"href":"https:\/\/mod.wisdar.net\/tr\/wp-json\/wp\/v2\/product\/100943","targetHints":{"allow":["GET"]}}],"collection":[{"href":"https:\/\/mod.wisdar.net\/tr\/wp-json\/wp\/v2\/product"}],"about":[{"href":"https:\/\/mod.wisdar.net\/tr\/wp-json\/wp\/v2\/types\/product"}],"replies":[{"embeddable":true,"href":"https:\/\/mod.wisdar.net\/tr\/wp-json\/wp\/v2\/comments?post=100943"}],"wp:featuredmedia":[{"embeddable":true,"href":"https:\/\/mod.wisdar.net\/tr\/wp-json\/wp\/v2\/media\/100933"}],"wp:attachment":[{"href":"https:\/\/mod.wisdar.net\/tr\/wp-json\/wp\/v2\/media?parent=100943"}],"wp:term":[{"taxonomy":"product_brand","embeddable":true,"href":"https:\/\/mod.wisdar.net\/tr\/wp-json\/wp\/v2\/product_brand?post=100943"},{"taxonomy":"product_cat","embeddable":true,"href":"https:\/\/mod.wisdar.net\/tr\/wp-json\/wp\/v2\/product_cat?post=100943"},{"taxonomy":"product_tag","embeddable":true,"href":"https:\/\/mod.wisdar.net\/tr\/wp-json\/wp\/v2\/product_tag?post=100943"}],"curies":[{"name":"wp","href":"https:\/\/api.w.org\/{rel}","templated":true}]}}