{"id":101257,"date":"2026-02-15T18:52:48","date_gmt":"2026-02-15T18:52:48","guid":{"rendered":"https:\/\/modesthanim.com\/product\/pembe-kiz-cocuk-baskili-takim-3lu\/"},"modified":"2026-04-09T06:11:14","modified_gmt":"2026-04-09T06:11:14","slug":"pembe-kiz-cocuk-baskili-takim-3lu","status":"publish","type":"product","link":"https:\/\/mod.wisdar.net\/tr\/urun\/pembe-kiz-cocuk-baskili-takim-3lu\/","title":{"rendered":"Pembe K\u0131z \u00c7ocuk Bask\u0131l\u0131 Tak\u0131m 3&#8217;l\u00fc"},"content":{"rendered":"<p>LCW Kids Pembe K\u0131z \u00c7ocuk Bask\u0131l\u0131 Tak\u0131m 3&#8217;l\u00fc size \u00f6zel indirim, taksit ve kap\u0131da \u00f6deme avantajlar\u0131yla LCW&#8217;de! Hemen online al\u0131\u015fveri\u015f yap, \u00fcr\u00fcn kap\u0131na gelsin! \u2013 S6JN22Z1-G1W<\/p>\n<p>\u2014 Technical Details \u2014<br \/>\n\u00dcr\u00fcn Tipi: Tak\u0131m<br \/>\nCinsiyet: K\u0131z \u00c7ocuk<br \/>\nKal\u0131p: Standart &amp; Regular<br \/>\nKuma\u015f: 3 \u0130plik<br \/>\nBel Fiti: Beli Lastikli<br \/>\nDesen: Bask\u0131l\u0131<br \/>\nYaka: Kap\u00fc\u015fonlu<br \/>\nPa\u00e7a Fiti: Lastikli Pa\u00e7a<br \/>\nKal\u0131nl\u0131k: Kal\u0131n<br \/>\nKol Boyu: Uzun Kollu<br \/>\nUzunluk: Uzun<br \/>\nPaket \u0130\u00e7eri\u011fi: 3&#8217;l\u00fc Paket<br \/>\nMalzeme: Y\u00fcksek Pamuk \u0130\u00e7erir<\/p>\n","protected":false},"excerpt":{"rendered":"<p>LCW Kids Pembe K\u0131z \u00c7ocuk Bask\u0131l\u0131 Tak\u0131m 3&#8217;l\u00fc size \u00f6zel indirim, taksit ve kap\u0131da \u00f6deme avantajlar\u0131yla LCW&#8217;de! Hemen online al\u0131\u015fveri\u015f yap, \u00fcr\u00fcn kap\u0131na gelsin! \u2013 S6JN22Z1-G1W \u2014 Technical Details \u2014 \u00dcr\u00fcn Tipi: Tak\u0131m Cinsiyet: K\u0131z \u00c7ocuk Kal\u0131p: Standart &amp; Regular Kuma\u015f: 3 \u0130plik Bel Fiti: Beli Lastikli Desen: Bask\u0131l\u0131 Yaka: Kap\u00fc\u015fonlu Pa\u00e7a Fiti: Lastikli Pa\u00e7a [&hellip;]<\/p>\n","protected":false},"featured_media":101247,"comment_status":"open","ping_status":"closed","template":"","meta":[],"product_brand":[],"product_cat":[8721,8715,8694],"product_tag":[8022,7744],"class_list":{"0":"post-101257","1":"product","2":"type-product","3":"status-publish","4":"has-post-thumbnail","6":"product_cat-kiz-cocuk-takimlari","7":"product_cat-kiz-cocuklari-2-14-yas","8":"product_cat-cocuklar","9":"product_tag-baskili-2","10":"product_tag-pembe","11":"pa_brand-lcw-kids","12":"pa_color-pembe","13":"pa_size-1-2-yas","14":"pa_size-2-3-yas","15":"pa_size-3-4-yas","16":"pa_size-4-5-yas","17":"pa_size-5-6-yas","18":"pa_size-6-7-yas","19":"pa_size-7-8-yas","21":"first","22":"instock","23":"sale","24":"shipping-taxable","25":"purchasable","26":"product-type-variable"},"_links":{"self":[{"href":"https:\/\/mod.wisdar.net\/tr\/wp-json\/wp\/v2\/product\/101257","targetHints":{"allow":["GET"]}}],"collection":[{"href":"https:\/\/mod.wisdar.net\/tr\/wp-json\/wp\/v2\/product"}],"about":[{"href":"https:\/\/mod.wisdar.net\/tr\/wp-json\/wp\/v2\/types\/product"}],"replies":[{"embeddable":true,"href":"https:\/\/mod.wisdar.net\/tr\/wp-json\/wp\/v2\/comments?post=101257"}],"wp:featuredmedia":[{"embeddable":true,"href":"https:\/\/mod.wisdar.net\/tr\/wp-json\/wp\/v2\/media\/101247"}],"wp:attachment":[{"href":"https:\/\/mod.wisdar.net\/tr\/wp-json\/wp\/v2\/media?parent=101257"}],"wp:term":[{"taxonomy":"product_brand","embeddable":true,"href":"https:\/\/mod.wisdar.net\/tr\/wp-json\/wp\/v2\/product_brand?post=101257"},{"taxonomy":"product_cat","embeddable":true,"href":"https:\/\/mod.wisdar.net\/tr\/wp-json\/wp\/v2\/product_cat?post=101257"},{"taxonomy":"product_tag","embeddable":true,"href":"https:\/\/mod.wisdar.net\/tr\/wp-json\/wp\/v2\/product_tag?post=101257"}],"curies":[{"name":"wp","href":"https:\/\/api.w.org\/{rel}","templated":true}]}}