{"id":10129,"date":"2025-11-07T20:16:06","date_gmt":"2025-11-01T20:44:41","guid":{"rendered":"https:\/\/modesthanim.com\/product\/bagcikli-ve-baglama-detayli-sari-maxi-etek\/"},"modified":"2026-04-10T15:50:44","modified_gmt":"2026-04-10T15:50:44","slug":"bagcikli-ve-baglama-detayli-sari-maxi-etek","status":"publish","type":"product","link":"https:\/\/mod.wisdar.net\/tr\/urun\/bagcikli-ve-baglama-detayli-sari-maxi-etek\/","title":{"rendered":"Ba\u011fc\u0131kl\u0131 ve Ba\u011flama Detayl\u0131 Sar\u0131 Maxi Etek"},"content":{"rendered":"<p>\u00d6n ba\u011fc\u0131kl\u0131 detay, yan fermuar kapatma, yan ba\u011flama detaylar\u0131, maxi boy etek.<\/p>\n<p>Beden 1 (36-38): Uzunluk: 97 cm, Bel: 34 cm, Kal\u00e7a: 55 cm.<\/p>\n<p>Beden 2 (40-42): Uzunluk: 97 cm, Bel: 36 cm, Kal\u00e7a: 58 cm.<\/p>\n","protected":false},"excerpt":{"rendered":"<p>\u00d6n ba\u011fc\u0131kl\u0131 detay, yan fermuar kapatma, yan ba\u011flama detaylar\u0131, maxi boy etek. Beden 1 (36-38): Uzunluk: 97 cm, Bel: 34 cm, Kal\u00e7a: 55 cm. Beden 2 (40-42): Uzunluk: 97 cm, Bel: 36 cm, Kal\u00e7a: 58 cm.<\/p>\n","protected":false},"featured_media":10107,"comment_status":"open","ping_status":"closed","template":"","meta":[],"product_brand":[],"product_cat":[1969],"product_tag":[3332,3330,3333,3331],"class_list":{"0":"post-10129","1":"product","2":"type-product","3":"status-publish","4":"has-post-thumbnail","6":"product_cat-etekler","7":"product_tag-drawstring","8":"product_tag-maxi-skirt","9":"product_tag-tie-detail","10":"product_tag-yellow","11":"pa_brand-fahhar","12":"pa_color-sari","13":"pa_size-1-36-38","14":"pa_size-2-40-42","16":"first","17":"instock","18":"sale","19":"shipping-taxable","20":"purchasable","21":"product-type-variable"},"_links":{"self":[{"href":"https:\/\/mod.wisdar.net\/tr\/wp-json\/wp\/v2\/product\/10129","targetHints":{"allow":["GET"]}}],"collection":[{"href":"https:\/\/mod.wisdar.net\/tr\/wp-json\/wp\/v2\/product"}],"about":[{"href":"https:\/\/mod.wisdar.net\/tr\/wp-json\/wp\/v2\/types\/product"}],"replies":[{"embeddable":true,"href":"https:\/\/mod.wisdar.net\/tr\/wp-json\/wp\/v2\/comments?post=10129"}],"wp:featuredmedia":[{"embeddable":true,"href":"https:\/\/mod.wisdar.net\/tr\/wp-json\/wp\/v2\/media\/10107"}],"wp:attachment":[{"href":"https:\/\/mod.wisdar.net\/tr\/wp-json\/wp\/v2\/media?parent=10129"}],"wp:term":[{"taxonomy":"product_brand","embeddable":true,"href":"https:\/\/mod.wisdar.net\/tr\/wp-json\/wp\/v2\/product_brand?post=10129"},{"taxonomy":"product_cat","embeddable":true,"href":"https:\/\/mod.wisdar.net\/tr\/wp-json\/wp\/v2\/product_cat?post=10129"},{"taxonomy":"product_tag","embeddable":true,"href":"https:\/\/mod.wisdar.net\/tr\/wp-json\/wp\/v2\/product_tag?post=10129"}],"curies":[{"name":"wp","href":"https:\/\/api.w.org\/{rel}","templated":true}]}}