{"id":101877,"date":"2026-02-16T04:50:40","date_gmt":"2026-02-16T04:50:40","guid":{"rendered":"https:\/\/modesthanim.com\/product\/kahverengi-v-yaka-desenli-kiz-cocuk-triko-hirka\/"},"modified":"2026-03-20T08:23:48","modified_gmt":"2026-03-20T08:23:48","slug":"kahverengi-v-yaka-desenli-kiz-cocuk-triko-hirka","status":"publish","type":"product","link":"https:\/\/mod.wisdar.net\/tr\/urun\/kahverengi-v-yaka-desenli-kiz-cocuk-triko-hirka\/","title":{"rendered":"Kahverengi V Yaka Desenli K\u0131z \u00c7ocuk Triko H\u0131rka"},"content":{"rendered":"<p>LCW Kids Kahverengi V Yaka Desenli K\u0131z \u00c7ocuk Triko H\u0131rka size \u00f6zel indirim, taksit ve kap\u0131da \u00f6deme avantajlar\u0131yla LCW&#8217;de! Hemen online al\u0131\u015fveri\u015f yap, \u00fcr\u00fcn kap\u0131na gelsin! \u2013 W6F104Z1-2OX<\/p>\n","protected":false},"excerpt":{"rendered":"<p>LCW Kids Kahverengi V Yaka Desenli K\u0131z \u00c7ocuk Triko H\u0131rka size \u00f6zel indirim, taksit ve kap\u0131da \u00f6deme avantajlar\u0131yla LCW&#8217;de! Hemen online al\u0131\u015fveri\u015f yap, \u00fcr\u00fcn kap\u0131na gelsin! \u2013 W6F104Z1-2OX<\/p>\n","protected":false},"featured_media":101874,"comment_status":"open","ping_status":"closed","template":"","meta":[],"product_brand":[],"product_cat":[8715,8694,8724],"product_tag":[4908,6769],"class_list":{"0":"post-101877","1":"product","2":"type-product","3":"status-publish","4":"has-post-thumbnail","6":"product_cat-kiz-cocuklari-2-14-yas","7":"product_cat-cocuklar","8":"product_cat-tisortler-bluzlar","9":"product_tag-brown","10":"product_tag-desenli","11":"pa_color-acik-kahverengi","12":"pa_size-1-2-yas","13":"pa_size-2-3-yas","14":"pa_size-3-4-yas","15":"pa_size-4-5-yas","16":"pa_size-5-6-yas","17":"pa_size-6-7-yas","18":"pa_size-7-8-yas","20":"first","21":"outofstock","22":"shipping-taxable","23":"product-type-variable"},"_links":{"self":[{"href":"https:\/\/mod.wisdar.net\/tr\/wp-json\/wp\/v2\/product\/101877","targetHints":{"allow":["GET"]}}],"collection":[{"href":"https:\/\/mod.wisdar.net\/tr\/wp-json\/wp\/v2\/product"}],"about":[{"href":"https:\/\/mod.wisdar.net\/tr\/wp-json\/wp\/v2\/types\/product"}],"replies":[{"embeddable":true,"href":"https:\/\/mod.wisdar.net\/tr\/wp-json\/wp\/v2\/comments?post=101877"}],"wp:featuredmedia":[{"embeddable":true,"href":"https:\/\/mod.wisdar.net\/tr\/wp-json\/wp\/v2\/media\/101874"}],"wp:attachment":[{"href":"https:\/\/mod.wisdar.net\/tr\/wp-json\/wp\/v2\/media?parent=101877"}],"wp:term":[{"taxonomy":"product_brand","embeddable":true,"href":"https:\/\/mod.wisdar.net\/tr\/wp-json\/wp\/v2\/product_brand?post=101877"},{"taxonomy":"product_cat","embeddable":true,"href":"https:\/\/mod.wisdar.net\/tr\/wp-json\/wp\/v2\/product_cat?post=101877"},{"taxonomy":"product_tag","embeddable":true,"href":"https:\/\/mod.wisdar.net\/tr\/wp-json\/wp\/v2\/product_tag?post=101877"}],"curies":[{"name":"wp","href":"https:\/\/api.w.org\/{rel}","templated":true}]}}