{"id":101890,"date":"2026-02-16T04:50:44","date_gmt":"2026-02-16T04:50:44","guid":{"rendered":"https:\/\/modesthanim.com\/product\/ekru-dik-yaka-cicekli-kiz-bebek-pelus-hirka\/"},"modified":"2026-03-18T01:12:23","modified_gmt":"2026-03-18T01:12:23","slug":"ekru-dik-yaka-cicekli-kiz-bebek-pelus-hirka","status":"publish","type":"product","link":"https:\/\/mod.wisdar.net\/tr\/urun\/ekru-dik-yaka-cicekli-kiz-bebek-pelus-hirka\/","title":{"rendered":"Ekru Dik Yaka \u00c7i\u00e7ekli K\u0131z Bebek Pel\u00fc\u015f H\u0131rka"},"content":{"rendered":"<p>LCW baby Ekru Dik Yaka \u00c7i\u00e7ekli K\u0131z Bebek Pel\u00fc\u015f H\u0131rka size \u00f6zel indirim, taksit ve kap\u0131da \u00f6deme avantajlar\u0131yla LCW&#8217;de! Hemen online al\u0131\u015fveri\u015f yap, \u00fcr\u00fcn kap\u0131na gelsin! \u2013 W57180Z1-LRB<\/p>\n<p>\u2014 Technical Details \u2014<br \/>\nMen\u015fei: Turk\u0131ye,M\u0131s\u0131r<br \/>\nSat\u0131c\u0131: LC Waikiki<br \/>\nMarka: LCW baby<br \/>\n\u00dcr\u00fcn Tipi: H\u0131rka<br \/>\nCinsiyet: K\u0131z Bebek<br \/>\nKal\u0131p: Loose &amp; Bol<br \/>\nKuma\u015f: Pel\u00fc\u015f<br \/>\nDesen: \u00c7i\u00e7ekli<br \/>\nYaka: Dik Yaka<br \/>\nKal\u0131nl\u0131k: Kal\u0131n<br \/>\nKol Boyu: Uzun Kollu<br \/>\nKoleksiyon: Yenido\u011fan<br \/>\nEk \u00d6zellik: Fermuarl\u0131<\/p>\n","protected":false},"excerpt":{"rendered":"<p>LCW baby Ekru Dik Yaka \u00c7i\u00e7ekli K\u0131z Bebek Pel\u00fc\u015f H\u0131rka size \u00f6zel indirim, taksit ve kap\u0131da \u00f6deme avantajlar\u0131yla LCW&#8217;de! Hemen online al\u0131\u015fveri\u015f yap, \u00fcr\u00fcn kap\u0131na gelsin! \u2013 W57180Z1-LRB \u2014 Technical Details \u2014 Men\u015fei: Turk\u0131ye,M\u0131s\u0131r Sat\u0131c\u0131: LC Waikiki Marka: LCW baby \u00dcr\u00fcn Tipi: H\u0131rka Cinsiyet: K\u0131z Bebek Kal\u0131p: Loose &amp; Bol Kuma\u015f: Pel\u00fc\u015f Desen: \u00c7i\u00e7ekli Yaka: [&hellip;]<\/p>\n","protected":false},"featured_media":101885,"comment_status":"open","ping_status":"closed","template":"","meta":[],"product_brand":[],"product_cat":[8715,8694,8724],"product_tag":[7350,7508],"class_list":{"0":"post-101890","1":"product","2":"type-product","3":"status-publish","4":"has-post-thumbnail","6":"product_cat-kiz-cocuklari-2-14-yas","7":"product_cat-cocuklar","8":"product_cat-tisortler-bluzlar","9":"product_tag-balikci-yaka","10":"product_tag-cicekli","11":"pa_brand-lcw-baby","12":"pa_color-krem-baskili","13":"pa_size-1-3-ay","14":"pa_size-12-18-ay","15":"pa_size-18-24-ay","16":"pa_size-2-3-yas","17":"pa_size-3-6-ay","18":"pa_size-6-9-ay","19":"pa_size-9-12-ay","21":"first","22":"outofstock","23":"shipping-taxable","24":"product-type-variable"},"_links":{"self":[{"href":"https:\/\/mod.wisdar.net\/tr\/wp-json\/wp\/v2\/product\/101890","targetHints":{"allow":["GET"]}}],"collection":[{"href":"https:\/\/mod.wisdar.net\/tr\/wp-json\/wp\/v2\/product"}],"about":[{"href":"https:\/\/mod.wisdar.net\/tr\/wp-json\/wp\/v2\/types\/product"}],"replies":[{"embeddable":true,"href":"https:\/\/mod.wisdar.net\/tr\/wp-json\/wp\/v2\/comments?post=101890"}],"wp:featuredmedia":[{"embeddable":true,"href":"https:\/\/mod.wisdar.net\/tr\/wp-json\/wp\/v2\/media\/101885"}],"wp:attachment":[{"href":"https:\/\/mod.wisdar.net\/tr\/wp-json\/wp\/v2\/media?parent=101890"}],"wp:term":[{"taxonomy":"product_brand","embeddable":true,"href":"https:\/\/mod.wisdar.net\/tr\/wp-json\/wp\/v2\/product_brand?post=101890"},{"taxonomy":"product_cat","embeddable":true,"href":"https:\/\/mod.wisdar.net\/tr\/wp-json\/wp\/v2\/product_cat?post=101890"},{"taxonomy":"product_tag","embeddable":true,"href":"https:\/\/mod.wisdar.net\/tr\/wp-json\/wp\/v2\/product_tag?post=101890"}],"curies":[{"name":"wp","href":"https:\/\/api.w.org\/{rel}","templated":true}]}}