{"id":101982,"date":"2026-02-16T04:51:41","date_gmt":"2026-02-16T04:51:41","guid":{"rendered":"https:\/\/modesthanim.com\/product\/ekru-kare-yaka-basic-kiz-bebek-citcitli-bodysuit\/"},"modified":"2026-03-29T22:41:22","modified_gmt":"2026-03-29T22:41:22","slug":"ekru-kare-yaka-basic-kiz-bebek-citcitli-bodysuit","status":"publish","type":"product","link":"https:\/\/mod.wisdar.net\/tr\/urun\/ekru-kare-yaka-basic-kiz-bebek-citcitli-bodysuit\/","title":{"rendered":"Ekru Kare Yaka Basic K\u0131z Bebek \u00c7\u0131t\u00e7\u0131tl\u0131 Bodysuit"},"content":{"rendered":"<p>LCW baby Ekru Kare Yaka Basic K\u0131z Bebek \u00c7\u0131t\u00e7\u0131tl\u0131 Bodysuit size \u00f6zel indirim, taksit ve kap\u0131da \u00f6deme avantajlar\u0131yla LCW&#8217;de! Hemen online al\u0131\u015fveri\u015f yap, \u00fcr\u00fcn kap\u0131na gelsin! \u2013 W5JR88Z1-R9J<\/p>\n<p>\u2014 Technical Details \u2014<br \/>\nMen\u015fei: Turk\u0131ye<br \/>\nSat\u0131c\u0131: LC Waikiki<br \/>\nMarka: LCW baby<br \/>\n\u00dcr\u00fcn Tipi: \u00c7\u0131t\u00e7\u0131tl\u0131 Body<br \/>\nCinsiyet: K\u0131z Bebek<br \/>\nKal\u0131p: Dar &amp; Slim<br \/>\nKuma\u015f: Penye<br \/>\nDesen: D\u00fcz<br \/>\nYaka: Kare Yaka<br \/>\nKol Boyu: Ask\u0131l\u0131<\/p>\n","protected":false},"excerpt":{"rendered":"<p>LCW baby Ekru Kare Yaka Basic K\u0131z Bebek \u00c7\u0131t\u00e7\u0131tl\u0131 Bodysuit size \u00f6zel indirim, taksit ve kap\u0131da \u00f6deme avantajlar\u0131yla LCW&#8217;de! Hemen online al\u0131\u015fveri\u015f yap, \u00fcr\u00fcn kap\u0131na gelsin! \u2013 W5JR88Z1-R9J \u2014 Technical Details \u2014 Men\u015fei: Turk\u0131ye Sat\u0131c\u0131: LC Waikiki Marka: LCW baby \u00dcr\u00fcn Tipi: \u00c7\u0131t\u00e7\u0131tl\u0131 Body Cinsiyet: K\u0131z Bebek Kal\u0131p: Dar &amp; Slim Kuma\u015f: Penye Desen: D\u00fcz [&hellip;]<\/p>\n","protected":false},"featured_media":101971,"comment_status":"open","ping_status":"closed","template":"","meta":[],"product_brand":[],"product_cat":[8709,8694,8697],"product_tag":[4886,6757],"class_list":{"0":"post-101982","1":"product","2":"type-product","3":"status-publish","4":"has-post-thumbnail","6":"product_cat-bodyler-tulumlar","7":"product_cat-cocuklar","8":"product_cat-yenidogan-0-12-ay","9":"product_tag-basic","10":"product_tag-ekru","11":"pa_brand-lcw-baby","12":"pa_color-ekru","13":"pa_size-12-18-ay","14":"pa_size-18-24-ay","15":"pa_size-24-36-ay","16":"pa_size-3-6-ay","17":"pa_size-6-9-ay","18":"pa_size-9-12-ay","20":"first","21":"instock","22":"sale","23":"shipping-taxable","24":"purchasable","25":"product-type-variable"},"_links":{"self":[{"href":"https:\/\/mod.wisdar.net\/tr\/wp-json\/wp\/v2\/product\/101982","targetHints":{"allow":["GET"]}}],"collection":[{"href":"https:\/\/mod.wisdar.net\/tr\/wp-json\/wp\/v2\/product"}],"about":[{"href":"https:\/\/mod.wisdar.net\/tr\/wp-json\/wp\/v2\/types\/product"}],"replies":[{"embeddable":true,"href":"https:\/\/mod.wisdar.net\/tr\/wp-json\/wp\/v2\/comments?post=101982"}],"wp:featuredmedia":[{"embeddable":true,"href":"https:\/\/mod.wisdar.net\/tr\/wp-json\/wp\/v2\/media\/101971"}],"wp:attachment":[{"href":"https:\/\/mod.wisdar.net\/tr\/wp-json\/wp\/v2\/media?parent=101982"}],"wp:term":[{"taxonomy":"product_brand","embeddable":true,"href":"https:\/\/mod.wisdar.net\/tr\/wp-json\/wp\/v2\/product_brand?post=101982"},{"taxonomy":"product_cat","embeddable":true,"href":"https:\/\/mod.wisdar.net\/tr\/wp-json\/wp\/v2\/product_cat?post=101982"},{"taxonomy":"product_tag","embeddable":true,"href":"https:\/\/mod.wisdar.net\/tr\/wp-json\/wp\/v2\/product_tag?post=101982"}],"curies":[{"name":"wp","href":"https:\/\/api.w.org\/{rel}","templated":true}]}}