{"id":102147,"date":"2026-02-16T04:53:01","date_gmt":"2026-02-16T04:53:01","guid":{"rendered":"https:\/\/modesthanim.com\/product\/ekru-basic-erkek-bebek-citcitli-body-3lu-2\/"},"modified":"2026-04-15T22:58:57","modified_gmt":"2026-04-15T22:58:57","slug":"ekru-basic-erkek-bebek-citcitli-body-3lu-2","status":"publish","type":"product","link":"https:\/\/mod.wisdar.net\/tr\/urun\/ekru-basic-erkek-bebek-citcitli-body-3lu-2\/","title":{"rendered":"Ekru Basic Erkek Bebek \u00c7\u0131t\u00e7\u0131tl\u0131 Body 3&#8217;l\u00fc"},"content":{"rendered":"<p>LCW baby Ekru Basic Erkek Bebek \u00c7\u0131t\u00e7\u0131tl\u0131 Body 3&#8217;l\u00fc size \u00f6zel indirim, taksit ve kap\u0131da \u00f6deme avantajlar\u0131yla LCW&#8217;de! Hemen online al\u0131\u015fveri\u015f yap, \u00fcr\u00fcn kap\u0131na gelsin! \u2013 W56203Z1-R9J<\/p>\n<p>\u2014 Technical Details \u2014<br \/>\nMen\u015fei: Turk\u0131ye<br \/>\nSat\u0131c\u0131: LC Waikiki<br \/>\nMarka: LCW baby<br \/>\n\u00dcr\u00fcn Tipi: \u00c7\u0131t\u00e7\u0131tl\u0131 Body<br \/>\nCinsiyet: Erkek Bebek<br \/>\nKal\u0131p: Dar &amp; Slim<br \/>\nKuma\u015f: Ribana<br \/>\nDesen: D\u00fcz<br \/>\nYaka: Bisiklet Yaka<br \/>\nKal\u0131nl\u0131k: Orta Kal\u0131nl\u0131k<br \/>\nKol Boyu: K\u0131sa Kollu<br \/>\nMalzeme: %100 Pamuk<br \/>\nPaket \u0130\u00e7eri\u011fi: 3&#8217;l\u00fc Paket<br \/>\nKoleksiyon: Yenido\u011fan<br \/>\nPar\u00e7a Say\u0131s\u0131: 3 Par\u00e7a<\/p>\n","protected":false},"excerpt":{"rendered":"<p>LCW baby Ekru Basic Erkek Bebek \u00c7\u0131t\u00e7\u0131tl\u0131 Body 3&#8217;l\u00fc size \u00f6zel indirim, taksit ve kap\u0131da \u00f6deme avantajlar\u0131yla LCW&#8217;de! Hemen online al\u0131\u015fveri\u015f yap, \u00fcr\u00fcn kap\u0131na gelsin! \u2013 W56203Z1-R9J \u2014 Technical Details \u2014 Men\u015fei: Turk\u0131ye Sat\u0131c\u0131: LC Waikiki Marka: LCW baby \u00dcr\u00fcn Tipi: \u00c7\u0131t\u00e7\u0131tl\u0131 Body Cinsiyet: Erkek Bebek Kal\u0131p: Dar &amp; Slim Kuma\u015f: Ribana Desen: D\u00fcz Yaka: [&hellip;]<\/p>\n","protected":false},"featured_media":102138,"comment_status":"open","ping_status":"closed","template":"","meta":[],"product_brand":[],"product_cat":[8709,8694,8697],"product_tag":[7244],"class_list":{"0":"post-102147","1":"product","2":"type-product","3":"status-publish","4":"has-post-thumbnail","6":"product_cat-bodyler-tulumlar","7":"product_cat-cocuklar","8":"product_cat-yenidogan-0-12-ay","9":"product_tag-citcit-kapama","10":"pa_brand-lcw-baby","11":"pa_color-beyaz","12":"pa_size-1-3-ay","13":"pa_size-12-18-ay","14":"pa_size-3-6-ay","15":"pa_size-6-9-ay","16":"pa_size-9-12-ay","18":"first","19":"instock","20":"sale","21":"shipping-taxable","22":"purchasable","23":"product-type-variable"},"_links":{"self":[{"href":"https:\/\/mod.wisdar.net\/tr\/wp-json\/wp\/v2\/product\/102147","targetHints":{"allow":["GET"]}}],"collection":[{"href":"https:\/\/mod.wisdar.net\/tr\/wp-json\/wp\/v2\/product"}],"about":[{"href":"https:\/\/mod.wisdar.net\/tr\/wp-json\/wp\/v2\/types\/product"}],"replies":[{"embeddable":true,"href":"https:\/\/mod.wisdar.net\/tr\/wp-json\/wp\/v2\/comments?post=102147"}],"wp:featuredmedia":[{"embeddable":true,"href":"https:\/\/mod.wisdar.net\/tr\/wp-json\/wp\/v2\/media\/102138"}],"wp:attachment":[{"href":"https:\/\/mod.wisdar.net\/tr\/wp-json\/wp\/v2\/media?parent=102147"}],"wp:term":[{"taxonomy":"product_brand","embeddable":true,"href":"https:\/\/mod.wisdar.net\/tr\/wp-json\/wp\/v2\/product_brand?post=102147"},{"taxonomy":"product_cat","embeddable":true,"href":"https:\/\/mod.wisdar.net\/tr\/wp-json\/wp\/v2\/product_cat?post=102147"},{"taxonomy":"product_tag","embeddable":true,"href":"https:\/\/mod.wisdar.net\/tr\/wp-json\/wp\/v2\/product_tag?post=102147"}],"curies":[{"name":"wp","href":"https:\/\/api.w.org\/{rel}","templated":true}]}}