{"id":102160,"date":"2026-02-16T04:53:02","date_gmt":"2026-02-16T04:53:02","guid":{"rendered":"https:\/\/modesthanim.com\/product\/mavi-desenli-erkek-bebek-kisa-kollu-citcitli-body-3lu\/"},"modified":"2026-04-15T11:42:34","modified_gmt":"2026-04-15T11:42:34","slug":"mavi-desenli-erkek-bebek-kisa-kollu-citcitli-body-3lu","status":"publish","type":"product","link":"https:\/\/mod.wisdar.net\/tr\/urun\/mavi-desenli-erkek-bebek-kisa-kollu-citcitli-body-3lu\/","title":{"rendered":"Mavi Desenli Erkek Bebek K\u0131sa Kollu \u00c7\u0131t\u00e7\u0131tl\u0131 Body 3&#8217;l\u00fc"},"content":{"rendered":"<p>LCW baby Mavi Desenli Erkek Bebek K\u0131sa Kollu \u00c7\u0131t\u00e7\u0131tl\u0131 Body 3&#8217;l\u00fc size \u00f6zel indirim, taksit ve kap\u0131da \u00f6deme avantajlar\u0131yla LCW&#8217;de! Hemen online al\u0131\u015fveri\u015f yap, \u00fcr\u00fcn kap\u0131na gelsin! \u2013 S6DN81Z1-LQK<\/p>\n<p>\u2014 Technical Details \u2014<br \/>\nKal\u0131p: Dar &amp; Slim<br \/>\nKuma\u015f: Ribana<br \/>\nDesen: D\u00fcz<br \/>\nYaka: Bisiklet Yaka<br \/>\nKal\u0131nl\u0131k: Orta Kal\u0131nl\u0131k<br \/>\nKol Boyu: K\u0131sa Kollu<br \/>\nPaket \u0130\u00e7eri\u011fi: 3&#8217;l\u00fc Paket<br \/>\nKoleksiyon: Yenido\u011fan<br \/>\nPar\u00e7a Say\u0131s\u0131: 3 Par\u00e7a<\/p>\n","protected":false},"excerpt":{"rendered":"<p>LCW baby Mavi Desenli Erkek Bebek K\u0131sa Kollu \u00c7\u0131t\u00e7\u0131tl\u0131 Body 3&#8217;l\u00fc size \u00f6zel indirim, taksit ve kap\u0131da \u00f6deme avantajlar\u0131yla LCW&#8217;de! Hemen online al\u0131\u015fveri\u015f yap, \u00fcr\u00fcn kap\u0131na gelsin! \u2013 S6DN81Z1-LQK \u2014 Technical Details \u2014 Kal\u0131p: Dar &amp; Slim Kuma\u015f: Ribana Desen: D\u00fcz Yaka: Bisiklet Yaka Kal\u0131nl\u0131k: Orta Kal\u0131nl\u0131k Kol Boyu: K\u0131sa Kollu Paket \u0130\u00e7eri\u011fi: 3&#8217;l\u00fc Paket [&hellip;]<\/p>\n","protected":false},"featured_media":102149,"comment_status":"open","ping_status":"closed","template":"","meta":[],"product_brand":[],"product_cat":[8709,8694,8697],"product_tag":[8941,8940,8944,8834,8867,8929,3714,3279],"class_list":{"0":"post-102160","1":"product","2":"type-product","3":"status-publish","4":"has-post-thumbnail","6":"product_cat-bodyler-tulumlar","7":"product_cat-cocuklar","8":"product_cat-yenidogan-0-12-ay","9":"product_tag-3-pack-set","10":"product_tag-baby-boy-bodysuit","11":"product_tag-blue-pattern","12":"product_tag-lcw-baby","13":"product_tag-newborn-clothing","14":"product_tag-ribbed-knit","15":"product_tag-short-sleeve","16":"product_tag-snap-button","17":"pa_brand-lcw-baby","18":"pa_color-mavi","19":"pa_size-1-3-ay","20":"pa_size-12-18-ay","21":"pa_size-18-24-ay","22":"pa_size-24-36-ay","23":"pa_size-3-4-yas","24":"pa_size-3-6-ay","25":"pa_size-6-9-ay","26":"pa_size-9-12-ay","28":"first","29":"instock","30":"sale","31":"shipping-taxable","32":"purchasable","33":"product-type-variable"},"_links":{"self":[{"href":"https:\/\/mod.wisdar.net\/tr\/wp-json\/wp\/v2\/product\/102160","targetHints":{"allow":["GET"]}}],"collection":[{"href":"https:\/\/mod.wisdar.net\/tr\/wp-json\/wp\/v2\/product"}],"about":[{"href":"https:\/\/mod.wisdar.net\/tr\/wp-json\/wp\/v2\/types\/product"}],"replies":[{"embeddable":true,"href":"https:\/\/mod.wisdar.net\/tr\/wp-json\/wp\/v2\/comments?post=102160"}],"wp:featuredmedia":[{"embeddable":true,"href":"https:\/\/mod.wisdar.net\/tr\/wp-json\/wp\/v2\/media\/102149"}],"wp:attachment":[{"href":"https:\/\/mod.wisdar.net\/tr\/wp-json\/wp\/v2\/media?parent=102160"}],"wp:term":[{"taxonomy":"product_brand","embeddable":true,"href":"https:\/\/mod.wisdar.net\/tr\/wp-json\/wp\/v2\/product_brand?post=102160"},{"taxonomy":"product_cat","embeddable":true,"href":"https:\/\/mod.wisdar.net\/tr\/wp-json\/wp\/v2\/product_cat?post=102160"},{"taxonomy":"product_tag","embeddable":true,"href":"https:\/\/mod.wisdar.net\/tr\/wp-json\/wp\/v2\/product_tag?post=102160"}],"curies":[{"name":"wp","href":"https:\/\/api.w.org\/{rel}","templated":true}]}}