{"id":102251,"date":"2026-02-16T04:53:37","date_gmt":"2026-02-16T04:53:37","guid":{"rendered":"https:\/\/modesthanim.com\/product\/mavi-bisiklet-yaka-basic-erkek-bebek-citcitli-bodysuit-3lu\/"},"modified":"2026-04-15T12:01:03","modified_gmt":"2026-04-15T12:01:03","slug":"mavi-bisiklet-yaka-basic-erkek-bebek-citcitli-bodysuit-3lu","status":"publish","type":"product","link":"https:\/\/mod.wisdar.net\/tr\/urun\/mavi-bisiklet-yaka-basic-erkek-bebek-citcitli-bodysuit-3lu\/","title":{"rendered":"Mavi Bisiklet Yaka Basic Erkek Bebek \u00c7\u0131t\u00e7\u0131tl\u0131 Bodysuit 3&#8217;l\u00fc"},"content":{"rendered":"<p>LCW baby Mavi Bisiklet Yaka Basic Erkek Bebek \u00c7\u0131t\u00e7\u0131tl\u0131 Bodysuit 3&#8217;l\u00fc size \u00f6zel indirim, taksit ve kap\u0131da \u00f6deme avantajlar\u0131yla LCW&#8217;de! Hemen online al\u0131\u015fveri\u015f yap, \u00fcr\u00fcn kap\u0131na gelsin! \u2013 S5G456Z1-FUX<\/p>\n<p>\u2014 Technical Details \u2014<br \/>\nMen\u015fei: Hindistan,Turk\u0131ye<br \/>\nSat\u0131c\u0131: LC Waikiki<br \/>\nMarka: LCW baby<br \/>\n\u00dcr\u00fcn Tipi: \u00c7\u0131t\u00e7\u0131tl\u0131 Body<br \/>\nCinsiyet: Erkek Bebek<br \/>\nKal\u0131p: Dar &amp; Slim<br \/>\nKuma\u015f: Ribana<br \/>\nDesen: D\u00fcz<br \/>\nYaka: Bisiklet Yaka<br \/>\nKol Boyu: Kolsuz<br \/>\nMalzeme: %100 Pamuk<br \/>\nKoleksiyon: Yenido\u011fan<br \/>\nPar\u00e7a Say\u0131s\u0131: 3 Par\u00e7a<\/p>\n","protected":false},"excerpt":{"rendered":"<p>LCW baby Mavi Bisiklet Yaka Basic Erkek Bebek \u00c7\u0131t\u00e7\u0131tl\u0131 Bodysuit 3&#8217;l\u00fc size \u00f6zel indirim, taksit ve kap\u0131da \u00f6deme avantajlar\u0131yla LCW&#8217;de! Hemen online al\u0131\u015fveri\u015f yap, \u00fcr\u00fcn kap\u0131na gelsin! \u2013 S5G456Z1-FUX \u2014 Technical Details \u2014 Men\u015fei: Hindistan,Turk\u0131ye Sat\u0131c\u0131: LC Waikiki Marka: LCW baby \u00dcr\u00fcn Tipi: \u00c7\u0131t\u00e7\u0131tl\u0131 Body Cinsiyet: Erkek Bebek Kal\u0131p: Dar &amp; Slim Kuma\u015f: Ribana Desen: [&hellip;]<\/p>\n","protected":false},"featured_media":102245,"comment_status":"open","ping_status":"closed","template":"","meta":[],"product_brand":[],"product_cat":[8709,8694,8697],"product_tag":[8947,8940,8945,8948,8870,8836,8932],"class_list":{"0":"post-102251","1":"product","2":"type-product","3":"status-publish","4":"has-post-thumbnail","6":"product_cat-bodyler-tulumlar","7":"product_cat-cocuklar","8":"product_cat-yenidogan-0-12-ay","9":"product_tag-3-pack-bodysuit","10":"product_tag-baby-boy-bodysuit","11":"product_tag-cotton-bodysuit","12":"product_tag-crew-neck-baby-clothes","13":"product_tag-lcw-baby-collection","14":"product_tag-newborn-essentials","15":"product_tag-snap-button-bodysuit","16":"pa_brand-lcw-baby","17":"pa_color-acik-mavi","18":"pa_size-1-3-ay","19":"pa_size-12-18-ay","20":"pa_size-18-24-ay","21":"pa_size-24-36-ay","22":"pa_size-3-6-ay","23":"pa_size-6-9-ay","24":"pa_size-9-12-ay","26":"first","27":"instock","28":"sale","29":"shipping-taxable","30":"purchasable","31":"product-type-variable"},"_links":{"self":[{"href":"https:\/\/mod.wisdar.net\/tr\/wp-json\/wp\/v2\/product\/102251","targetHints":{"allow":["GET"]}}],"collection":[{"href":"https:\/\/mod.wisdar.net\/tr\/wp-json\/wp\/v2\/product"}],"about":[{"href":"https:\/\/mod.wisdar.net\/tr\/wp-json\/wp\/v2\/types\/product"}],"replies":[{"embeddable":true,"href":"https:\/\/mod.wisdar.net\/tr\/wp-json\/wp\/v2\/comments?post=102251"}],"wp:featuredmedia":[{"embeddable":true,"href":"https:\/\/mod.wisdar.net\/tr\/wp-json\/wp\/v2\/media\/102245"}],"wp:attachment":[{"href":"https:\/\/mod.wisdar.net\/tr\/wp-json\/wp\/v2\/media?parent=102251"}],"wp:term":[{"taxonomy":"product_brand","embeddable":true,"href":"https:\/\/mod.wisdar.net\/tr\/wp-json\/wp\/v2\/product_brand?post=102251"},{"taxonomy":"product_cat","embeddable":true,"href":"https:\/\/mod.wisdar.net\/tr\/wp-json\/wp\/v2\/product_cat?post=102251"},{"taxonomy":"product_tag","embeddable":true,"href":"https:\/\/mod.wisdar.net\/tr\/wp-json\/wp\/v2\/product_tag?post=102251"}],"curies":[{"name":"wp","href":"https:\/\/api.w.org\/{rel}","templated":true}]}}