{"id":10229,"date":"2025-11-01T20:46:59","date_gmt":"2025-11-01T20:46:59","guid":{"rendered":"https:\/\/modesthanim.com\/product\/gizli-cep-anvelop-detayli-etek-indigo\/"},"modified":"2026-04-10T15:51:31","modified_gmt":"2026-04-10T15:51:31","slug":"gizli-cep-anvelop-detayli-etek-indigo","status":"publish","type":"product","link":"https:\/\/mod.wisdar.net\/tr\/urun\/gizli-cep-anvelop-detayli-etek-indigo\/","title":{"rendered":"Gizli Cep Anvelop Detayl\u0131 Etek \u2013 \u0130ndigo"},"content":{"rendered":"<p>Yumu\u015fak dokulu kuma\u015f\u0131yla cilde nefes ald\u0131ran bu etek, anvelop kesimi ve gizli cepleriyle sade ama fonksiyonel bir \u015f\u0131kl\u0131k sunuyor.<\/p>\n<p>Kuma\u015f \u0130\u00e7eri\u011fi: %100 Lyocell<br \/>\nDesen: D\u00fcz<br \/>\nBel Tipi: Normal Bel<br \/>\nEtek Tipi: A-Line<br \/>\nCep: Gizli Cep<br \/>\nAstar: Astars\u0131z<br \/>\n\u00dcr\u00fcn Boyu: 95 cm<br \/>\nKal\u0131p Tipi: Rahat Kal\u0131p<br \/>\nMankenin Giydi\u011fi Beden: 38<br \/>\nManken \u00d6l\u00e7\u00fcleri: Boy: 175 cm G\u00f6\u011f\u00fcs: 80 cm Bel: 62 cm Basen: 90 cm<\/p>\n<p>\u2014 Technical Details \u2014<br \/>\nDesen: D\u00fcz<br \/>\nBel Tipi: Normal Bel<br \/>\nEtek Tipi: A-Line<br \/>\nCep: Gizli Cep<br \/>\nAstar: Astars\u0131z<br \/>\n\u00dcr\u00fcn Boyu: 95 cm<br \/>\nKal\u0131p Tipi: Rahat Kal\u0131p<br \/>\nMankenin Giydi\u011fi Beden: 38<br \/>\nManken \u00d6l\u00e7\u00fcleri: Boy: 175 cm G\u00f6\u011f\u00fcs: 80 cm Bel: 62 cm Basen: 90 cm<\/p>\n","protected":false},"excerpt":{"rendered":"<p>Yumu\u015fak dokulu kuma\u015f\u0131yla cilde nefes ald\u0131ran bu etek, anvelop kesimi ve gizli cepleriyle sade ama fonksiyonel bir \u015f\u0131kl\u0131k sunuyor. Kuma\u015f \u0130\u00e7eri\u011fi: %100 Lyocell Desen: D\u00fcz Bel Tipi: Normal Bel Etek Tipi: A-Line Cep: Gizli Cep Astar: Astars\u0131z \u00dcr\u00fcn Boyu: 95 cm Kal\u0131p Tipi: Rahat Kal\u0131p Mankenin Giydi\u011fi Beden: 38 Manken \u00d6l\u00e7\u00fcleri: Boy: 175 cm G\u00f6\u011f\u00fcs: [&hellip;]<\/p>\n","protected":false},"featured_media":0,"comment_status":"open","ping_status":"closed","template":"","meta":[],"product_brand":[],"product_cat":[1969],"product_tag":[4848,6755,4998],"class_list":{"0":"post-10229","1":"product","2":"type-product","3":"status-publish","5":"product_cat-etekler","6":"product_tag-a-line-skirt","7":"product_tag-gizli-cepler","8":"product_tag-indigo","9":"pa_brand-tugba","10":"pa_color-indigo","11":"pa_size-4706","12":"pa_size-4711","13":"pa_size-4713","14":"pa_size-4751","15":"pa_size-4749","16":"pa_size-4747","18":"first","19":"instock","20":"sale","21":"shipping-taxable","22":"purchasable","23":"product-type-variable"},"_links":{"self":[{"href":"https:\/\/mod.wisdar.net\/tr\/wp-json\/wp\/v2\/product\/10229","targetHints":{"allow":["GET"]}}],"collection":[{"href":"https:\/\/mod.wisdar.net\/tr\/wp-json\/wp\/v2\/product"}],"about":[{"href":"https:\/\/mod.wisdar.net\/tr\/wp-json\/wp\/v2\/types\/product"}],"replies":[{"embeddable":true,"href":"https:\/\/mod.wisdar.net\/tr\/wp-json\/wp\/v2\/comments?post=10229"}],"wp:attachment":[{"href":"https:\/\/mod.wisdar.net\/tr\/wp-json\/wp\/v2\/media?parent=10229"}],"wp:term":[{"taxonomy":"product_brand","embeddable":true,"href":"https:\/\/mod.wisdar.net\/tr\/wp-json\/wp\/v2\/product_brand?post=10229"},{"taxonomy":"product_cat","embeddable":true,"href":"https:\/\/mod.wisdar.net\/tr\/wp-json\/wp\/v2\/product_cat?post=10229"},{"taxonomy":"product_tag","embeddable":true,"href":"https:\/\/mod.wisdar.net\/tr\/wp-json\/wp\/v2\/product_tag?post=10229"}],"curies":[{"name":"wp","href":"https:\/\/api.w.org\/{rel}","templated":true}]}}