{"id":102391,"date":"2026-02-16T04:54:22","date_gmt":"2026-02-16T04:54:22","guid":{"rendered":"https:\/\/modesthanim.com\/product\/ekru-tavsan-baskili-kiz-bebek-citcitli-body-3lu\/"},"modified":"2026-04-01T02:31:42","modified_gmt":"2026-04-01T02:31:42","slug":"ekru-tavsan-baskili-kiz-bebek-citcitli-body-3lu","status":"publish","type":"product","link":"https:\/\/mod.wisdar.net\/tr\/urun\/ekru-tavsan-baskili-kiz-bebek-citcitli-body-3lu\/","title":{"rendered":"Ekru Tav\u015fan Bask\u0131l\u0131 K\u0131z Bebek \u00c7\u0131t\u00e7\u0131tl\u0131 Body 3&#8217;l\u00fc"},"content":{"rendered":"<p>LCW baby Ekru Tav\u015fan Bask\u0131l\u0131 K\u0131z Bebek \u00c7\u0131t\u00e7\u0131tl\u0131 Body 3&#8217;l\u00fc size \u00f6zel indirim, taksit ve kap\u0131da \u00f6deme avantajlar\u0131yla LCW&#8217;de! Hemen online al\u0131\u015fveri\u015f yap, \u00fcr\u00fcn kap\u0131na gelsin! \u2013 S6DN79Z1-LRB<\/p>\n<p>\u2014 Technical Details \u2014<br \/>\nMen\u015fei: Turk\u0131ye<br \/>\nSat\u0131c\u0131: LC Waikiki<br \/>\nMarka: LCW baby<br \/>\n\u00dcr\u00fcn Tipi: \u00c7\u0131t\u00e7\u0131tl\u0131 Body<br \/>\nCinsiyet: K\u0131z Bebek<br \/>\nKal\u0131p: Dar &amp; Slim<br \/>\nKuma\u015f: Ribana<br \/>\nDesen: Bask\u0131l\u0131<br \/>\nYaka: Bisiklet Yaka<br \/>\nKal\u0131nl\u0131k: Orta Kal\u0131nl\u0131k<br \/>\nKol Boyu: K\u0131sa Kollu<br \/>\nMalzeme: %100 Pamuk<br \/>\nPaket \u0130\u00e7eri\u011fi: 3&#8217;l\u00fc Paket<br \/>\nKoleksiyon: Yenido\u011fan<br \/>\nPar\u00e7a Say\u0131s\u0131: 3 Par\u00e7a<\/p>\n","protected":false},"excerpt":{"rendered":"<p>LCW baby Ekru Tav\u015fan Bask\u0131l\u0131 K\u0131z Bebek \u00c7\u0131t\u00e7\u0131tl\u0131 Body 3&#8217;l\u00fc size \u00f6zel indirim, taksit ve kap\u0131da \u00f6deme avantajlar\u0131yla LCW&#8217;de! Hemen online al\u0131\u015fveri\u015f yap, \u00fcr\u00fcn kap\u0131na gelsin! \u2013 S6DN79Z1-LRB \u2014 Technical Details \u2014 Men\u015fei: Turk\u0131ye Sat\u0131c\u0131: LC Waikiki Marka: LCW baby \u00dcr\u00fcn Tipi: \u00c7\u0131t\u00e7\u0131tl\u0131 Body Cinsiyet: K\u0131z Bebek Kal\u0131p: Dar &amp; Slim Kuma\u015f: Ribana Desen: Bask\u0131l\u0131 [&hellip;]<\/p>\n","protected":false},"featured_media":102378,"comment_status":"open","ping_status":"closed","template":"","meta":[],"product_brand":[],"product_cat":[8709,8694,8697],"product_tag":[8926,8924,8945,8952,8856,8942,8951,3279],"class_list":{"0":"post-102391","1":"product","2":"type-product","3":"status-publish","4":"has-post-thumbnail","6":"product_cat-bodyler-tulumlar","7":"product_cat-cocuklar","8":"product_cat-yenidogan-0-12-ay","9":"product_tag-3-pack","10":"product_tag-baby-bodysuit","11":"product_tag-cotton-bodysuit","12":"product_tag-ecru-color","13":"product_tag-girls-clothing","14":"product_tag-newborn-clothes","15":"product_tag-rabbit-print","16":"product_tag-snap-button","17":"pa_brand-lcw-baby","18":"pa_color-ekru","19":"pa_size-1-3-ay","20":"pa_size-12-18-ay","21":"pa_size-18-24-ay","22":"pa_size-24-36-ay","23":"pa_size-3-4-yas","24":"pa_size-3-6-ay","25":"pa_size-6-9-ay","26":"pa_size-9-12-ay","28":"first","29":"instock","30":"sale","31":"shipping-taxable","32":"purchasable","33":"product-type-variable"},"_links":{"self":[{"href":"https:\/\/mod.wisdar.net\/tr\/wp-json\/wp\/v2\/product\/102391","targetHints":{"allow":["GET"]}}],"collection":[{"href":"https:\/\/mod.wisdar.net\/tr\/wp-json\/wp\/v2\/product"}],"about":[{"href":"https:\/\/mod.wisdar.net\/tr\/wp-json\/wp\/v2\/types\/product"}],"replies":[{"embeddable":true,"href":"https:\/\/mod.wisdar.net\/tr\/wp-json\/wp\/v2\/comments?post=102391"}],"wp:featuredmedia":[{"embeddable":true,"href":"https:\/\/mod.wisdar.net\/tr\/wp-json\/wp\/v2\/media\/102378"}],"wp:attachment":[{"href":"https:\/\/mod.wisdar.net\/tr\/wp-json\/wp\/v2\/media?parent=102391"}],"wp:term":[{"taxonomy":"product_brand","embeddable":true,"href":"https:\/\/mod.wisdar.net\/tr\/wp-json\/wp\/v2\/product_brand?post=102391"},{"taxonomy":"product_cat","embeddable":true,"href":"https:\/\/mod.wisdar.net\/tr\/wp-json\/wp\/v2\/product_cat?post=102391"},{"taxonomy":"product_tag","embeddable":true,"href":"https:\/\/mod.wisdar.net\/tr\/wp-json\/wp\/v2\/product_tag?post=102391"}],"curies":[{"name":"wp","href":"https:\/\/api.w.org\/{rel}","templated":true}]}}