{"id":102575,"date":"2026-02-16T04:55:55","date_gmt":"2026-02-16T04:55:55","guid":{"rendered":"https:\/\/modesthanim.com\/product\/ekru-basic-kiz-bebek-citcitli-body-3lu\/"},"modified":"2026-04-15T22:52:17","modified_gmt":"2026-04-15T22:52:17","slug":"ekru-basic-kiz-bebek-citcitli-body-3lu","status":"publish","type":"product","link":"https:\/\/mod.wisdar.net\/tr\/urun\/ekru-basic-kiz-bebek-citcitli-body-3lu\/","title":{"rendered":"Ekru Basic K\u0131z Bebek \u00c7\u0131t\u00e7\u0131tl\u0131 Body 3&#8217;l\u00fc"},"content":{"rendered":"<p>LCW baby Ekru Basic K\u0131z Bebek \u00c7\u0131t\u00e7\u0131tl\u0131 Body 3&#8217;l\u00fc size \u00f6zel indirim, taksit ve kap\u0131da \u00f6deme avantajlar\u0131yla LCW&#8217;de! Hemen online al\u0131\u015fveri\u015f yap, \u00fcr\u00fcn kap\u0131na gelsin! \u2013 W56196Z1-R9J<\/p>\n<p>\u2014 Technical Details \u2014<br \/>\nMen\u015fei: Turk\u0131ye<br \/>\nSat\u0131c\u0131: LC Waikiki<br \/>\nMarka: LCW baby<br \/>\n\u00dcr\u00fcn Tipi: \u00c7\u0131t\u00e7\u0131tl\u0131 Body<br \/>\nCinsiyet: K\u0131z Bebek<br \/>\nKal\u0131p: Dar &amp; Slim<br \/>\nKuma\u015f: Ribana<br \/>\nKal\u0131nl\u0131k: Orta Kal\u0131nl\u0131k<br \/>\nKol Boyu: Kolsuz<br \/>\nMalzeme: %100 Pamuk<br \/>\nPaket \u0130\u00e7eri\u011fi: 3&#8217;l\u00fc Paket<\/p>\n","protected":false},"excerpt":{"rendered":"<p>LCW baby Ekru Basic K\u0131z Bebek \u00c7\u0131t\u00e7\u0131tl\u0131 Body 3&#8217;l\u00fc size \u00f6zel indirim, taksit ve kap\u0131da \u00f6deme avantajlar\u0131yla LCW&#8217;de! Hemen online al\u0131\u015fveri\u015f yap, \u00fcr\u00fcn kap\u0131na gelsin! \u2013 W56196Z1-R9J \u2014 Technical Details \u2014 Men\u015fei: Turk\u0131ye Sat\u0131c\u0131: LC Waikiki Marka: LCW baby \u00dcr\u00fcn Tipi: \u00c7\u0131t\u00e7\u0131tl\u0131 Body Cinsiyet: K\u0131z Bebek Kal\u0131p: Dar &amp; Slim Kuma\u015f: Ribana Kal\u0131nl\u0131k: Orta Kal\u0131nl\u0131k [&hellip;]<\/p>\n","protected":false},"featured_media":102566,"comment_status":"open","ping_status":"closed","template":"","meta":[],"product_brand":[],"product_cat":[8709,8694,8697],"product_tag":[4886,6757,7488],"class_list":{"0":"post-102575","1":"product","2":"type-product","3":"status-publish","4":"has-post-thumbnail","6":"product_cat-bodyler-tulumlar","7":"product_cat-cocuklar","8":"product_cat-yenidogan-0-12-ay","9":"product_tag-basic","10":"product_tag-ekru","11":"product_tag-pamuk","12":"pa_brand-lcw-baby","13":"pa_color-ekru","14":"pa_size-18-24-ay","15":"pa_size-24-36-ay","16":"pa_size-3-4-yas","17":"pa_size-4-5-yas","19":"first","20":"instock","21":"sale","22":"shipping-taxable","23":"purchasable","24":"product-type-variable"},"_links":{"self":[{"href":"https:\/\/mod.wisdar.net\/tr\/wp-json\/wp\/v2\/product\/102575","targetHints":{"allow":["GET"]}}],"collection":[{"href":"https:\/\/mod.wisdar.net\/tr\/wp-json\/wp\/v2\/product"}],"about":[{"href":"https:\/\/mod.wisdar.net\/tr\/wp-json\/wp\/v2\/types\/product"}],"replies":[{"embeddable":true,"href":"https:\/\/mod.wisdar.net\/tr\/wp-json\/wp\/v2\/comments?post=102575"}],"wp:featuredmedia":[{"embeddable":true,"href":"https:\/\/mod.wisdar.net\/tr\/wp-json\/wp\/v2\/media\/102566"}],"wp:attachment":[{"href":"https:\/\/mod.wisdar.net\/tr\/wp-json\/wp\/v2\/media?parent=102575"}],"wp:term":[{"taxonomy":"product_brand","embeddable":true,"href":"https:\/\/mod.wisdar.net\/tr\/wp-json\/wp\/v2\/product_brand?post=102575"},{"taxonomy":"product_cat","embeddable":true,"href":"https:\/\/mod.wisdar.net\/tr\/wp-json\/wp\/v2\/product_cat?post=102575"},{"taxonomy":"product_tag","embeddable":true,"href":"https:\/\/mod.wisdar.net\/tr\/wp-json\/wp\/v2\/product_tag?post=102575"}],"curies":[{"name":"wp","href":"https:\/\/api.w.org\/{rel}","templated":true}]}}