{"id":10258,"date":"2025-11-01T20:47:46","date_gmt":"2025-11-01T20:47:46","guid":{"rendered":"https:\/\/modesthanim.com\/product\/gizli-cepli-lastikli-orme-etek-fistik-yesili\/"},"modified":"2026-01-15T08:33:09","modified_gmt":"2026-01-15T08:33:09","slug":"gizli-cepli-lastikli-orme-etek-fistik-yesili","status":"publish","type":"product","link":"https:\/\/mod.wisdar.net\/tr\/urun\/gizli-cepli-lastikli-orme-etek-fistik-yesili\/","title":{"rendered":"Gizli Cepli Lastikli \u00d6rme Etek \u2013 F\u0131st\u0131k Ye\u015fili"},"content":{"rendered":"<p>Rahat ve \u015f\u0131k bir se\u00e7enek ar\u0131yorsan\u0131z, gizli cepli lastikli \u00f6rme etek tam size g\u00f6re! G\u00fcnl\u00fck kullan\u0131mdan ofis stilinize kadar geni\u015f bir yelpazede yer bulan bu etek, gizli cepleriyle pratikli\u011fi ve lastikli bel yap\u0131s\u0131yla konforu bir araya getiriyor.<\/p>\n<p>Kuma\u015f \u0130\u00e7eri\u011fi: %95 Polyester, %5 Elastan<br \/>\nDesen: D\u00fcz<br \/>\nBel Tipi: Normal Bel<br \/>\nEtek Tipi: \u00c7an Etek<br \/>\nCep: Gizli Cep<br \/>\nAstar: Astars\u0131z<br \/>\n\u00dcr\u00fcn Boyu: 95 cm<br \/>\nKal\u0131p Tipi: Normal Kal\u0131p<br \/>\nMankenin Giydi\u011fi Beden: 01<\/p>\n<p>Manken \u00d6l\u00e7\u00fcleri: Boy: 175 cm, G\u00f6\u011f\u00fcs: 82 cm, Bel: 60 cm, Basen: 90 cm<br \/>\n1 Beden: 38 \u2013 40<br \/>\n2 Beden: 40 \u2013 42<br \/>\n3 Beden: 42 \u2013 44<\/p>\n<p>\u2014 Technical Details \u2014<br \/>\nDesen: D\u00fcz<br \/>\nBel Tipi: Normal Bel<br \/>\nEtek Tipi: \u00c7an Etek<br \/>\nCep: Gizli Cep<br \/>\nAstar: Astars\u0131z<br \/>\n\u00dcr\u00fcn Boyu: 95 cm<br \/>\nKal\u0131p Tipi: Normal Kal\u0131p<br \/>\nMankenin Giydi\u011fi Beden: 01<\/p>\n","protected":false},"excerpt":{"rendered":"<p>Rahat ve \u015f\u0131k bir se\u00e7enek ar\u0131yorsan\u0131z, gizli cepli lastikli \u00f6rme etek tam size g\u00f6re! G\u00fcnl\u00fck kullan\u0131mdan ofis stilinize kadar geni\u015f bir yelpazede yer bulan bu etek, gizli cepleriyle pratikli\u011fi ve lastikli bel yap\u0131s\u0131yla konforu bir araya getiriyor. Kuma\u015f \u0130\u00e7eri\u011fi: %95 Polyester, %5 Elastan Desen: D\u00fcz Bel Tipi: Normal Bel Etek Tipi: \u00c7an Etek Cep: Gizli [&hellip;]<\/p>\n","protected":false},"featured_media":0,"comment_status":"open","ping_status":"closed","template":"","meta":[],"product_brand":[],"product_cat":[1969],"product_tag":[6759],"class_list":{"0":"post-10258","1":"product","2":"type-product","3":"status-publish","5":"product_cat-etekler","6":"product_tag-konfor","7":"pa_color-fistik-yesili","8":"pa_size-4444","9":"pa_size-4460","10":"pa_size-4681","12":"first","13":"instock","14":"sale","15":"shipping-taxable","16":"purchasable","17":"product-type-variable"},"_links":{"self":[{"href":"https:\/\/mod.wisdar.net\/tr\/wp-json\/wp\/v2\/product\/10258","targetHints":{"allow":["GET"]}}],"collection":[{"href":"https:\/\/mod.wisdar.net\/tr\/wp-json\/wp\/v2\/product"}],"about":[{"href":"https:\/\/mod.wisdar.net\/tr\/wp-json\/wp\/v2\/types\/product"}],"replies":[{"embeddable":true,"href":"https:\/\/mod.wisdar.net\/tr\/wp-json\/wp\/v2\/comments?post=10258"}],"wp:attachment":[{"href":"https:\/\/mod.wisdar.net\/tr\/wp-json\/wp\/v2\/media?parent=10258"}],"wp:term":[{"taxonomy":"product_brand","embeddable":true,"href":"https:\/\/mod.wisdar.net\/tr\/wp-json\/wp\/v2\/product_brand?post=10258"},{"taxonomy":"product_cat","embeddable":true,"href":"https:\/\/mod.wisdar.net\/tr\/wp-json\/wp\/v2\/product_cat?post=10258"},{"taxonomy":"product_tag","embeddable":true,"href":"https:\/\/mod.wisdar.net\/tr\/wp-json\/wp\/v2\/product_tag?post=10258"}],"curies":[{"name":"wp","href":"https:\/\/api.w.org\/{rel}","templated":true}]}}