{"id":10303,"date":"2025-11-01T20:48:50","date_gmt":"2025-11-01T20:48:50","guid":{"rendered":"https:\/\/modesthanim.com\/product\/puskul-detayli-cepli-canvas-etek-haki\/"},"modified":"2026-03-26T01:31:33","modified_gmt":"2026-03-26T01:31:33","slug":"puskul-detayli-cepli-canvas-etek-haki","status":"publish","type":"product","link":"https:\/\/mod.wisdar.net\/tr\/urun\/puskul-detayli-cepli-canvas-etek-haki\/","title":{"rendered":"P\u00fcsk\u00fcl Detayl\u0131 Cepli Canvas Etek \u2013 Haki"},"content":{"rendered":"<p>P\u00fcsk\u00fcl detaylar\u0131yla hareket kazanan ve cepleriyle fonksiyonellik sunan bu canvas etek, modern ve \u015f\u0131k bir stil vadediyor. Dayan\u0131kl\u0131 kuma\u015f\u0131 sayesinde konforlu bir kullan\u0131m sa\u011flarken, \u00f6zg\u00fcn tasar\u0131m\u0131yla dikkat \u00e7ekiyor.<\/p>\n<p>\u2014 Technical Details \u2014<br \/>\nDesen: D\u00fcz<br \/>\nBel Tipi: Y\u00fcksek Bel<br \/>\nEtek Tipi: \u00c7an Etek<br \/>\nCep: \u00c7ift Cep<br \/>\nAstar: Astars\u0131z<br \/>\n\u00dcr\u00fcn Boyu: 96 cm<br \/>\nKal\u0131p Tipi: Normal Kal\u0131p<br \/>\nMankenin Giydi\u011fi Beden: 36<br \/>\nManken \u00d6l\u00e7\u00fcleri: {&#8216;Boy&#8217;: &#8216;175 cm&#8217;, &#8216;G\u00f6\u011f\u00fcs&#8217;: &#8217;82 cm&#8217;, &#8216;Bel&#8217;: &#8217;60 cm&#8217;, &#8216;Basen&#8217;: &#8217;90 cm&#8217;}<\/p>\n","protected":false},"excerpt":{"rendered":"<p>P\u00fcsk\u00fcl detaylar\u0131yla hareket kazanan ve cepleriyle fonksiyonellik sunan bu canvas etek, modern ve \u015f\u0131k bir stil vadediyor. Dayan\u0131kl\u0131 kuma\u015f\u0131 sayesinde konforlu bir kullan\u0131m sa\u011flarken, \u00f6zg\u00fcn tasar\u0131m\u0131yla dikkat \u00e7ekiyor. \u2014 Technical Details \u2014 Desen: D\u00fcz Bel Tipi: Y\u00fcksek Bel Etek Tipi: \u00c7an Etek Cep: \u00c7ift Cep Astar: Astars\u0131z \u00dcr\u00fcn Boyu: 96 cm Kal\u0131p Tipi: Normal Kal\u0131p [&hellip;]<\/p>\n","protected":false},"featured_media":10284,"comment_status":"open","ping_status":"closed","template":"","meta":[],"product_brand":[],"product_cat":[1969],"product_tag":[8247,7488,7650],"class_list":{"0":"post-10303","1":"product","2":"type-product","3":"status-publish","4":"has-post-thumbnail","6":"product_cat-etekler","7":"product_tag-klos-etek","8":"product_tag-pamuk","9":"product_tag-yuksek-bel-3","10":"pa_color-haki","11":"pa_size-4701","12":"pa_size-4706","13":"pa_size-4711","14":"pa_size-4713","15":"pa_size-4751","16":"pa_size-4749","18":"first","19":"instock","20":"sale","21":"shipping-taxable","22":"purchasable","23":"product-type-variable"},"_links":{"self":[{"href":"https:\/\/mod.wisdar.net\/tr\/wp-json\/wp\/v2\/product\/10303","targetHints":{"allow":["GET"]}}],"collection":[{"href":"https:\/\/mod.wisdar.net\/tr\/wp-json\/wp\/v2\/product"}],"about":[{"href":"https:\/\/mod.wisdar.net\/tr\/wp-json\/wp\/v2\/types\/product"}],"replies":[{"embeddable":true,"href":"https:\/\/mod.wisdar.net\/tr\/wp-json\/wp\/v2\/comments?post=10303"}],"wp:featuredmedia":[{"embeddable":true,"href":"https:\/\/mod.wisdar.net\/tr\/wp-json\/wp\/v2\/media\/10284"}],"wp:attachment":[{"href":"https:\/\/mod.wisdar.net\/tr\/wp-json\/wp\/v2\/media?parent=10303"}],"wp:term":[{"taxonomy":"product_brand","embeddable":true,"href":"https:\/\/mod.wisdar.net\/tr\/wp-json\/wp\/v2\/product_brand?post=10303"},{"taxonomy":"product_cat","embeddable":true,"href":"https:\/\/mod.wisdar.net\/tr\/wp-json\/wp\/v2\/product_cat?post=10303"},{"taxonomy":"product_tag","embeddable":true,"href":"https:\/\/mod.wisdar.net\/tr\/wp-json\/wp\/v2\/product_tag?post=10303"}],"curies":[{"name":"wp","href":"https:\/\/api.w.org\/{rel}","templated":true}]}}