{"id":103566,"date":"2026-02-16T05:05:45","date_gmt":"2026-02-16T05:05:45","guid":{"rendered":"https:\/\/modesthanim.com\/product\/puantiyeli-kisa-kollu-yazlik-elbise-kiz-bebek\/"},"modified":"2026-03-03T12:47:46","modified_gmt":"2026-03-03T12:47:46","slug":"puantiyeli-kisa-kollu-yazlik-elbise-kiz-bebek","status":"publish","type":"product","link":"https:\/\/mod.wisdar.net\/tr\/urun\/puantiyeli-kisa-kollu-yazlik-elbise-kiz-bebek\/","title":{"rendered":"Puantiyeli K\u0131sa Kollu Yazl\u0131k Elbise K\u0131z Bebek"},"content":{"rendered":"<p>Sevimli puantiye deseniyle dikkat \u00e7eken bu k\u0131sa kollu elbise, miniklere hem \u015f\u0131kl\u0131k hem de rahatl\u0131k sunar. Yumu\u015fak kuma\u015f\u0131 ve rahat kesimiyle bebeklerin g\u00fcnl\u00fck giyiminde konforlu bir se\u00e7enek olur.<\/p>\n<p>\u2014 Technical Details \u2014<br \/>\nyaka: Bisiklet Yaka<br \/>\nkal\u0131p: Regular Fit<br \/>\nkol_boyu: K\u0131sa Kollu<br \/>\ncinsiyet: K\u0131z Bebek<br \/>\nmen\u015fei: TR<br \/>\n\u00fcr\u00fcn_grubu: K\u0131z Bebek Elbise<br \/>\n\u00f6zel_\u00fcr\u00fcn: G\u00fcnl\u00fck<br \/>\ndesen: Puantiye<\/p>\n","protected":false},"excerpt":{"rendered":"<p>Sevimli puantiye deseniyle dikkat \u00e7eken bu k\u0131sa kollu elbise, miniklere hem \u015f\u0131kl\u0131k hem de rahatl\u0131k sunar. Yumu\u015fak kuma\u015f\u0131 ve rahat kesimiyle bebeklerin g\u00fcnl\u00fck giyiminde konforlu bir se\u00e7enek olur. \u2014 Technical Details \u2014 yaka: Bisiklet Yaka kal\u0131p: Regular Fit kol_boyu: K\u0131sa Kollu cinsiyet: K\u0131z Bebek men\u015fei: TR \u00fcr\u00fcn_grubu: K\u0131z Bebek Elbise \u00f6zel_\u00fcr\u00fcn: G\u00fcnl\u00fck desen: Puantiye<\/p>\n","protected":false},"featured_media":103560,"comment_status":"open","ping_status":"closed","template":"","meta":[],"product_brand":[],"product_cat":[8712,8718,8715,8694,8697],"product_tag":[8110,6757],"class_list":{"0":"post-103566","1":"product","2":"type-product","3":"status-publish","4":"has-post-thumbnail","6":"product_cat-bebek-elbiseleri","7":"product_cat-elbiseler-etekler","8":"product_cat-kiz-cocuklari-2-14-yas","9":"product_cat-cocuklar","10":"product_cat-yenidogan-0-12-ay","11":"product_tag-bisiklet-yaka-2","12":"product_tag-ekru","13":"pa_brand-defacto","14":"pa_color-ekru","15":"pa_size-12-18-ay-86cm","16":"pa_size-18-24-ay-92cm","17":"pa_size-24-36-ay-98-cm","18":"pa_size-3-4-yas-104-cm","19":"pa_size-4-5-yas-110cm","20":"pa_size-5-6-yas-116cm","21":"pa_size-9-12-ay-80cm","23":"first","24":"instock","25":"sale","26":"shipping-taxable","27":"purchasable","28":"product-type-variable"},"_links":{"self":[{"href":"https:\/\/mod.wisdar.net\/tr\/wp-json\/wp\/v2\/product\/103566","targetHints":{"allow":["GET"]}}],"collection":[{"href":"https:\/\/mod.wisdar.net\/tr\/wp-json\/wp\/v2\/product"}],"about":[{"href":"https:\/\/mod.wisdar.net\/tr\/wp-json\/wp\/v2\/types\/product"}],"replies":[{"embeddable":true,"href":"https:\/\/mod.wisdar.net\/tr\/wp-json\/wp\/v2\/comments?post=103566"}],"wp:featuredmedia":[{"embeddable":true,"href":"https:\/\/mod.wisdar.net\/tr\/wp-json\/wp\/v2\/media\/103560"}],"wp:attachment":[{"href":"https:\/\/mod.wisdar.net\/tr\/wp-json\/wp\/v2\/media?parent=103566"}],"wp:term":[{"taxonomy":"product_brand","embeddable":true,"href":"https:\/\/mod.wisdar.net\/tr\/wp-json\/wp\/v2\/product_brand?post=103566"},{"taxonomy":"product_cat","embeddable":true,"href":"https:\/\/mod.wisdar.net\/tr\/wp-json\/wp\/v2\/product_cat?post=103566"},{"taxonomy":"product_tag","embeddable":true,"href":"https:\/\/mod.wisdar.net\/tr\/wp-json\/wp\/v2\/product_tag?post=103566"}],"curies":[{"name":"wp","href":"https:\/\/api.w.org\/{rel}","templated":true}]}}