{"id":103584,"date":"2026-02-16T05:05:50","date_gmt":"2026-02-16T05:05:50","guid":{"rendered":"https:\/\/modesthanim.com\/product\/islemeli-uzun-kollu-fitilli-kaskorse-elbise-kiz-bebek\/"},"modified":"2026-04-09T07:10:58","modified_gmt":"2026-04-09T07:10:58","slug":"islemeli-uzun-kollu-fitilli-kaskorse-elbise-kiz-bebek","status":"publish","type":"product","link":"https:\/\/mod.wisdar.net\/tr\/urun\/islemeli-uzun-kollu-fitilli-kaskorse-elbise-kiz-bebek\/","title":{"rendered":"\u0130\u015flemeli Uzun Kollu Fitilli Ka\u015fkorse Elbise K\u0131z Bebek"},"content":{"rendered":"<p>K\u0131z bebek i\u015flemeli uzun kollu fitilli ka\u015fkorse elbise, yumu\u015fak ve esnek kuma\u015f\u0131yla konforlu bir kullan\u0131m sunar. Zarif i\u015flemeleri ve fitilli dokusu sayesinde hem \u015f\u0131k hem de sevimli bir stil yarat\u0131r.<\/p>\n<p>\u2014 Technical Details \u2014<br \/>\nsize_system: EU<br \/>\nsize_group: regular<br \/>\nmodel_measurements: 18-24 Ay (92cm) Beden \u2013 1,00cm \u2013 31\/25\/20<br \/>\ncountry_of_origin: TR<br \/>\nproduct_group: K\u0131z Bebek Elbise<br \/>\npattern: \u0130\u015flemeli<br \/>\nsleeve_length: Uzun Kollu<br \/>\nfabric: Fitilli Ka\u015fkorse<br \/>\nspecial_product: G\u00fcnl\u00fck<br \/>\ngender: K\u0131z Bebek<br \/>\nfit: Balloon F\u0131t<\/p>\n","protected":false},"excerpt":{"rendered":"<p>K\u0131z bebek i\u015flemeli uzun kollu fitilli ka\u015fkorse elbise, yumu\u015fak ve esnek kuma\u015f\u0131yla konforlu bir kullan\u0131m sunar. Zarif i\u015flemeleri ve fitilli dokusu sayesinde hem \u015f\u0131k hem de sevimli bir stil yarat\u0131r. \u2014 Technical Details \u2014 size_system: EU size_group: regular model_measurements: 18-24 Ay (92cm) Beden \u2013 1,00cm \u2013 31\/25\/20 country_of_origin: TR product_group: K\u0131z Bebek Elbise pattern: \u0130\u015flemeli [&hellip;]<\/p>\n","protected":false},"featured_media":103574,"comment_status":"open","ping_status":"closed","template":"","meta":[],"product_brand":[],"product_cat":[8712,8718,8715,8694,8697],"product_tag":[6757,6768],"class_list":{"0":"post-103584","1":"product","2":"type-product","3":"status-publish","4":"has-post-thumbnail","6":"product_cat-bebek-elbiseleri","7":"product_cat-elbiseler-etekler","8":"product_cat-kiz-cocuklari-2-14-yas","9":"product_cat-cocuklar","10":"product_cat-yenidogan-0-12-ay","11":"product_tag-ekru","12":"product_tag-uzun-kol","13":"pa_brand-defacto","14":"pa_color-ekru","15":"pa_size-12-18-ay-86cm","16":"pa_size-18-24-ay-92cm","17":"pa_size-2-3-yas-98cm","18":"pa_size-3-4-yas-104-cm","19":"pa_size-4-5-yas-110cm","20":"pa_size-5-6-yas-116cm","22":"first","23":"instock","24":"sale","25":"shipping-taxable","26":"purchasable","27":"product-type-variable"},"_links":{"self":[{"href":"https:\/\/mod.wisdar.net\/tr\/wp-json\/wp\/v2\/product\/103584","targetHints":{"allow":["GET"]}}],"collection":[{"href":"https:\/\/mod.wisdar.net\/tr\/wp-json\/wp\/v2\/product"}],"about":[{"href":"https:\/\/mod.wisdar.net\/tr\/wp-json\/wp\/v2\/types\/product"}],"replies":[{"embeddable":true,"href":"https:\/\/mod.wisdar.net\/tr\/wp-json\/wp\/v2\/comments?post=103584"}],"wp:featuredmedia":[{"embeddable":true,"href":"https:\/\/mod.wisdar.net\/tr\/wp-json\/wp\/v2\/media\/103574"}],"wp:attachment":[{"href":"https:\/\/mod.wisdar.net\/tr\/wp-json\/wp\/v2\/media?parent=103584"}],"wp:term":[{"taxonomy":"product_brand","embeddable":true,"href":"https:\/\/mod.wisdar.net\/tr\/wp-json\/wp\/v2\/product_brand?post=103584"},{"taxonomy":"product_cat","embeddable":true,"href":"https:\/\/mod.wisdar.net\/tr\/wp-json\/wp\/v2\/product_cat?post=103584"},{"taxonomy":"product_tag","embeddable":true,"href":"https:\/\/mod.wisdar.net\/tr\/wp-json\/wp\/v2\/product_tag?post=103584"}],"curies":[{"name":"wp","href":"https:\/\/api.w.org\/{rel}","templated":true}]}}