{"id":103690,"date":"2026-02-16T05:06:49","date_gmt":"2026-02-16T05:06:49","guid":{"rendered":"https:\/\/modesthanim.com\/product\/1-tog-elyaf-tulum-erkek-bebek\/"},"modified":"2026-04-09T07:41:02","modified_gmt":"2026-04-09T07:41:02","slug":"1-tog-elyaf-tulum-erkek-bebek","status":"publish","type":"product","link":"https:\/\/mod.wisdar.net\/tr\/urun\/1-tog-elyaf-tulum-erkek-bebek\/","title":{"rendered":"1 Tog Elyaf Tulum Erkek Bebek"},"content":{"rendered":"<p>Erkek bebekler i\u00e7in \u00f6zel olarak tasarlanan 1 Tog elyaf tulum, hafif ve nefes alabilen yap\u0131s\u0131yla bebe\u011finizin konforunu \u00f6n planda tutar. Yumu\u015fak dokusu sayesinde hassas ciltlere uygundur ve \u0131l\u0131k ortamlarda ideal bir uyku deneyimi sunar.<\/p>\n","protected":false},"excerpt":{"rendered":"<p>Erkek bebekler i\u00e7in \u00f6zel olarak tasarlanan 1 Tog elyaf tulum, hafif ve nefes alabilen yap\u0131s\u0131yla bebe\u011finizin konforunu \u00f6n planda tutar. Yumu\u015fak dokusu sayesinde hassas ciltlere uygundur ve \u0131l\u0131k ortamlarda ideal bir uyku deneyimi sunar.<\/p>\n","protected":false},"featured_media":103674,"comment_status":"open","ping_status":"closed","template":"","meta":[],"product_brand":[],"product_cat":[8694,8706,8697],"product_tag":[8987,8986,8991,8988,8992],"class_list":{"0":"post-103690","1":"product","2":"type-product","3":"status-publish","4":"has-post-thumbnail","6":"product_cat-cocuklar","7":"product_cat-tulum","8":"product_cat-yenidogan-0-12-ay","9":"product_tag-1-tog","10":"product_tag-baby-boy-sleepsuit","11":"product_tag-breathable-babywear","12":"product_tag-fiber-sleepwear","13":"product_tag-soft-sleepsuit","14":"pa_brand-defacto","15":"pa_color-acik-tas","16":"pa_color-ekru","17":"pa_size-12-18-ay-86cm","18":"pa_size-18-24-ay-92cm","19":"pa_size-2-3-yas-98cm","20":"pa_size-3-6-ay-68cm","21":"pa_size-3-4-yas-104-cm","22":"pa_size-4-5-yas-110cm","23":"pa_size-6-9-ay-74cm","24":"pa_size-9-12-ay-80cm","26":"first","27":"instock","28":"sale","29":"shipping-taxable","30":"purchasable","31":"product-type-variable"},"_links":{"self":[{"href":"https:\/\/mod.wisdar.net\/tr\/wp-json\/wp\/v2\/product\/103690","targetHints":{"allow":["GET"]}}],"collection":[{"href":"https:\/\/mod.wisdar.net\/tr\/wp-json\/wp\/v2\/product"}],"about":[{"href":"https:\/\/mod.wisdar.net\/tr\/wp-json\/wp\/v2\/types\/product"}],"replies":[{"embeddable":true,"href":"https:\/\/mod.wisdar.net\/tr\/wp-json\/wp\/v2\/comments?post=103690"}],"wp:featuredmedia":[{"embeddable":true,"href":"https:\/\/mod.wisdar.net\/tr\/wp-json\/wp\/v2\/media\/103674"}],"wp:attachment":[{"href":"https:\/\/mod.wisdar.net\/tr\/wp-json\/wp\/v2\/media?parent=103690"}],"wp:term":[{"taxonomy":"product_brand","embeddable":true,"href":"https:\/\/mod.wisdar.net\/tr\/wp-json\/wp\/v2\/product_brand?post=103690"},{"taxonomy":"product_cat","embeddable":true,"href":"https:\/\/mod.wisdar.net\/tr\/wp-json\/wp\/v2\/product_cat?post=103690"},{"taxonomy":"product_tag","embeddable":true,"href":"https:\/\/mod.wisdar.net\/tr\/wp-json\/wp\/v2\/product_tag?post=103690"}],"curies":[{"name":"wp","href":"https:\/\/api.w.org\/{rel}","templated":true}]}}