{"id":10373,"date":"2025-11-01T20:50:14","date_gmt":"2025-11-01T20:50:14","guid":{"rendered":"https:\/\/modesthanim.com\/product\/puskullu-cepli-kanvas-etek-erik-rengi\/"},"modified":"2026-04-10T15:53:26","modified_gmt":"2026-04-10T15:53:26","slug":"puskullu-cepli-kanvas-etek-erik-rengi","status":"publish","type":"product","link":"https:\/\/mod.wisdar.net\/tr\/urun\/puskullu-cepli-kanvas-etek-erik-rengi\/","title":{"rendered":"P\u00fcsk\u00fcll\u00fc Cepli Kanvas Etek \u2013 Erik Rengi"},"content":{"rendered":"<p>P\u00fcsk\u00fcl detaylar\u0131 ile zenginle\u015ftirilmi\u015f bu kanvas etek, cepleri ile fonksiyonellik sunar ve modern, \u015f\u0131k bir g\u00f6r\u00fcn\u00fcm vaat eder. Dayan\u0131kl\u0131 kuma\u015f\u0131 rahat bir kullan\u0131m sa\u011flarken, benzersiz tasar\u0131m\u0131 dikkat \u00e7eker.<\/p>\n<p>\u2014 Teknik Detaylar \u2014<br \/>\nDesen: D\u00fcz<br \/>\nBel Tipi: Y\u00fcksek Bel<br \/>\nEtek Tipi: Klok Etek<br \/>\nCepler: 5 Cepli<br \/>\nAstar: Astars\u0131z<br \/>\n\u00dcr\u00fcn Uzunlu\u011fu: 96 cm<br \/>\nKal\u0131p: Normal Kal\u0131p<br \/>\nModelin Giydi\u011fi Beden: 36<br \/>\nModel \u00d6l\u00e7\u00fcleri: {&#8216;Boy&#8217;: &#8216;174 cm&#8217;, &#8216;G\u00f6\u011f\u00fcs&#8217;: &#8217;83 cm&#8217;, &#8216;Bel&#8217;: &#8217;57 cm&#8217;, &#8216;Kal\u00e7a&#8217;: &#8217;88 cm&#8217;}<\/p>\n","protected":false},"excerpt":{"rendered":"<p>P\u00fcsk\u00fcl detaylar\u0131 ile zenginle\u015ftirilmi\u015f bu kanvas etek, cepleri ile fonksiyonellik sunar ve modern, \u015f\u0131k bir g\u00f6r\u00fcn\u00fcm vaat eder. Dayan\u0131kl\u0131 kuma\u015f\u0131 rahat bir kullan\u0131m sa\u011flarken, benzersiz tasar\u0131m\u0131 dikkat \u00e7eker. \u2014 Teknik Detaylar \u2014 Desen: D\u00fcz Bel Tipi: Y\u00fcksek Bel Etek Tipi: Klok Etek Cepler: 5 Cepli Astar: Astars\u0131z \u00dcr\u00fcn Uzunlu\u011fu: 96 cm Kal\u0131p: Normal Kal\u0131p Modelin [&hellip;]<\/p>\n","protected":false},"featured_media":0,"comment_status":"open","ping_status":"closed","template":"","meta":[],"product_brand":[],"product_cat":[1969],"product_tag":[5013],"class_list":{"0":"post-10373","1":"product","2":"type-product","3":"status-publish","5":"product_cat-etekler","6":"product_tag-modern","7":"pa_brand-tugba","8":"pa_color-murdum","9":"pa_size-4701","10":"pa_size-4706","11":"pa_size-4711","12":"pa_size-4713","13":"pa_size-4751","14":"pa_size-4749","16":"first","17":"instock","18":"sale","19":"shipping-taxable","20":"purchasable","21":"product-type-variable"},"_links":{"self":[{"href":"https:\/\/mod.wisdar.net\/tr\/wp-json\/wp\/v2\/product\/10373","targetHints":{"allow":["GET"]}}],"collection":[{"href":"https:\/\/mod.wisdar.net\/tr\/wp-json\/wp\/v2\/product"}],"about":[{"href":"https:\/\/mod.wisdar.net\/tr\/wp-json\/wp\/v2\/types\/product"}],"replies":[{"embeddable":true,"href":"https:\/\/mod.wisdar.net\/tr\/wp-json\/wp\/v2\/comments?post=10373"}],"wp:attachment":[{"href":"https:\/\/mod.wisdar.net\/tr\/wp-json\/wp\/v2\/media?parent=10373"}],"wp:term":[{"taxonomy":"product_brand","embeddable":true,"href":"https:\/\/mod.wisdar.net\/tr\/wp-json\/wp\/v2\/product_brand?post=10373"},{"taxonomy":"product_cat","embeddable":true,"href":"https:\/\/mod.wisdar.net\/tr\/wp-json\/wp\/v2\/product_cat?post=10373"},{"taxonomy":"product_tag","embeddable":true,"href":"https:\/\/mod.wisdar.net\/tr\/wp-json\/wp\/v2\/product_tag?post=10373"}],"curies":[{"name":"wp","href":"https:\/\/api.w.org\/{rel}","templated":true}]}}