{"id":103778,"date":"2026-02-16T05:07:57","date_gmt":"2026-02-16T05:07:57","guid":{"rendered":"https:\/\/modesthanim.com\/product\/gri-yildiz-baskili-kiz-bebek-sweatshirt-ve-tayt\/"},"modified":"2026-04-12T23:20:57","modified_gmt":"2026-04-12T23:20:57","slug":"gri-yildiz-baskili-kiz-bebek-sweatshirt-ve-tayt","status":"publish","type":"product","link":"https:\/\/mod.wisdar.net\/tr\/urun\/gri-yildiz-baskili-kiz-bebek-sweatshirt-ve-tayt\/","title":{"rendered":"Gri Y\u0131ld\u0131z Bask\u0131l\u0131 K\u0131z Bebek Sweatshirt ve Tayt"},"content":{"rendered":"<p>LCW baby Gri Y\u0131ld\u0131z Bask\u0131l\u0131 K\u0131z Bebek Sweatshirt ve Tayt size \u00f6zel indirim, taksit ve kap\u0131da \u00f6deme avantajlar\u0131yla LCW&#8217;de! Hemen online al\u0131\u015fveri\u015f yap, \u00fcr\u00fcn kap\u0131na gelsin! \u2013 W5FC88Z1-LAL<\/p>\n<p>\u2014 Technical Details \u2014<br \/>\nMen\u015fei: Hindistan,Turk\u0131ye<br \/>\nSat\u0131c\u0131: LC Waikiki<br \/>\nMarka: LCW baby<br \/>\n\u00dcr\u00fcn Tipi: Tak\u0131m<br \/>\nCinsiyet: K\u0131z Bebek<br \/>\nKuma\u015f: 3 \u0130plik<br \/>\nBel Fiti: Beli Lastikli<br \/>\nDesen: Nak\u0131\u015fl\u0131<br \/>\nYaka: Bisiklet Yaka<br \/>\nPa\u00e7a Fiti: Dar Pa\u00e7a<br \/>\nKal\u0131nl\u0131k: Kal\u0131n<br \/>\nKol Boyu: Uzun Kollu<br \/>\nMalzeme: Y\u00fcksek Pamuk \u0130\u00e7erir<br \/>\nKoleksiyon: Y\u0131lba\u015f\u0131<br \/>\nPar\u00e7a Say\u0131s\u0131: 2 Par\u00e7a<br \/>\nKol Tipi: Balon Kol<\/p>\n","protected":false},"excerpt":{"rendered":"<p>LCW baby Gri Y\u0131ld\u0131z Bask\u0131l\u0131 K\u0131z Bebek Sweatshirt ve Tayt size \u00f6zel indirim, taksit ve kap\u0131da \u00f6deme avantajlar\u0131yla LCW&#8217;de! Hemen online al\u0131\u015fveri\u015f yap, \u00fcr\u00fcn kap\u0131na gelsin! \u2013 W5FC88Z1-LAL \u2014 Technical Details \u2014 Men\u015fei: Hindistan,Turk\u0131ye Sat\u0131c\u0131: LC Waikiki Marka: LCW baby \u00dcr\u00fcn Tipi: Tak\u0131m Cinsiyet: K\u0131z Bebek Kuma\u015f: 3 \u0130plik Bel Fiti: Beli Lastikli Desen: Nak\u0131\u015fl\u0131 [&hellip;]<\/p>\n","protected":false},"featured_media":103762,"comment_status":"open","ping_status":"closed","template":"","meta":[],"product_brand":[],"product_cat":[8703,8694,8697],"product_tag":[8356],"class_list":{"0":"post-103778","1":"product","2":"type-product","3":"status-publish","4":"has-post-thumbnail","6":"product_cat-bebek-setleri","7":"product_cat-cocuklar","8":"product_cat-yenidogan-0-12-ay","9":"product_tag-kis-koleksiyonu","10":"pa_brand-lcw-baby","11":"pa_color-gri","12":"pa_size-1-3-ay","13":"pa_size-12-18-ay","14":"pa_size-18-24-ay","15":"pa_size-2-3-yas","16":"pa_size-3-4-yas","17":"pa_size-3-6-ay","18":"pa_size-6-9-ay","19":"pa_size-9-12-ay","21":"first","22":"instock","23":"sale","24":"shipping-taxable","25":"purchasable","26":"product-type-variable"},"_links":{"self":[{"href":"https:\/\/mod.wisdar.net\/tr\/wp-json\/wp\/v2\/product\/103778","targetHints":{"allow":["GET"]}}],"collection":[{"href":"https:\/\/mod.wisdar.net\/tr\/wp-json\/wp\/v2\/product"}],"about":[{"href":"https:\/\/mod.wisdar.net\/tr\/wp-json\/wp\/v2\/types\/product"}],"replies":[{"embeddable":true,"href":"https:\/\/mod.wisdar.net\/tr\/wp-json\/wp\/v2\/comments?post=103778"}],"wp:featuredmedia":[{"embeddable":true,"href":"https:\/\/mod.wisdar.net\/tr\/wp-json\/wp\/v2\/media\/103762"}],"wp:attachment":[{"href":"https:\/\/mod.wisdar.net\/tr\/wp-json\/wp\/v2\/media?parent=103778"}],"wp:term":[{"taxonomy":"product_brand","embeddable":true,"href":"https:\/\/mod.wisdar.net\/tr\/wp-json\/wp\/v2\/product_brand?post=103778"},{"taxonomy":"product_cat","embeddable":true,"href":"https:\/\/mod.wisdar.net\/tr\/wp-json\/wp\/v2\/product_cat?post=103778"},{"taxonomy":"product_tag","embeddable":true,"href":"https:\/\/mod.wisdar.net\/tr\/wp-json\/wp\/v2\/product_tag?post=103778"}],"curies":[{"name":"wp","href":"https:\/\/api.w.org\/{rel}","templated":true}]}}