{"id":103991,"date":"2026-02-16T05:09:54","date_gmt":"2026-02-16T05:09:54","guid":{"rendered":"https:\/\/modesthanim.com\/product\/kahverengi-kare-yaka-nakisli-kiz-cocuk-gabardin-elbise\/"},"modified":"2026-04-12T23:13:56","modified_gmt":"2026-04-12T23:13:56","slug":"kahverengi-kare-yaka-nakisli-kiz-cocuk-gabardin-elbise","status":"publish","type":"product","link":"https:\/\/mod.wisdar.net\/tr\/urun\/kahverengi-kare-yaka-nakisli-kiz-cocuk-gabardin-elbise\/","title":{"rendered":"Kahverengi Kare Yaka Nak\u0131\u015fl\u0131 K\u0131z \u00c7ocuk Gabardin Elbise"},"content":{"rendered":"<p>LCW Kids Kahverengi Kare Yaka Nak\u0131\u015fl\u0131 K\u0131z \u00c7ocuk Gabardin Elbise size \u00f6zel indirim, taksit ve kap\u0131da \u00f6deme avantajlar\u0131yla LCW&#8217;de! Hemen online al\u0131\u015fveri\u015f yap, \u00fcr\u00fcn kap\u0131na gelsin! \u2013 S6LU29Z1-GQS<\/p>\n<p>\u2014 Technical Details \u2014<br \/>\n\u00dcr\u00fcn Tipi: Elbise<br \/>\nCinsiyet: K\u0131z \u00c7ocuk<br \/>\nKal\u0131p: Standart &amp; Regular<br \/>\nKuma\u015f: Gabardin<br \/>\nAstar Detay: Astars\u0131z<br \/>\nUzunluk: K\u0131sa<br \/>\n\u00dcr\u00fcn Aksesuar\u0131: K\u00fclotlu \u00c7orap<br \/>\nMalzeme: %100 Pamuk<br \/>\nYaka: Kare Yaka<br \/>\nKol Boyu: Kolsuz<br \/>\nDesen: Nak\u0131\u015fl\u0131<br \/>\nPar\u00e7a Say\u0131s\u0131: 2 Par\u00e7a<\/p>\n","protected":false},"excerpt":{"rendered":"<p>LCW Kids Kahverengi Kare Yaka Nak\u0131\u015fl\u0131 K\u0131z \u00c7ocuk Gabardin Elbise size \u00f6zel indirim, taksit ve kap\u0131da \u00f6deme avantajlar\u0131yla LCW&#8217;de! Hemen online al\u0131\u015fveri\u015f yap, \u00fcr\u00fcn kap\u0131na gelsin! \u2013 S6LU29Z1-GQS \u2014 Technical Details \u2014 \u00dcr\u00fcn Tipi: Elbise Cinsiyet: K\u0131z \u00c7ocuk Kal\u0131p: Standart &amp; Regular Kuma\u015f: Gabardin Astar Detay: Astars\u0131z Uzunluk: K\u0131sa \u00dcr\u00fcn Aksesuar\u0131: K\u00fclotlu \u00c7orap Malzeme: %100 [&hellip;]<\/p>\n","protected":false},"featured_media":103987,"comment_status":"open","ping_status":"closed","template":"","meta":[],"product_brand":[],"product_cat":[8718,8715,8694],"product_tag":[8437,6877],"class_list":{"0":"post-103991","1":"product","2":"type-product","3":"status-publish","4":"has-post-thumbnail","6":"product_cat-elbiseler-etekler","7":"product_cat-kiz-cocuklari-2-14-yas","8":"product_cat-cocuklar","9":"product_tag-kahve-elbise-2","10":"product_tag-yaz-elbisesi","11":"pa_brand-lcw-kids","12":"pa_color-acik-kahverengi","13":"pa_size-1-2-yas","14":"pa_size-2-3-yas","15":"pa_size-3-4-yas","16":"pa_size-4-5-yas","17":"pa_size-5-6-yas","18":"pa_size-6-7-yas","19":"pa_size-7-8-yas","21":"first","22":"instock","23":"sale","24":"shipping-taxable","25":"purchasable","26":"product-type-variable"},"_links":{"self":[{"href":"https:\/\/mod.wisdar.net\/tr\/wp-json\/wp\/v2\/product\/103991","targetHints":{"allow":["GET"]}}],"collection":[{"href":"https:\/\/mod.wisdar.net\/tr\/wp-json\/wp\/v2\/product"}],"about":[{"href":"https:\/\/mod.wisdar.net\/tr\/wp-json\/wp\/v2\/types\/product"}],"replies":[{"embeddable":true,"href":"https:\/\/mod.wisdar.net\/tr\/wp-json\/wp\/v2\/comments?post=103991"}],"wp:featuredmedia":[{"embeddable":true,"href":"https:\/\/mod.wisdar.net\/tr\/wp-json\/wp\/v2\/media\/103987"}],"wp:attachment":[{"href":"https:\/\/mod.wisdar.net\/tr\/wp-json\/wp\/v2\/media?parent=103991"}],"wp:term":[{"taxonomy":"product_brand","embeddable":true,"href":"https:\/\/mod.wisdar.net\/tr\/wp-json\/wp\/v2\/product_brand?post=103991"},{"taxonomy":"product_cat","embeddable":true,"href":"https:\/\/mod.wisdar.net\/tr\/wp-json\/wp\/v2\/product_cat?post=103991"},{"taxonomy":"product_tag","embeddable":true,"href":"https:\/\/mod.wisdar.net\/tr\/wp-json\/wp\/v2\/product_tag?post=103991"}],"curies":[{"name":"wp","href":"https:\/\/api.w.org\/{rel}","templated":true}]}}