{"id":104021,"date":"2026-02-16T05:10:00","date_gmt":"2026-02-16T05:10:00","guid":{"rendered":"https:\/\/modesthanim.com\/product\/ekru-baskili-kiz-bebek-hastane-cikis-seti\/"},"modified":"2026-02-25T19:13:49","modified_gmt":"2026-02-25T19:13:49","slug":"ekru-baskili-kiz-bebek-hastane-cikis-seti","status":"publish","type":"product","link":"https:\/\/mod.wisdar.net\/tr\/urun\/ekru-baskili-kiz-bebek-hastane-cikis-seti\/","title":{"rendered":"Ekru Bask\u0131l\u0131 K\u0131z Bebek Hastane \u00c7\u0131k\u0131\u015f Seti"},"content":{"rendered":"<p>LCW baby Ekru Bask\u0131l\u0131 K\u0131z Bebek Hastane \u00c7\u0131k\u0131\u015f Seti size \u00f6zel indirim, taksit ve kap\u0131da \u00f6deme avantajlar\u0131yla LCW&#8217;de! Hemen online al\u0131\u015fveri\u015f yap, \u00fcr\u00fcn kap\u0131na gelsin! \u2013 W5GS09Z1-LRA<\/p>\n<p>\u2014 Technical Details \u2014<br \/>\nMen\u015fei: Turk\u0131ye<br \/>\nSat\u0131c\u0131: LC Waikiki<br \/>\nMarka: LCW baby<br \/>\n\u00dcr\u00fcn Tipi: Hastane Seti<br \/>\nCinsiyet: K\u0131z Bebek<br \/>\nKal\u0131p: Dar &amp; Slim<br \/>\nKuma\u015f: Ribana<br \/>\nDesen: Bask\u0131l\u0131<br \/>\nYaka: Bisiklet Yaka<br \/>\nKal\u0131nl\u0131k: Orta Kal\u0131nl\u0131k<br \/>\nKol Boyu: Uzun Kollu<br \/>\nPatik \u00d6zelli\u011fi: Patikli<br \/>\n\u00dcr\u00fcn Aksesuar\u0131: Sa\u00e7 Band\u0131<br \/>\nMalzeme: %100 Pamuk<br \/>\nKoleksiyon: Yenido\u011fan<br \/>\nPar\u00e7a Say\u0131s\u0131: 3 Par\u00e7a<br \/>\nBel Fiti: Beli Lastikli<\/p>\n","protected":false},"excerpt":{"rendered":"<p>LCW baby Ekru Bask\u0131l\u0131 K\u0131z Bebek Hastane \u00c7\u0131k\u0131\u015f Seti size \u00f6zel indirim, taksit ve kap\u0131da \u00f6deme avantajlar\u0131yla LCW&#8217;de! Hemen online al\u0131\u015fveri\u015f yap, \u00fcr\u00fcn kap\u0131na gelsin! \u2013 W5GS09Z1-LRA \u2014 Technical Details \u2014 Men\u015fei: Turk\u0131ye Sat\u0131c\u0131: LC Waikiki Marka: LCW baby \u00dcr\u00fcn Tipi: Hastane Seti Cinsiyet: K\u0131z Bebek Kal\u0131p: Dar &amp; Slim Kuma\u015f: Ribana Desen: Bask\u0131l\u0131 Yaka: [&hellip;]<\/p>\n","protected":false},"featured_media":103999,"comment_status":"open","ping_status":"closed","template":"","meta":[],"product_brand":[],"product_cat":[8694,8697,8700],"product_tag":[4579],"class_list":{"0":"post-104021","1":"product","2":"type-product","3":"status-publish","4":"has-post-thumbnail","6":"product_cat-cocuklar","7":"product_cat-yenidogan-0-12-ay","8":"product_cat-yenidogan-giyim","9":"product_tag-100-cotton","10":"pa_brand-lcw-baby","11":"pa_color-ekru","12":"pa_size-0-1-ay","13":"pa_size-1-3-ay","14":"pa_size-3-6-ay","15":"pa_size-6-9-ay","17":"first","18":"outofstock","19":"shipping-taxable","20":"product-type-variable"},"_links":{"self":[{"href":"https:\/\/mod.wisdar.net\/tr\/wp-json\/wp\/v2\/product\/104021","targetHints":{"allow":["GET"]}}],"collection":[{"href":"https:\/\/mod.wisdar.net\/tr\/wp-json\/wp\/v2\/product"}],"about":[{"href":"https:\/\/mod.wisdar.net\/tr\/wp-json\/wp\/v2\/types\/product"}],"replies":[{"embeddable":true,"href":"https:\/\/mod.wisdar.net\/tr\/wp-json\/wp\/v2\/comments?post=104021"}],"wp:featuredmedia":[{"embeddable":true,"href":"https:\/\/mod.wisdar.net\/tr\/wp-json\/wp\/v2\/media\/103999"}],"wp:attachment":[{"href":"https:\/\/mod.wisdar.net\/tr\/wp-json\/wp\/v2\/media?parent=104021"}],"wp:term":[{"taxonomy":"product_brand","embeddable":true,"href":"https:\/\/mod.wisdar.net\/tr\/wp-json\/wp\/v2\/product_brand?post=104021"},{"taxonomy":"product_cat","embeddable":true,"href":"https:\/\/mod.wisdar.net\/tr\/wp-json\/wp\/v2\/product_cat?post=104021"},{"taxonomy":"product_tag","embeddable":true,"href":"https:\/\/mod.wisdar.net\/tr\/wp-json\/wp\/v2\/product_tag?post=104021"}],"curies":[{"name":"wp","href":"https:\/\/api.w.org\/{rel}","templated":true}]}}