{"id":104082,"date":"2026-02-16T05:10:24","date_gmt":"2026-02-16T05:10:24","guid":{"rendered":"https:\/\/modesthanim.com\/product\/ekru-bisiklet-yaka-cicekli-kiz-cocuk-bluz-ve-tayt-2li\/"},"modified":"2026-04-01T03:44:52","modified_gmt":"2026-04-01T03:44:52","slug":"ekru-bisiklet-yaka-cicekli-kiz-cocuk-bluz-ve-tayt-2li","status":"publish","type":"product","link":"https:\/\/mod.wisdar.net\/tr\/urun\/ekru-bisiklet-yaka-cicekli-kiz-cocuk-bluz-ve-tayt-2li\/","title":{"rendered":"Ekru Bisiklet Yaka \u00c7i\u00e7ekli K\u0131z \u00c7ocuk Bluz ve Tayt 2&#8217;li"},"content":{"rendered":"<p>LCW Kids Ekru Bisiklet Yaka \u00c7i\u00e7ekli K\u0131z \u00c7ocuk Bluz ve Tayt 2&#8217;li size \u00f6zel indirim, taksit ve kap\u0131da \u00f6deme avantajlar\u0131yla LCW&#8217;de! Hemen online al\u0131\u015fveri\u015f yap, \u00fcr\u00fcn kap\u0131na gelsin! \u2013 S55220Z1-LRA<\/p>\n<p>\u2014 Technical Details \u2014<br \/>\nMen\u015fei: Banglade\u015f,Turk\u0131ye<br \/>\nSat\u0131c\u0131: LC Waikiki<br \/>\nMarka: LCW Kids<br \/>\n\u00dcr\u00fcn Tipi: Tak\u0131m<br \/>\nCinsiyet: K\u0131z \u00c7ocuk<br \/>\nKal\u0131p: Standart &amp; Regular<br \/>\nKuma\u015f: Penye<br \/>\nBel Fiti: Beli Lastikli<br \/>\nDesen: Bask\u0131l\u0131<br \/>\nYaka: Bisiklet Yaka<br \/>\nKal\u0131nl\u0131k: Orta Kal\u0131nl\u0131k<br \/>\nKol Boyu: Uzun Kollu<br \/>\nUzunluk: Uzun<br \/>\nMalzeme: Y\u00fcksek Pamuk \u0130\u00e7erir<br \/>\nPar\u00e7a Say\u0131s\u0131: 2 Par\u00e7a<\/p>\n","protected":false},"excerpt":{"rendered":"<p>LCW Kids Ekru Bisiklet Yaka \u00c7i\u00e7ekli K\u0131z \u00c7ocuk Bluz ve Tayt 2&#8217;li size \u00f6zel indirim, taksit ve kap\u0131da \u00f6deme avantajlar\u0131yla LCW&#8217;de! Hemen online al\u0131\u015fveri\u015f yap, \u00fcr\u00fcn kap\u0131na gelsin! \u2013 S55220Z1-LRA \u2014 Technical Details \u2014 Men\u015fei: Banglade\u015f,Turk\u0131ye Sat\u0131c\u0131: LC Waikiki Marka: LCW Kids \u00dcr\u00fcn Tipi: Tak\u0131m Cinsiyet: K\u0131z \u00c7ocuk Kal\u0131p: Standart &amp; Regular Kuma\u015f: Penye Bel [&hellip;]<\/p>\n","protected":false},"featured_media":104072,"comment_status":"open","ping_status":"closed","template":"","meta":[],"product_brand":[],"product_cat":[8703,8721,8715,8694,8697],"product_tag":[8023],"class_list":{"0":"post-104082","1":"product","2":"type-product","3":"status-publish","4":"has-post-thumbnail","6":"product_cat-bebek-setleri","7":"product_cat-kiz-cocuk-takimlari","8":"product_cat-kiz-cocuklari-2-14-yas","9":"product_cat-cocuklar","10":"product_cat-yenidogan-0-12-ay","11":"product_tag-bisiklet-yaka","12":"pa_brand-lcw-kids","13":"pa_color-ekru","14":"pa_size-1-2-yas","15":"pa_size-2-3-yas","16":"pa_size-3-4-yas","17":"pa_size-4-5-yas","18":"pa_size-5-6-yas","19":"pa_size-6-7-yas","20":"pa_size-7-8-yas","21":"pa_size-9-12-ay","23":"first","24":"instock","25":"sale","26":"shipping-taxable","27":"purchasable","28":"product-type-variable"},"_links":{"self":[{"href":"https:\/\/mod.wisdar.net\/tr\/wp-json\/wp\/v2\/product\/104082","targetHints":{"allow":["GET"]}}],"collection":[{"href":"https:\/\/mod.wisdar.net\/tr\/wp-json\/wp\/v2\/product"}],"about":[{"href":"https:\/\/mod.wisdar.net\/tr\/wp-json\/wp\/v2\/types\/product"}],"replies":[{"embeddable":true,"href":"https:\/\/mod.wisdar.net\/tr\/wp-json\/wp\/v2\/comments?post=104082"}],"wp:featuredmedia":[{"embeddable":true,"href":"https:\/\/mod.wisdar.net\/tr\/wp-json\/wp\/v2\/media\/104072"}],"wp:attachment":[{"href":"https:\/\/mod.wisdar.net\/tr\/wp-json\/wp\/v2\/media?parent=104082"}],"wp:term":[{"taxonomy":"product_brand","embeddable":true,"href":"https:\/\/mod.wisdar.net\/tr\/wp-json\/wp\/v2\/product_brand?post=104082"},{"taxonomy":"product_cat","embeddable":true,"href":"https:\/\/mod.wisdar.net\/tr\/wp-json\/wp\/v2\/product_cat?post=104082"},{"taxonomy":"product_tag","embeddable":true,"href":"https:\/\/mod.wisdar.net\/tr\/wp-json\/wp\/v2\/product_tag?post=104082"}],"curies":[{"name":"wp","href":"https:\/\/api.w.org\/{rel}","templated":true}]}}