{"id":10412,"date":"2025-11-01T20:51:28","date_gmt":"2025-11-01T20:51:28","guid":{"rendered":"https:\/\/modesthanim.com\/product\/plisoley-etek-siyah\/"},"modified":"2026-04-03T15:43:38","modified_gmt":"2026-04-03T15:43:38","slug":"plisoley-etek-siyah","status":"publish","type":"product","link":"https:\/\/mod.wisdar.net\/tr\/urun\/plisoley-etek-siyah\/","title":{"rendered":"Plisoley Etek \u2013 Siyah"},"content":{"rendered":"<p>Zarif pliseleri ve \u015f\u0131k tasar\u0131m\u0131yla \u00f6ne \u00e7\u0131kan plisoley etek, her ad\u0131mda zarif bir hareket sunuyor. Ak\u0131\u015fkan yap\u0131s\u0131 ve rahat kesimiyle konforlu bir kullan\u0131m sa\u011flarken, modern ve sofistike bir g\u00f6r\u00fcn\u00fcm yarat\u0131yor.<\/p>\n<p>\u2014 Technical Details \u2014<br \/>\nDesen: D\u00fcz<br \/>\nBel Tipi: Normal Bel<br \/>\nEtek Tipi: Pliseli<br \/>\nCep: Cepsiz<br \/>\nAstar: Astarl\u0131<br \/>\n\u00dcr\u00fcn Boyu: 95 cm<br \/>\nKal\u0131p Tipi: Normal Kal\u0131p<br \/>\nMankenin Giydi\u011fi Beden: 38<br \/>\nManken \u00d6l\u00e7\u00fcleri: {&#8216;Boy&#8217;: &#8216;146 cm&#8217;, &#8216;G\u00f6\u011f\u00fcs&#8217;: &#8217;83 cm&#8217;, &#8216;Bel&#8217;: &#8217;57 cm&#8217;, &#8216;Basen&#8217;: &#8217;88 cm&#8217;}<\/p>\n","protected":false},"excerpt":{"rendered":"<p>Zarif pliseleri ve \u015f\u0131k tasar\u0131m\u0131yla \u00f6ne \u00e7\u0131kan plisoley etek, her ad\u0131mda zarif bir hareket sunuyor. Ak\u0131\u015fkan yap\u0131s\u0131 ve rahat kesimiyle konforlu bir kullan\u0131m sa\u011flarken, modern ve sofistike bir g\u00f6r\u00fcn\u00fcm yarat\u0131yor. \u2014 Technical Details \u2014 Desen: D\u00fcz Bel Tipi: Normal Bel Etek Tipi: Pliseli Cep: Cepsiz Astar: Astarl\u0131 \u00dcr\u00fcn Boyu: 95 cm Kal\u0131p Tipi: Normal Kal\u0131p [&hellip;]<\/p>\n","protected":false},"featured_media":0,"comment_status":"open","ping_status":"closed","template":"","meta":[],"product_brand":[],"product_cat":[1969],"product_tag":[5012,6747,6751,8107],"class_list":{"0":"post-10412","1":"product","2":"type-product","3":"status-publish","5":"product_cat-etekler","6":"product_tag-elegant","7":"product_tag-pile-detayli","8":"product_tag-rahat","9":"product_tag-sik","10":"pa_brand-tugba","11":"pa_color-siyah","12":"pa_size-4706","13":"pa_size-4711","14":"pa_size-4713","16":"first","17":"instock","18":"sale","19":"shipping-taxable","20":"purchasable","21":"product-type-variable"},"_links":{"self":[{"href":"https:\/\/mod.wisdar.net\/tr\/wp-json\/wp\/v2\/product\/10412","targetHints":{"allow":["GET"]}}],"collection":[{"href":"https:\/\/mod.wisdar.net\/tr\/wp-json\/wp\/v2\/product"}],"about":[{"href":"https:\/\/mod.wisdar.net\/tr\/wp-json\/wp\/v2\/types\/product"}],"replies":[{"embeddable":true,"href":"https:\/\/mod.wisdar.net\/tr\/wp-json\/wp\/v2\/comments?post=10412"}],"wp:attachment":[{"href":"https:\/\/mod.wisdar.net\/tr\/wp-json\/wp\/v2\/media?parent=10412"}],"wp:term":[{"taxonomy":"product_brand","embeddable":true,"href":"https:\/\/mod.wisdar.net\/tr\/wp-json\/wp\/v2\/product_brand?post=10412"},{"taxonomy":"product_cat","embeddable":true,"href":"https:\/\/mod.wisdar.net\/tr\/wp-json\/wp\/v2\/product_cat?post=10412"},{"taxonomy":"product_tag","embeddable":true,"href":"https:\/\/mod.wisdar.net\/tr\/wp-json\/wp\/v2\/product_tag?post=10412"}],"curies":[{"name":"wp","href":"https:\/\/api.w.org\/{rel}","templated":true}]}}