{"id":104295,"date":"2026-02-16T05:12:26","date_gmt":"2026-02-16T05:12:26","guid":{"rendered":"https:\/\/modesthanim.com\/product\/pembe-bebe-yaka-kiz-bebek-hirka-ve-tayt\/"},"modified":"2026-04-01T03:34:04","modified_gmt":"2026-04-01T03:34:04","slug":"pembe-bebe-yaka-kiz-bebek-hirka-ve-tayt","status":"publish","type":"product","link":"https:\/\/mod.wisdar.net\/tr\/urun\/pembe-bebe-yaka-kiz-bebek-hirka-ve-tayt\/","title":{"rendered":"Pembe Bebe Yaka K\u0131z Bebek H\u0131rka ve Tayt"},"content":{"rendered":"<p>LCW baby Pembe Bebe Yaka K\u0131z Bebek H\u0131rka ve Tayt size \u00f6zel indirim, taksit ve kap\u0131da \u00f6deme avantajlar\u0131yla LCW&#8217;de! Hemen online al\u0131\u015fveri\u015f yap, \u00fcr\u00fcn kap\u0131na gelsin! \u2013 W5FB81Z1-V7C<\/p>\n<p>\u2014 Technical Details \u2014<br \/>\nMen\u015fei: Turk\u0131ye<br \/>\nSat\u0131c\u0131: LC Waikiki<br \/>\nMarka: LCW baby<br \/>\n\u00dcr\u00fcn Tipi: Tak\u0131m<br \/>\nCinsiyet: K\u0131z Bebek<br \/>\nKal\u0131p: Standart &amp; Regular<br \/>\nKuma\u015f: Triko<br \/>\nBel Fiti: Beli Lastikli<br \/>\nDesen: Nak\u0131\u015fl\u0131<br \/>\nYaka: Bebe Yaka<br \/>\nPa\u00e7a Fiti: Dar Pa\u00e7a<br \/>\nKal\u0131nl\u0131k: Kal\u0131n<br \/>\nKol Boyu: Uzun Kollu<br \/>\nKoleksiyon: Yenido\u011fan<br \/>\nPar\u00e7a Say\u0131s\u0131: 2 Par\u00e7a<br \/>\nSiluet: F\u0131rf\u0131rl\u0131<\/p>\n","protected":false},"excerpt":{"rendered":"<p>LCW baby Pembe Bebe Yaka K\u0131z Bebek H\u0131rka ve Tayt size \u00f6zel indirim, taksit ve kap\u0131da \u00f6deme avantajlar\u0131yla LCW&#8217;de! Hemen online al\u0131\u015fveri\u015f yap, \u00fcr\u00fcn kap\u0131na gelsin! \u2013 W5FB81Z1-V7C \u2014 Technical Details \u2014 Men\u015fei: Turk\u0131ye Sat\u0131c\u0131: LC Waikiki Marka: LCW baby \u00dcr\u00fcn Tipi: Tak\u0131m Cinsiyet: K\u0131z Bebek Kal\u0131p: Standart &amp; Regular Kuma\u015f: Triko Bel Fiti: Beli [&hellip;]<\/p>\n","protected":false},"featured_media":104287,"comment_status":"open","ping_status":"closed","template":"","meta":[],"product_brand":[],"product_cat":[8703,8694,8697],"product_tag":[9015,4274,9000,9016,4275,8870,8937,9017],"class_list":{"0":"post-104295","1":"product","2":"type-product","3":"status-publish","4":"has-post-thumbnail","6":"product_cat-bebek-setleri","7":"product_cat-cocuklar","8":"product_cat-yenidogan-0-12-ay","9":"product_tag-baby-clothes","10":"product_tag-cardigan-set","11":"product_tag-embroidered-design","12":"product_tag-girls-wear","13":"product_tag-knitted-set","14":"product_tag-lcw-baby-collection","15":"product_tag-newborn-outfit","16":"product_tag-pink-baby-clothing","17":"pa_brand-lcw-baby","18":"pa_color-pembe","19":"pa_size-1-3-ay","20":"pa_size-12-18-ay","21":"pa_size-18-24-ay","22":"pa_size-2-3-yas","23":"pa_size-3-4-yas","24":"pa_size-3-6-ay","25":"pa_size-6-9-ay","26":"pa_size-9-12-ay","28":"first","29":"outofstock","30":"shipping-taxable","31":"product-type-variable"},"_links":{"self":[{"href":"https:\/\/mod.wisdar.net\/tr\/wp-json\/wp\/v2\/product\/104295","targetHints":{"allow":["GET"]}}],"collection":[{"href":"https:\/\/mod.wisdar.net\/tr\/wp-json\/wp\/v2\/product"}],"about":[{"href":"https:\/\/mod.wisdar.net\/tr\/wp-json\/wp\/v2\/types\/product"}],"replies":[{"embeddable":true,"href":"https:\/\/mod.wisdar.net\/tr\/wp-json\/wp\/v2\/comments?post=104295"}],"wp:featuredmedia":[{"embeddable":true,"href":"https:\/\/mod.wisdar.net\/tr\/wp-json\/wp\/v2\/media\/104287"}],"wp:attachment":[{"href":"https:\/\/mod.wisdar.net\/tr\/wp-json\/wp\/v2\/media?parent=104295"}],"wp:term":[{"taxonomy":"product_brand","embeddable":true,"href":"https:\/\/mod.wisdar.net\/tr\/wp-json\/wp\/v2\/product_brand?post=104295"},{"taxonomy":"product_cat","embeddable":true,"href":"https:\/\/mod.wisdar.net\/tr\/wp-json\/wp\/v2\/product_cat?post=104295"},{"taxonomy":"product_tag","embeddable":true,"href":"https:\/\/mod.wisdar.net\/tr\/wp-json\/wp\/v2\/product_tag?post=104295"}],"curies":[{"name":"wp","href":"https:\/\/api.w.org\/{rel}","templated":true}]}}