{"id":10461,"date":"2025-11-01T20:52:38","date_gmt":"2025-11-01T20:52:38","guid":{"rendered":"https:\/\/modesthanim.com\/product\/pileli-etek-mercan\/"},"modified":"2026-01-15T08:32:32","modified_gmt":"2026-01-15T08:32:32","slug":"pileli-etek-mercan","status":"publish","type":"product","link":"https:\/\/mod.wisdar.net\/tr\/urun\/pileli-etek-mercan\/","title":{"rendered":"Pileli Etek \u2013 Mercan"},"content":{"rendered":"<p>Pile detaylar\u0131 ete\u011fe hareket katarken v\u00fccut \u015feklini dengeleyerek \u015f\u0131k bir siluet olu\u015fturur. Hafif ve ak\u0131c\u0131 kuma\u015f\u0131, g\u00fcn boyu rahat bir kullan\u0131m sunar.<\/p>\n<p>\u2014 Teknik Detaylar \u2014<br \/>\nDesen: D\u00fcz<br \/>\nBel Tipi: Y\u00fcksek Bel<br \/>\nEtek Tipi: A \u015eeklinde<br \/>\nCep: Cepsiz<br \/>\nAstar: Astarl\u0131<br \/>\n\u00dcr\u00fcn Uzunlu\u011fu: 97 cm<br \/>\nKal\u0131p: Normal Kal\u0131p<br \/>\nModelin Giydi\u011fi Beden: 36<br \/>\nModel \u00d6l\u00e7\u00fcleri: {&#8216;Boy&#8217;: &#8216;176 cm&#8217;, &#8216;G\u00f6\u011f\u00fcs&#8217;: &#8217;82 cm&#8217;, &#8216;Bel&#8217;: &#8217;61 cm&#8217;, &#8216;Kal\u00e7a&#8217;: &#8217;88 cm&#8217;}<\/p>\n","protected":false},"excerpt":{"rendered":"<p>Pile detaylar\u0131 ete\u011fe hareket katarken v\u00fccut \u015feklini dengeleyerek \u015f\u0131k bir siluet olu\u015fturur. Hafif ve ak\u0131c\u0131 kuma\u015f\u0131, g\u00fcn boyu rahat bir kullan\u0131m sunar. \u2014 Teknik Detaylar \u2014 Desen: D\u00fcz Bel Tipi: Y\u00fcksek Bel Etek Tipi: A \u015eeklinde Cep: Cepsiz Astar: Astarl\u0131 \u00dcr\u00fcn Uzunlu\u011fu: 97 cm Kal\u0131p: Normal Kal\u0131p Modelin Giydi\u011fi Beden: 36 Model \u00d6l\u00e7\u00fcleri: {&#8216;Boy&#8217;: &#8216;176 [&hellip;]<\/p>\n","protected":false},"featured_media":10423,"comment_status":"open","ping_status":"closed","template":"","meta":[],"product_brand":[],"product_cat":[1969],"product_tag":[4847,5012,6751,7466],"class_list":{"0":"post-10461","1":"product","2":"type-product","3":"status-publish","4":"has-post-thumbnail","6":"product_cat-etekler","7":"product_tag-a-line","8":"product_tag-elegant","9":"product_tag-rahat","10":"product_tag-yuksek-bel","11":"pa_color-mercan","12":"pa_size-4701","13":"pa_size-4706","14":"pa_size-4711","15":"pa_size-4713","17":"first","18":"instock","19":"sale","20":"shipping-taxable","21":"purchasable","22":"product-type-variable"},"_links":{"self":[{"href":"https:\/\/mod.wisdar.net\/tr\/wp-json\/wp\/v2\/product\/10461","targetHints":{"allow":["GET"]}}],"collection":[{"href":"https:\/\/mod.wisdar.net\/tr\/wp-json\/wp\/v2\/product"}],"about":[{"href":"https:\/\/mod.wisdar.net\/tr\/wp-json\/wp\/v2\/types\/product"}],"replies":[{"embeddable":true,"href":"https:\/\/mod.wisdar.net\/tr\/wp-json\/wp\/v2\/comments?post=10461"}],"wp:featuredmedia":[{"embeddable":true,"href":"https:\/\/mod.wisdar.net\/tr\/wp-json\/wp\/v2\/media\/10423"}],"wp:attachment":[{"href":"https:\/\/mod.wisdar.net\/tr\/wp-json\/wp\/v2\/media?parent=10461"}],"wp:term":[{"taxonomy":"product_brand","embeddable":true,"href":"https:\/\/mod.wisdar.net\/tr\/wp-json\/wp\/v2\/product_brand?post=10461"},{"taxonomy":"product_cat","embeddable":true,"href":"https:\/\/mod.wisdar.net\/tr\/wp-json\/wp\/v2\/product_cat?post=10461"},{"taxonomy":"product_tag","embeddable":true,"href":"https:\/\/mod.wisdar.net\/tr\/wp-json\/wp\/v2\/product_tag?post=10461"}],"curies":[{"name":"wp","href":"https:\/\/api.w.org\/{rel}","templated":true}]}}