{"id":104627,"date":"2026-02-16T05:15:19","date_gmt":"2026-02-16T05:15:19","guid":{"rendered":"https:\/\/modesthanim.com\/product\/mavi-baskili-erkek-bebek-tulum-ve-mama-onlugu-2li\/"},"modified":"2026-04-01T03:11:45","modified_gmt":"2026-04-01T03:11:45","slug":"mavi-baskili-erkek-bebek-tulum-ve-mama-onlugu-2li","status":"publish","type":"product","link":"https:\/\/mod.wisdar.net\/tr\/urun\/mavi-baskili-erkek-bebek-tulum-ve-mama-onlugu-2li\/","title":{"rendered":"Mavi Bask\u0131l\u0131 Erkek Bebek Tulum ve Mama \u00d6nl\u00fc\u011f\u00fc 2&#8217;li"},"content":{"rendered":"<p>LCW baby Mavi Bask\u0131l\u0131 Erkek Bebek Tulum ve Mama \u00d6nl\u00fc\u011f\u00fc 2&#8217;li size \u00f6zel indirim, taksit ve kap\u0131da \u00f6deme avantajlar\u0131yla LCW&#8217;de! Hemen online al\u0131\u015fveri\u015f yap, \u00fcr\u00fcn kap\u0131na gelsin! \u2013 S5GF54Z1-LQP<\/p>\n<p>\u2014 Technical Details \u2014<br \/>\nMen\u015fei: Hindistan,Turk\u0131ye<br \/>\nSat\u0131c\u0131: LC Waikiki<br \/>\nMarka: LCW baby<br \/>\n\u00dcr\u00fcn Tipi: Tak\u0131m<br \/>\nCinsiyet: Erkek Bebek<br \/>\nKal\u0131p: Standart &amp; Regular<br \/>\nKuma\u015f: Krinkle<br \/>\nDesen: Bask\u0131l\u0131<br \/>\nYaka: Bisiklet Yaka<br \/>\nKal\u0131nl\u0131k: \u0130nce<br \/>\nKol Boyu: K\u0131sa Kollu<br \/>\nMalzeme: Y\u00fcksek Pamuk \u0130\u00e7erir<br \/>\nKoleksiyon: Yenido\u011fan<br \/>\nPar\u00e7a Say\u0131s\u0131: 2 Par\u00e7a<br \/>\n\u00dcr\u00fcn Aksesuar\u0131: Mama \u00d6nl\u00fc\u011f\u00fc<\/p>\n","protected":false},"excerpt":{"rendered":"<p>LCW baby Mavi Bask\u0131l\u0131 Erkek Bebek Tulum ve Mama \u00d6nl\u00fc\u011f\u00fc 2&#8217;li size \u00f6zel indirim, taksit ve kap\u0131da \u00f6deme avantajlar\u0131yla LCW&#8217;de! Hemen online al\u0131\u015fveri\u015f yap, \u00fcr\u00fcn kap\u0131na gelsin! \u2013 S5GF54Z1-LQP \u2014 Technical Details \u2014 Men\u015fei: Hindistan,Turk\u0131ye Sat\u0131c\u0131: LC Waikiki Marka: LCW baby \u00dcr\u00fcn Tipi: Tak\u0131m Cinsiyet: Erkek Bebek Kal\u0131p: Standart &amp; Regular Kuma\u015f: Krinkle Desen: Bask\u0131l\u0131 [&hellip;]<\/p>\n","protected":false},"featured_media":104622,"comment_status":"open","ping_status":"closed","template":"","meta":[],"product_brand":[],"product_cat":[8694,8706,8697],"product_tag":[8022,4905,7488],"class_list":{"0":"post-104627","1":"product","2":"type-product","3":"status-publish","4":"has-post-thumbnail","6":"product_cat-cocuklar","7":"product_cat-tulum","8":"product_cat-yenidogan-0-12-ay","9":"product_tag-baskili-2","10":"product_tag-blue","11":"product_tag-pamuk","12":"pa_brand-lcw-baby","13":"pa_color-mavi","14":"pa_size-0-1-ay","15":"pa_size-1-3-ay","16":"pa_size-3-6-ay","17":"pa_size-6-9-ay","19":"first","20":"instock","21":"sale","22":"shipping-taxable","23":"purchasable","24":"product-type-variable"},"_links":{"self":[{"href":"https:\/\/mod.wisdar.net\/tr\/wp-json\/wp\/v2\/product\/104627","targetHints":{"allow":["GET"]}}],"collection":[{"href":"https:\/\/mod.wisdar.net\/tr\/wp-json\/wp\/v2\/product"}],"about":[{"href":"https:\/\/mod.wisdar.net\/tr\/wp-json\/wp\/v2\/types\/product"}],"replies":[{"embeddable":true,"href":"https:\/\/mod.wisdar.net\/tr\/wp-json\/wp\/v2\/comments?post=104627"}],"wp:featuredmedia":[{"embeddable":true,"href":"https:\/\/mod.wisdar.net\/tr\/wp-json\/wp\/v2\/media\/104622"}],"wp:attachment":[{"href":"https:\/\/mod.wisdar.net\/tr\/wp-json\/wp\/v2\/media?parent=104627"}],"wp:term":[{"taxonomy":"product_brand","embeddable":true,"href":"https:\/\/mod.wisdar.net\/tr\/wp-json\/wp\/v2\/product_brand?post=104627"},{"taxonomy":"product_cat","embeddable":true,"href":"https:\/\/mod.wisdar.net\/tr\/wp-json\/wp\/v2\/product_cat?post=104627"},{"taxonomy":"product_tag","embeddable":true,"href":"https:\/\/mod.wisdar.net\/tr\/wp-json\/wp\/v2\/product_tag?post=104627"}],"curies":[{"name":"wp","href":"https:\/\/api.w.org\/{rel}","templated":true}]}}