{"id":104814,"date":"2026-02-16T05:17:09","date_gmt":"2026-02-16T05:17:09","guid":{"rendered":"https:\/\/modesthanim.com\/product\/indigo-erkek-bebek-jean-salopet-ve-tisort\/"},"modified":"2026-04-09T00:44:49","modified_gmt":"2026-04-09T00:44:49","slug":"indigo-erkek-bebek-jean-salopet-ve-tisort","status":"publish","type":"product","link":"https:\/\/mod.wisdar.net\/tr\/urun\/indigo-erkek-bebek-jean-salopet-ve-tisort\/","title":{"rendered":"\u0130ndigo Erkek Bebek Jean Salopet ve Ti\u015f\u00f6rt"},"content":{"rendered":"<p>LCW baby \u0130ndigo Erkek Bebek Jean Salopet ve Ti\u015f\u00f6rt size \u00f6zel indirim, taksit ve kap\u0131da \u00f6deme avantajlar\u0131yla LCW&#8217;de! Hemen online al\u0131\u015fveri\u015f yap, \u00fcr\u00fcn kap\u0131na gelsin! \u2013 S6BD05Z1-E46<\/p>\n<p>\u2014 Technical Details \u2014<br \/>\n\u00dcr\u00fcn Tipi: Tak\u0131m<br \/>\nCinsiyet: Erkek Bebek<br \/>\nKal\u0131p: Standart &amp; Regular<br \/>\nKuma\u015f: Denim<br \/>\nDesen: Bask\u0131l\u0131<br \/>\nYaka: Bisiklet Yaka<br \/>\nPa\u00e7a Fiti: D\u00fcz Pa\u00e7a<br \/>\nKal\u0131nl\u0131k: Orta Kal\u0131nl\u0131k<br \/>\nKol Boyu: Uzun Kollu<br \/>\nMalzeme: %100 Pamuk<br \/>\nKoleksiyon: Yenido\u011fan<br \/>\nPar\u00e7a Say\u0131s\u0131: 2 Par\u00e7a<\/p>\n","protected":false},"excerpt":{"rendered":"<p>LCW baby \u0130ndigo Erkek Bebek Jean Salopet ve Ti\u015f\u00f6rt size \u00f6zel indirim, taksit ve kap\u0131da \u00f6deme avantajlar\u0131yla LCW&#8217;de! Hemen online al\u0131\u015fveri\u015f yap, \u00fcr\u00fcn kap\u0131na gelsin! \u2013 S6BD05Z1-E46 \u2014 Technical Details \u2014 \u00dcr\u00fcn Tipi: Tak\u0131m Cinsiyet: Erkek Bebek Kal\u0131p: Standart &amp; Regular Kuma\u015f: Denim Desen: Bask\u0131l\u0131 Yaka: Bisiklet Yaka Pa\u00e7a Fiti: D\u00fcz Pa\u00e7a Kal\u0131nl\u0131k: Orta Kal\u0131nl\u0131k [&hellip;]<\/p>\n","protected":false},"featured_media":104805,"comment_status":"open","ping_status":"closed","template":"","meta":[],"product_brand":[],"product_cat":[8703,8745,8739,8694,8697],"product_tag":[4579,4560,8022,8110,7844,7914,8244,6768],"class_list":{"0":"post-104814","1":"product","2":"type-product","3":"status-publish","4":"has-post-thumbnail","6":"product_cat-bebek-setleri","7":"product_cat-erkek-cocuk-takimlari","8":"product_cat-erkek-cocuklar-2-14-yas","9":"product_cat-cocuklar","10":"product_cat-yenidogan-0-12-ay","11":"product_tag-100-cotton","12":"product_tag-2-pieces","13":"product_tag-baskili-2","14":"product_tag-bisiklet-yaka-2","15":"product_tag-denim","16":"product_tag-orta-kalinlik","17":"product_tag-standart-normal","18":"product_tag-uzun-kol","19":"pa_brand-lcw-baby","20":"pa_color-indigo","21":"pa_size-1-3-ay","22":"pa_size-12-18-ay","23":"pa_size-18-24-ay","24":"pa_size-2-3-yas","25":"pa_size-3-4-yas","26":"pa_size-3-6-ay","27":"pa_size-6-9-ay","28":"pa_size-9-12-ay","30":"first","31":"instock","32":"sale","33":"shipping-taxable","34":"purchasable","35":"product-type-variable"},"_links":{"self":[{"href":"https:\/\/mod.wisdar.net\/tr\/wp-json\/wp\/v2\/product\/104814","targetHints":{"allow":["GET"]}}],"collection":[{"href":"https:\/\/mod.wisdar.net\/tr\/wp-json\/wp\/v2\/product"}],"about":[{"href":"https:\/\/mod.wisdar.net\/tr\/wp-json\/wp\/v2\/types\/product"}],"replies":[{"embeddable":true,"href":"https:\/\/mod.wisdar.net\/tr\/wp-json\/wp\/v2\/comments?post=104814"}],"wp:featuredmedia":[{"embeddable":true,"href":"https:\/\/mod.wisdar.net\/tr\/wp-json\/wp\/v2\/media\/104805"}],"wp:attachment":[{"href":"https:\/\/mod.wisdar.net\/tr\/wp-json\/wp\/v2\/media?parent=104814"}],"wp:term":[{"taxonomy":"product_brand","embeddable":true,"href":"https:\/\/mod.wisdar.net\/tr\/wp-json\/wp\/v2\/product_brand?post=104814"},{"taxonomy":"product_cat","embeddable":true,"href":"https:\/\/mod.wisdar.net\/tr\/wp-json\/wp\/v2\/product_cat?post=104814"},{"taxonomy":"product_tag","embeddable":true,"href":"https:\/\/mod.wisdar.net\/tr\/wp-json\/wp\/v2\/product_tag?post=104814"}],"curies":[{"name":"wp","href":"https:\/\/api.w.org\/{rel}","templated":true}]}}